{"id":83388,"date":"2025-01-13T02:38:53","date_gmt":"2025-01-13T02:38:53","guid":{"rendered":"http:\/\/humanitasnet-new.local\/prva-poseta\/"},"modified":"2025-01-13T02:39:01","modified_gmt":"2025-01-13T02:39:01","slug":"prva-poseta","status":"publish","type":"page","link":"https:\/\/humanitas-net.humweb.webiz.team\/sr\/prva-poseta\/","title":{"rendered":"Prva poseta"},"content":{"rendered":"<p>Cilj prve posete je dijagnostikovanje moguc\u0301ih bolesti usta koje poga\u0111aju zube i sluzoko\u017eu, te izrada op\u0161teg operativnog plana za o\u010duvanje zuba i rehabilitaciju zubnih (bezuvetnih) podru\u010dja. Zaista korisno sredstvo za dijagnozu je panoramska tomografija (ortopantomografija gornjih i donjih zuba): za vreme operacija \u010desto je podr\u017eana TAC (zubna) ili kranicna latero-lateralna za ortodontske slu\u010dajeve. Jedini faktor rizika za radiografije je trudnoc\u0301a. Tako\u0111e je najva\u017enije zamoliti medicinsko osoblje da ne koristi rukavice iz lateksa ako ste (ili mislite da mo\u017eda imate) alergiju na lateks. Mo\u017eete zatra\u017eiti drugu posetu ako treba da se preispita jedan ili neki ispit za prvu posetu.<\/p>\n<h2 id=\"sta-se-desava-tokom-prve-posete\">\u0160ta se de\u0161ava tokom prve posete?<\/h2>\n<p>Ova papirologija je popunjena kako bi se nastavila sa zubnom negom:<\/p>\n<ul>\n<li>Biografske informacije<\/li>\n<li>Nespecifi\u010dna klini\u010dka istorija<\/li>\n<li>Stomatolo\u0161ki status prema poseti<\/li>\n<li>Medicinski zapis<\/li>\n<li>Informisani pristanak<\/li>\n<\/ul>\n","protected":false},"excerpt":{"rendered":"<p>Cilj prve posete je dijagnostikovanje moguc\u0301ih bolesti usta koje poga\u0111aju zube i sluzoko\u017eu, te izrada op\u0161teg operativnog plana za o\u010duvanje zuba i rehabilitaciju zubnih (bezuvetnih) podru\u010dja. Zaista korisno sredstvo za dijagnozu je panoramska tomografija (ortopantomografija gornjih i donjih zuba): za vreme operacija \u010desto je podr\u017eana TAC (zubna) ili kranicna latero-lateralna za ortodontske slu\u010dajeve. Jedini faktor [&hellip;]<\/p>\n","protected":false},"author":1,"featured_media":0,"parent":0,"menu_order":0,"comment_status":"open","ping_status":"open","template":"","meta":{"_acf_changed":false,"footnotes":""},"class_list":["post-83388","page","type-page","status-publish","hentry"],"yoast_head":"<!-- This site is optimized with the Yoast SEO plugin v24.3 - https:\/\/yoast.com\/wordpress\/plugins\/seo\/ -->\n<title>Prva poseta - Humanitas.net<\/title>\n<meta name=\"robots\" content=\"noindex, follow, max-snippet:-1, max-image-preview:large, max-video-preview:-1\" \/>\n<meta property=\"og:locale\" content=\"sr_RS\" \/>\n<meta property=\"og:type\" content=\"article\" \/>\n<meta property=\"og:title\" content=\"Prva poseta - Humanitas.net\" \/>\n<meta property=\"og:description\" content=\"Cilj prve posete je dijagnostikovanje moguc\u0301ih bolesti usta koje poga\u0111aju zube i sluzoko\u017eu, te izrada op\u0161teg operativnog plana za o\u010duvanje zuba i rehabilitaciju zubnih (bezuvetnih) podru\u010dja. Zaista korisno sredstvo za dijagnozu je panoramska tomografija (ortopantomografija gornjih i donjih zuba): za vreme operacija \u010desto je podr\u017eana TAC (zubna) ili kranicna latero-lateralna za ortodontske slu\u010dajeve. Jedini faktor [&hellip;]\" \/>\n<meta property=\"og:url\" content=\"https:\/\/humanitas-net.humweb.webiz.team\/first-visit\/\" \/>\n<meta property=\"og:site_name\" content=\"Humanitas.net\" \/>\n<meta property=\"article:publisher\" content=\"https:\/\/www.facebook.com\/HumanitasInternational\/\" \/>\n<meta property=\"article:modified_time\" content=\"2025-01-13T02:39:01+00:00\" \/>\n<meta name=\"twitter:card\" content=\"summary_large_image\" \/>\n<meta name=\"twitter:site\" content=\"@humanitasmilano\" \/>\n<meta name=\"twitter:label1\" content=\"Est. reading time\" \/>\n\t<meta name=\"twitter:data1\" content=\"1 minute\" \/>\n<script type=\"application\/ld+json\" class=\"yoast-schema-graph\">{\"@context\":\"https:\/\/schema.org\",\"@graph\":[{\"@type\":\"WebPage\",\"@id\":\"https:\/\/humanitas-net.humweb.webiz.team\/first-visit\/\",\"url\":\"https:\/\/humanitas-net.humweb.webiz.team\/first-visit\/\",\"name\":\"Prva poseta - Humanitas.net\",\"isPartOf\":{\"@id\":\"https:\/\/humanitas-net.humweb.webiz.team\/#website\"},\"datePublished\":\"2025-01-13T02:38:53+00:00\",\"dateModified\":\"2025-01-13T02:39:01+00:00\",\"breadcrumb\":{\"@id\":\"https:\/\/humanitas-net.humweb.webiz.team\/first-visit\/#breadcrumb\"},\"inLanguage\":\"sr-RS\",\"potentialAction\":[{\"@type\":\"ReadAction\",\"target\":[\"https:\/\/humanitas-net.humweb.webiz.team\/first-visit\/\"]}]},{\"@type\":\"BreadcrumbList\",\"@id\":\"https:\/\/humanitas-net.humweb.webiz.team\/first-visit\/#breadcrumb\",\"itemListElement\":[{\"@type\":\"ListItem\",\"position\":1,\"name\":\"Home\",\"item\":\"https:\/\/humanitas-net.humweb.webiz.team\/sr\/\"},{\"@type\":\"ListItem\",\"position\":2,\"name\":\"Prva poseta\"}]},{\"@type\":\"WebSite\",\"@id\":\"https:\/\/humanitas-net.humweb.webiz.team\/#website\",\"url\":\"https:\/\/humanitas-net.humweb.webiz.team\/\",\"name\":\"Humanitas.net\",\"description\":\"Humanitas Hospital\",\"publisher\":{\"@id\":\"https:\/\/humanitas-net.humweb.webiz.team\/#organization\"},\"potentialAction\":[{\"@type\":\"SearchAction\",\"target\":{\"@type\":\"EntryPoint\",\"urlTemplate\":\"https:\/\/humanitas-net.humweb.webiz.team\/?s={search_term_string}\"},\"query-input\":{\"@type\":\"PropertyValueSpecification\",\"valueRequired\":true,\"valueName\":\"search_term_string\"}}],\"inLanguage\":\"sr-RS\"},{\"@type\":\"Organization\",\"@id\":\"https:\/\/humanitas-net.humweb.webiz.team\/#organization\",\"name\":\"Humanitas\",\"url\":\"https:\/\/humanitas-net.humweb.webiz.team\/\",\"logo\":{\"@type\":\"ImageObject\",\"inLanguage\":\"sr-RS\",\"@id\":\"https:\/\/humanitas-net.humweb.webiz.team\/#\/schema\/logo\/image\/\",\"url\":\"https:\/\/humanitas-net.humweb.webiz.team\/wp-content\/uploads\/2025\/01\/new-humanitas-logo-1.svg\",\"contentUrl\":\"https:\/\/humanitas-net.humweb.webiz.team\/wp-content\/uploads\/2025\/01\/new-humanitas-logo-1.svg\",\"width\":1,\"height\":1,\"caption\":\"Humanitas\"},\"image\":{\"@id\":\"https:\/\/humanitas-net.humweb.webiz.team\/#\/schema\/logo\/image\/\"},\"sameAs\":[\"https:\/\/www.facebook.com\/HumanitasInternational\/\",\"https:\/\/x.com\/humanitasmilano\"]}]}<\/script>\n<!-- \/ Yoast SEO plugin. -->","yoast_head_json":{"title":"Prva poseta - Humanitas.net","robots":{"index":"noindex","follow":"follow","max-snippet":"max-snippet:-1","max-image-preview":"max-image-preview:large","max-video-preview":"max-video-preview:-1"},"og_locale":"sr_RS","og_type":"article","og_title":"Prva poseta - Humanitas.net","og_description":"Cilj prve posete je dijagnostikovanje moguc\u0301ih bolesti usta koje poga\u0111aju zube i sluzoko\u017eu, te izrada op\u0161teg operativnog plana za o\u010duvanje zuba i rehabilitaciju zubnih (bezuvetnih) podru\u010dja. Zaista korisno sredstvo za dijagnozu je panoramska tomografija (ortopantomografija gornjih i donjih zuba): za vreme operacija \u010desto je podr\u017eana TAC (zubna) ili kranicna latero-lateralna za ortodontske slu\u010dajeve. Jedini faktor [&hellip;]","og_url":"https:\/\/humanitas-net.humweb.webiz.team\/first-visit\/","og_site_name":"Humanitas.net","article_publisher":"https:\/\/www.facebook.com\/HumanitasInternational\/","article_modified_time":"2025-01-13T02:39:01+00:00","twitter_card":"summary_large_image","twitter_site":"@humanitasmilano","twitter_misc":{"Est. reading time":"1 minute"},"schema":{"@context":"https:\/\/schema.org","@graph":[{"@type":"WebPage","@id":"https:\/\/humanitas-net.humweb.webiz.team\/first-visit\/","url":"https:\/\/humanitas-net.humweb.webiz.team\/first-visit\/","name":"Prva poseta - Humanitas.net","isPartOf":{"@id":"https:\/\/humanitas-net.humweb.webiz.team\/#website"},"datePublished":"2025-01-13T02:38:53+00:00","dateModified":"2025-01-13T02:39:01+00:00","breadcrumb":{"@id":"https:\/\/humanitas-net.humweb.webiz.team\/first-visit\/#breadcrumb"},"inLanguage":"sr-RS","potentialAction":[{"@type":"ReadAction","target":["https:\/\/humanitas-net.humweb.webiz.team\/first-visit\/"]}]},{"@type":"BreadcrumbList","@id":"https:\/\/humanitas-net.humweb.webiz.team\/first-visit\/#breadcrumb","itemListElement":[{"@type":"ListItem","position":1,"name":"Home","item":"https:\/\/humanitas-net.humweb.webiz.team\/sr\/"},{"@type":"ListItem","position":2,"name":"Prva poseta"}]},{"@type":"WebSite","@id":"https:\/\/humanitas-net.humweb.webiz.team\/#website","url":"https:\/\/humanitas-net.humweb.webiz.team\/","name":"Humanitas.net","description":"Humanitas Hospital","publisher":{"@id":"https:\/\/humanitas-net.humweb.webiz.team\/#organization"},"potentialAction":[{"@type":"SearchAction","target":{"@type":"EntryPoint","urlTemplate":"https:\/\/humanitas-net.humweb.webiz.team\/?s={search_term_string}"},"query-input":{"@type":"PropertyValueSpecification","valueRequired":true,"valueName":"search_term_string"}}],"inLanguage":"sr-RS"},{"@type":"Organization","@id":"https:\/\/humanitas-net.humweb.webiz.team\/#organization","name":"Humanitas","url":"https:\/\/humanitas-net.humweb.webiz.team\/","logo":{"@type":"ImageObject","inLanguage":"sr-RS","@id":"https:\/\/humanitas-net.humweb.webiz.team\/#\/schema\/logo\/image\/","url":"https:\/\/humanitas-net.humweb.webiz.team\/wp-content\/uploads\/2025\/01\/new-humanitas-logo-1.svg","contentUrl":"https:\/\/humanitas-net.humweb.webiz.team\/wp-content\/uploads\/2025\/01\/new-humanitas-logo-1.svg","width":1,"height":1,"caption":"Humanitas"},"image":{"@id":"https:\/\/humanitas-net.humweb.webiz.team\/#\/schema\/logo\/image\/"},"sameAs":["https:\/\/www.facebook.com\/HumanitasInternational\/","https:\/\/x.com\/humanitasmilano"]}]}},"acf":[],"_links":{"self":[{"href":"https:\/\/humanitas-net.humweb.webiz.team\/sr\/wp-json\/wp\/v2\/pages\/83388","targetHints":{"allow":["GET"]}}],"collection":[{"href":"https:\/\/humanitas-net.humweb.webiz.team\/sr\/wp-json\/wp\/v2\/pages"}],"about":[{"href":"https:\/\/humanitas-net.humweb.webiz.team\/sr\/wp-json\/wp\/v2\/types\/page"}],"author":[{"embeddable":true,"href":"https:\/\/humanitas-net.humweb.webiz.team\/sr\/wp-json\/wp\/v2\/users\/1"}],"replies":[{"embeddable":true,"href":"https:\/\/humanitas-net.humweb.webiz.team\/sr\/wp-json\/wp\/v2\/comments?post=83388"}],"version-history":[{"count":1,"href":"https:\/\/humanitas-net.humweb.webiz.team\/sr\/wp-json\/wp\/v2\/pages\/83388\/revisions"}],"predecessor-version":[{"id":83389,"href":"https:\/\/humanitas-net.humweb.webiz.team\/sr\/wp-json\/wp\/v2\/pages\/83388\/revisions\/83389"}],"wp:attachment":[{"href":"https:\/\/humanitas-net.humweb.webiz.team\/sr\/wp-json\/wp\/v2\/media?parent=83388"}],"curies":[{"name":"wp","href":"https:\/\/api.w.org\/{rel}","templated":true}]}}