{"id":83325,"date":"2025-01-13T02:38:40","date_gmt":"2025-01-13T02:38:40","guid":{"rendered":"http:\/\/humanitasnet-new.local\/klinicko-bolnicki-centar\/"},"modified":"2025-01-13T02:38:41","modified_gmt":"2025-01-13T02:38:41","slug":"klinicko-bolnicki-centar","status":"publish","type":"page","link":"https:\/\/humanitas-net.humweb.webiz.team\/sr\/klinicko-bolnicki-centar\/","title":{"rendered":"Klini\u010dko-bolni\u010dki centar"},"content":{"rendered":"<h2 id=\"\"><\/h2>\n<h2 id=\"humanitas-predstavlja-visoko-specijalizovanu-akademsku-instituciju-i-naucno-istrazivacki-centar\">Humanitas predstavlja\u00a0 visoko specijalizovanu akademsku instituciju i nau\u010dno istra\u017eiva\u010dki centar.<\/h2>\n<p>Akreditovana je od strane Nacionalne zdravstvene slu\u017ebe, te Humanitas predstavlja \u00a0centar za le\u010denje karcinoma, kardiovaskularnih oboljenja, neurolo\u0161kih i ortopedskih poreme\u0107aja, a predstavlja i Oftalmolo\u0161ki centar kao i Centar za le\u010denje infertiliteta.<\/p>\n<p>Bolnica tako\u0111e poseduje Urgentni kao i Radiolo\u0161ki centar.<\/p>\n<p>Italijansko ministarstvo zdravlja dodelilo je Humanitas-u status \u2018\u2019Istra\u017eiva\u010dkog centra\u2019\u2019 (IRCCS) sa glavnim osvrtom na oboljenja imunolo\u0161kog sistema koja naj\u010de\u0161\u0107e mogu varirati od karcinoma do reumatoidnog artritisa.<\/p>\n<p>Humanitas predstavlja jednu od tehnolo\u0161ki najmodernijih bolnica u Evropi za le\u010denje karcinoma. Klini\u010dko-bolni\u0107ki centar opremljen je sa:<\/p>\n<p>Primenom najnovije generacije linearnih akceleratora koji se primenjuju u le\u010denju karcinoma.<\/p>\n<p>Visoko diferencirane roboti\u010dke sisteme u cilju primene minimalno invazivnih hirur\u0161kih procedura.<\/p>\n<p>Poslednju generaciju lasera sa primenom u oftalmologiji<\/p>\n<p>Sisteme (kao \u0161to su DoseWatch) koji automatski prikupljaju i analiziraju ozra\u010denost pacijenta i ekspoziciju jodu<\/p>\n<p>Imid\u017eing tehnologije kao \u0161to su CAT sken sa primenom u Neurohirurgiji<\/p>\n<p>&nbsp;<\/p>\n<p>Osnovna vizija Humanitas-a jeste neophodnost jedinstvene organizacije u cilju postizanja maksimalne efikasnosti i klini\u010dkog kvaliteta. Iz tog razloga, Humanitas predstavlja prete\u010du op\u0161te bolnice kako na podru\u010dju Italije, tako i u Evropi, te je sertifikovana na polju pru\u017eenog kvaliteta usluga od strane Internacionalne zajedni\u010dke komisije\u00a0 (2002, 2006, 2009, 2012 i 2015).<\/p>\n<p>Prema istra\u017eivanju Harvardskog Univerziteta, koji predstavlja jednu od \u010detiri najinovativnije zdravstvene ustanove \u0161irom sveta, Humanitas je obuhva\u0107en u studiji slu\u010daja na Harvardskom poslovnom fakultetu, u kojoj se kombinuje ekonomski, razvojni i socijalni aspekt.<\/p>\n<p>Klini\u010dko-bolni\u010dki centar promovi\u0161e zdravstvenu negu, ranu detekciju i prevenciju oboljenja (primarna i sekundarna prevencija) putem vanbolni\u010dkih kao i naprednih i inovativnih usluga.<\/p>\n<p>Humanitas nastoji da kontinuirano promovi\u0161e zdrav na\u010din \u017eivota putem redovne fizi\u010dke aktivnosti kao i svakodnevnog na\u010dina \u017eivota.<\/p>\n<p>Humanitas aktivno u\u010destvuje u mnogobrojnim medicinskim kampanjama koje promovi\u0161u neophodnost zdravog na\u010dina \u017eivota.<\/p>\n<p>Istra\u017eiva\u010dki centar Humanitas-s predstavlja jednu od baza grupe nau\u010dnih institucija u Bergamu, Turin-u, Kataniji, Kastelanci (Vareze) i Milanu.<\/p>\n","protected":false},"excerpt":{"rendered":"<p>Humanitas predstavlja\u00a0 visoko specijalizovanu akademsku instituciju i nau\u010dno istra\u017eiva\u010dki centar. Akreditovana je od strane Nacionalne zdravstvene slu\u017ebe, te Humanitas predstavlja \u00a0centar za le\u010denje karcinoma, kardiovaskularnih oboljenja, neurolo\u0161kih i ortopedskih poreme\u0107aja, a predstavlja i Oftalmolo\u0161ki centar kao i Centar za le\u010denje infertiliteta. Bolnica tako\u0111e poseduje Urgentni kao i Radiolo\u0161ki centar. Italijansko ministarstvo zdravlja dodelilo je Humanitas-u [&hellip;]<\/p>\n","protected":false},"author":1,"featured_media":0,"parent":0,"menu_order":0,"comment_status":"open","ping_status":"open","template":"","meta":{"_acf_changed":false,"footnotes":""},"class_list":["post-83325","page","type-page","status-publish","hentry"],"yoast_head":"<!-- This site is optimized with the Yoast SEO plugin v24.3 - https:\/\/yoast.com\/wordpress\/plugins\/seo\/ -->\n<title>Klini\u010dko-bolni\u010dki centar - Humanitas.net<\/title>\n<meta name=\"robots\" content=\"noindex, follow, max-snippet:-1, max-image-preview:large, max-video-preview:-1\" \/>\n<meta property=\"og:locale\" content=\"sr_RS\" \/>\n<meta property=\"og:type\" content=\"article\" \/>\n<meta property=\"og:title\" content=\"Klini\u010dko-bolni\u010dki centar - Humanitas.net\" \/>\n<meta property=\"og:description\" content=\"Humanitas predstavlja\u00a0 visoko specijalizovanu akademsku instituciju i nau\u010dno istra\u017eiva\u010dki centar. Akreditovana je od strane Nacionalne zdravstvene slu\u017ebe, te Humanitas predstavlja \u00a0centar za le\u010denje karcinoma, kardiovaskularnih oboljenja, neurolo\u0161kih i ortopedskih poreme\u0107aja, a predstavlja i Oftalmolo\u0161ki centar kao i Centar za le\u010denje infertiliteta. Bolnica tako\u0111e poseduje Urgentni kao i Radiolo\u0161ki centar. Italijansko ministarstvo zdravlja dodelilo je Humanitas-u [&hellip;]\" \/>\n<meta property=\"og:url\" content=\"https:\/\/humanitas-net.humweb.webiz.team\/sr\/klinicko-bolnicki-centar\/\" \/>\n<meta property=\"og:site_name\" content=\"Humanitas.net\" \/>\n<meta property=\"article:publisher\" content=\"https:\/\/www.facebook.com\/HumanitasInternational\/\" \/>\n<meta property=\"article:modified_time\" content=\"2025-01-13T02:38:41+00:00\" \/>\n<meta name=\"twitter:card\" content=\"summary_large_image\" \/>\n<meta name=\"twitter:site\" content=\"@humanitasmilano\" \/>\n<meta name=\"twitter:label1\" content=\"Est. reading time\" \/>\n\t<meta name=\"twitter:data1\" content=\"2 minutes\" \/>\n<script type=\"application\/ld+json\" class=\"yoast-schema-graph\">{\"@context\":\"https:\/\/schema.org\",\"@graph\":[{\"@type\":\"WebPage\",\"@id\":\"https:\/\/humanitas-net.humweb.webiz.team\/sr\/klinicko-bolnicki-centar\/\",\"url\":\"https:\/\/humanitas-net.humweb.webiz.team\/sr\/klinicko-bolnicki-centar\/\",\"name\":\"Klini\u010dko-bolni\u010dki centar - Humanitas.net\",\"isPartOf\":{\"@id\":\"https:\/\/humanitas-net.humweb.webiz.team\/#website\"},\"datePublished\":\"2025-01-13T02:38:40+00:00\",\"dateModified\":\"2025-01-13T02:38:41+00:00\",\"breadcrumb\":{\"@id\":\"https:\/\/humanitas-net.humweb.webiz.team\/sr\/klinicko-bolnicki-centar\/#breadcrumb\"},\"inLanguage\":\"sr-RS\",\"potentialAction\":[{\"@type\":\"ReadAction\",\"target\":[\"https:\/\/humanitas-net.humweb.webiz.team\/sr\/klinicko-bolnicki-centar\/\"]}]},{\"@type\":\"BreadcrumbList\",\"@id\":\"https:\/\/humanitas-net.humweb.webiz.team\/sr\/klinicko-bolnicki-centar\/#breadcrumb\",\"itemListElement\":[{\"@type\":\"ListItem\",\"position\":1,\"name\":\"Home\",\"item\":\"https:\/\/humanitas-net.humweb.webiz.team\/sr\/\"},{\"@type\":\"ListItem\",\"position\":2,\"name\":\"Klini\u010dko-bolni\u010dki centar\"}]},{\"@type\":\"WebSite\",\"@id\":\"https:\/\/humanitas-net.humweb.webiz.team\/#website\",\"url\":\"https:\/\/humanitas-net.humweb.webiz.team\/\",\"name\":\"Humanitas.net\",\"description\":\"Humanitas Hospital\",\"publisher\":{\"@id\":\"https:\/\/humanitas-net.humweb.webiz.team\/#organization\"},\"potentialAction\":[{\"@type\":\"SearchAction\",\"target\":{\"@type\":\"EntryPoint\",\"urlTemplate\":\"https:\/\/humanitas-net.humweb.webiz.team\/?s={search_term_string}\"},\"query-input\":{\"@type\":\"PropertyValueSpecification\",\"valueRequired\":true,\"valueName\":\"search_term_string\"}}],\"inLanguage\":\"sr-RS\"},{\"@type\":\"Organization\",\"@id\":\"https:\/\/humanitas-net.humweb.webiz.team\/#organization\",\"name\":\"Humanitas\",\"url\":\"https:\/\/humanitas-net.humweb.webiz.team\/\",\"logo\":{\"@type\":\"ImageObject\",\"inLanguage\":\"sr-RS\",\"@id\":\"https:\/\/humanitas-net.humweb.webiz.team\/#\/schema\/logo\/image\/\",\"url\":\"https:\/\/humanitas-net.humweb.webiz.team\/wp-content\/uploads\/2025\/01\/new-humanitas-logo-1.svg\",\"contentUrl\":\"https:\/\/humanitas-net.humweb.webiz.team\/wp-content\/uploads\/2025\/01\/new-humanitas-logo-1.svg\",\"width\":1,\"height\":1,\"caption\":\"Humanitas\"},\"image\":{\"@id\":\"https:\/\/humanitas-net.humweb.webiz.team\/#\/schema\/logo\/image\/\"},\"sameAs\":[\"https:\/\/www.facebook.com\/HumanitasInternational\/\",\"https:\/\/x.com\/humanitasmilano\"]}]}<\/script>\n<!-- \/ Yoast SEO plugin. -->","yoast_head_json":{"title":"Klini\u010dko-bolni\u010dki centar - Humanitas.net","robots":{"index":"noindex","follow":"follow","max-snippet":"max-snippet:-1","max-image-preview":"max-image-preview:large","max-video-preview":"max-video-preview:-1"},"og_locale":"sr_RS","og_type":"article","og_title":"Klini\u010dko-bolni\u010dki centar - Humanitas.net","og_description":"Humanitas predstavlja\u00a0 visoko specijalizovanu akademsku instituciju i nau\u010dno istra\u017eiva\u010dki centar. Akreditovana je od strane Nacionalne zdravstvene slu\u017ebe, te Humanitas predstavlja \u00a0centar za le\u010denje karcinoma, kardiovaskularnih oboljenja, neurolo\u0161kih i ortopedskih poreme\u0107aja, a predstavlja i Oftalmolo\u0161ki centar kao i Centar za le\u010denje infertiliteta. Bolnica tako\u0111e poseduje Urgentni kao i Radiolo\u0161ki centar. Italijansko ministarstvo zdravlja dodelilo je Humanitas-u [&hellip;]","og_url":"https:\/\/humanitas-net.humweb.webiz.team\/sr\/klinicko-bolnicki-centar\/","og_site_name":"Humanitas.net","article_publisher":"https:\/\/www.facebook.com\/HumanitasInternational\/","article_modified_time":"2025-01-13T02:38:41+00:00","twitter_card":"summary_large_image","twitter_site":"@humanitasmilano","twitter_misc":{"Est. reading time":"2 minutes"},"schema":{"@context":"https:\/\/schema.org","@graph":[{"@type":"WebPage","@id":"https:\/\/humanitas-net.humweb.webiz.team\/sr\/klinicko-bolnicki-centar\/","url":"https:\/\/humanitas-net.humweb.webiz.team\/sr\/klinicko-bolnicki-centar\/","name":"Klini\u010dko-bolni\u010dki centar - Humanitas.net","isPartOf":{"@id":"https:\/\/humanitas-net.humweb.webiz.team\/#website"},"datePublished":"2025-01-13T02:38:40+00:00","dateModified":"2025-01-13T02:38:41+00:00","breadcrumb":{"@id":"https:\/\/humanitas-net.humweb.webiz.team\/sr\/klinicko-bolnicki-centar\/#breadcrumb"},"inLanguage":"sr-RS","potentialAction":[{"@type":"ReadAction","target":["https:\/\/humanitas-net.humweb.webiz.team\/sr\/klinicko-bolnicki-centar\/"]}]},{"@type":"BreadcrumbList","@id":"https:\/\/humanitas-net.humweb.webiz.team\/sr\/klinicko-bolnicki-centar\/#breadcrumb","itemListElement":[{"@type":"ListItem","position":1,"name":"Home","item":"https:\/\/humanitas-net.humweb.webiz.team\/sr\/"},{"@type":"ListItem","position":2,"name":"Klini\u010dko-bolni\u010dki centar"}]},{"@type":"WebSite","@id":"https:\/\/humanitas-net.humweb.webiz.team\/#website","url":"https:\/\/humanitas-net.humweb.webiz.team\/","name":"Humanitas.net","description":"Humanitas Hospital","publisher":{"@id":"https:\/\/humanitas-net.humweb.webiz.team\/#organization"},"potentialAction":[{"@type":"SearchAction","target":{"@type":"EntryPoint","urlTemplate":"https:\/\/humanitas-net.humweb.webiz.team\/?s={search_term_string}"},"query-input":{"@type":"PropertyValueSpecification","valueRequired":true,"valueName":"search_term_string"}}],"inLanguage":"sr-RS"},{"@type":"Organization","@id":"https:\/\/humanitas-net.humweb.webiz.team\/#organization","name":"Humanitas","url":"https:\/\/humanitas-net.humweb.webiz.team\/","logo":{"@type":"ImageObject","inLanguage":"sr-RS","@id":"https:\/\/humanitas-net.humweb.webiz.team\/#\/schema\/logo\/image\/","url":"https:\/\/humanitas-net.humweb.webiz.team\/wp-content\/uploads\/2025\/01\/new-humanitas-logo-1.svg","contentUrl":"https:\/\/humanitas-net.humweb.webiz.team\/wp-content\/uploads\/2025\/01\/new-humanitas-logo-1.svg","width":1,"height":1,"caption":"Humanitas"},"image":{"@id":"https:\/\/humanitas-net.humweb.webiz.team\/#\/schema\/logo\/image\/"},"sameAs":["https:\/\/www.facebook.com\/HumanitasInternational\/","https:\/\/x.com\/humanitasmilano"]}]}},"acf":[],"_links":{"self":[{"href":"https:\/\/humanitas-net.humweb.webiz.team\/sr\/wp-json\/wp\/v2\/pages\/83325","targetHints":{"allow":["GET"]}}],"collection":[{"href":"https:\/\/humanitas-net.humweb.webiz.team\/sr\/wp-json\/wp\/v2\/pages"}],"about":[{"href":"https:\/\/humanitas-net.humweb.webiz.team\/sr\/wp-json\/wp\/v2\/types\/page"}],"author":[{"embeddable":true,"href":"https:\/\/humanitas-net.humweb.webiz.team\/sr\/wp-json\/wp\/v2\/users\/1"}],"replies":[{"embeddable":true,"href":"https:\/\/humanitas-net.humweb.webiz.team\/sr\/wp-json\/wp\/v2\/comments?post=83325"}],"version-history":[{"count":1,"href":"https:\/\/humanitas-net.humweb.webiz.team\/sr\/wp-json\/wp\/v2\/pages\/83325\/revisions"}],"predecessor-version":[{"id":83326,"href":"https:\/\/humanitas-net.humweb.webiz.team\/sr\/wp-json\/wp\/v2\/pages\/83325\/revisions\/83326"}],"wp:attachment":[{"href":"https:\/\/humanitas-net.humweb.webiz.team\/sr\/wp-json\/wp\/v2\/media?parent=83325"}],"curies":[{"name":"wp","href":"https:\/\/api.w.org\/{rel}","templated":true}]}}