{"id":83248,"date":"2025-01-13T02:38:14","date_gmt":"2025-01-13T02:38:14","guid":{"rendered":"http:\/\/humanitasnet-new.local\/zasto-humanitas\/"},"modified":"2025-01-13T02:38:19","modified_gmt":"2025-01-13T02:38:19","slug":"zasto-humanitas","status":"publish","type":"page","link":"https:\/\/humanitas-net.humweb.webiz.team\/sr\/o-nama\/zasto-humanitas\/","title":{"rendered":"Za\u0161to Humanitas?"},"content":{"rendered":"<p>Humanitas je visoko specijalizovana nastavna bolnica i istra\u017eiva\u010dki centar. Akreditovana od strane Svetske Zdravstvene Organizacije, Humanitas objedinjuje specijalizovane centre za le\u010denje raka, kardiovaskularnih bolesti, neurolo\u0161kih i ortopedskih oboljenja kao i Centar za Oftalmologiju i Centar za Plodnost. Bolnica je tako\u0111e opremljena Urgentnim centrom i centrom za radioterapiju.<\/p>\n<p>Italijansko Ministarstvo zdravlja dodelilo je Humanitasu status \u201cIstra\u017eiva\u010dke bolnice\u201d (IRCCS) sa glavnim fokusom na bolesti imunog sistema, po\u010dev od kancera pa sve do reumatoidnog artritisa.<\/p>\n<p>Humanitas se smatra jednom od tehnolo\u0161ki najnaprednijih bolnica u Evropi. Bolnica je opremljena slede\u0107im aparatima:<\/p>\n<ul>\n<li>Poslednja generacija linearnih akceleratora koji se koriste u radioterapiji prilikom le\u010denja raka<\/li>\n<li>Visoko razvijeni roboti\u010dki instrumenti koji se koriste kod manje invazivnih hirur\u0161kih zahvata<\/li>\n<li>Poslednja generacija lasera koji se koriste u Oftalmologiji<\/li>\n<li>Sistemi poput DoseWatch koji automatski prikupljaju i analiziraju izlo\u017eenost pacijenta zra\u010denju i radioaktivnom jodu<\/li>\n<li>Dijagnosti\u010dke tehnologije poput CAT skenera koji se koristi u Neurohirurgiji<\/li>\n<\/ul>\n<p>U Humanitasu veruju da je najbitnije objediniti organizacionu efikasnost i kvalitet klini\u010dkog le\u010denja. Upravo iz tog razloga, ova bolnica je prva u Italiji, i jedna od retkih u Evropi, koja je sertifikovana od strane Me\u0111unarodne Zdru\u017eene Komisije (2002, 2006, 2009, 2012 i 2015. godine). Smatrana od strane Harvard Univerziteta kao jedne od \u010detiri najinovativnije bolnice u svetu, Humanitas je kori\u0161\u0107en za studiju slu\u010daja Harvard Poslovne \u0161kole upravo zbog svog organizacionog modela koji objedinjuje finansijsku, razvojnu i socijalnu odgovornost.<\/p>\n<p>Bolnica promovi\u0161e zdravstvenu negu, rano otkrivanje i prevenciju bolesti (primarna i sekundarna prevencija) preko svojih ambulanti i unapre\u0111enim i inovativnim uslugama koje pru\u017ea. Ona podsti\u010de i ohrabruje pobedni\u010dku strategiju o\u010duvanja zdravlja uz stalno promovisanje redovne fizi\u010dke aktivnosti i zdravog na\u010dina \u017eivota. Humanitas je uvek imao aktivnu ulogu u brojnim kampanjama koje isti\u010du zna\u010daj zdravog na\u010dina \u017eivota.<\/p>\n<p>Humanitas Istra\u017eiva\u010dka Bolnica je tako\u0111e vode\u0107a u grupi koju \u010dine i bolnice Bergamu, Torinu, Kataniji, Kastelanci (Vareze) i Milanu.<\/p>\n","protected":false},"excerpt":{"rendered":"<p>Humanitas je visoko specijalizovana nastavna bolnica i istra\u017eiva\u010dki centar. Akreditovana od strane Svetske Zdravstvene Organizacije, Humanitas objedinjuje specijalizovane centre za le\u010denje raka, kardiovaskularnih bolesti, neurolo\u0161kih i ortopedskih oboljenja kao i Centar za Oftalmologiju i Centar za Plodnost. Bolnica je tako\u0111e opremljena Urgentnim centrom i centrom za radioterapiju. Italijansko Ministarstvo zdravlja dodelilo je Humanitasu status \u201cIstra\u017eiva\u010dke [&hellip;]<\/p>\n","protected":false},"author":1,"featured_media":83207,"parent":83232,"menu_order":0,"comment_status":"open","ping_status":"open","template":"","meta":{"_acf_changed":false,"footnotes":""},"class_list":["post-83248","page","type-page","status-publish","has-post-thumbnail","hentry"],"yoast_head":"<!-- This site is optimized with the Yoast SEO plugin v24.3 - https:\/\/yoast.com\/wordpress\/plugins\/seo\/ -->\n<title>Za\u0161to Humanitas? - Humanitas.net<\/title>\n<meta name=\"robots\" content=\"noindex, follow, max-snippet:-1, max-image-preview:large, max-video-preview:-1\" \/>\n<meta property=\"og:locale\" content=\"sr_RS\" \/>\n<meta property=\"og:type\" content=\"article\" \/>\n<meta property=\"og:title\" content=\"Za\u0161to Humanitas? - Humanitas.net\" \/>\n<meta property=\"og:description\" content=\"Humanitas je visoko specijalizovana nastavna bolnica i istra\u017eiva\u010dki centar. Akreditovana od strane Svetske Zdravstvene Organizacije, Humanitas objedinjuje specijalizovane centre za le\u010denje raka, kardiovaskularnih bolesti, neurolo\u0161kih i ortopedskih oboljenja kao i Centar za Oftalmologiju i Centar za Plodnost. Bolnica je tako\u0111e opremljena Urgentnim centrom i centrom za radioterapiju. Italijansko Ministarstvo zdravlja dodelilo je Humanitasu status \u201cIstra\u017eiva\u010dke [&hellip;]\" \/>\n<meta property=\"og:url\" content=\"https:\/\/humanitas-net.humweb.webiz.team\/why-humanitas\/\" \/>\n<meta property=\"og:site_name\" content=\"Humanitas.net\" \/>\n<meta property=\"article:publisher\" content=\"https:\/\/www.facebook.com\/HumanitasInternational\/\" \/>\n<meta property=\"article:modified_time\" content=\"2025-01-13T02:38:19+00:00\" \/>\n<meta property=\"og:image\" content=\"https:\/\/humanitas-net.humweb.webiz.team\/wp-content\/uploads\/2025\/01\/highlights-humanitas-scaled.jpg\" \/>\n\t<meta property=\"og:image:width\" content=\"1810\" \/>\n\t<meta property=\"og:image:height\" content=\"2560\" \/>\n\t<meta property=\"og:image:type\" content=\"image\/jpeg\" \/>\n<meta name=\"twitter:card\" content=\"summary_large_image\" \/>\n<meta name=\"twitter:site\" content=\"@humanitasmilano\" \/>\n<meta name=\"twitter:label1\" content=\"Est. reading time\" \/>\n\t<meta name=\"twitter:data1\" content=\"2 minutes\" \/>\n<script type=\"application\/ld+json\" class=\"yoast-schema-graph\">{\"@context\":\"https:\/\/schema.org\",\"@graph\":[{\"@type\":\"WebPage\",\"@id\":\"https:\/\/humanitas-net.humweb.webiz.team\/why-humanitas\/\",\"url\":\"https:\/\/humanitas-net.humweb.webiz.team\/why-humanitas\/\",\"name\":\"Za\u0161to Humanitas? - Humanitas.net\",\"isPartOf\":{\"@id\":\"https:\/\/humanitas-net.humweb.webiz.team\/#website\"},\"primaryImageOfPage\":{\"@id\":\"https:\/\/humanitas-net.humweb.webiz.team\/why-humanitas\/#primaryimage\"},\"image\":{\"@id\":\"https:\/\/humanitas-net.humweb.webiz.team\/why-humanitas\/#primaryimage\"},\"thumbnailUrl\":\"https:\/\/humanitas-net.humweb.webiz.team\/wp-content\/uploads\/2025\/01\/highlights-humanitas-scaled.jpg\",\"datePublished\":\"2025-01-13T02:38:14+00:00\",\"dateModified\":\"2025-01-13T02:38:19+00:00\",\"breadcrumb\":{\"@id\":\"https:\/\/humanitas-net.humweb.webiz.team\/why-humanitas\/#breadcrumb\"},\"inLanguage\":\"sr-RS\",\"potentialAction\":[{\"@type\":\"ReadAction\",\"target\":[\"https:\/\/humanitas-net.humweb.webiz.team\/why-humanitas\/\"]}]},{\"@type\":\"ImageObject\",\"inLanguage\":\"sr-RS\",\"@id\":\"https:\/\/humanitas-net.humweb.webiz.team\/why-humanitas\/#primaryimage\",\"url\":\"https:\/\/humanitas-net.humweb.webiz.team\/wp-content\/uploads\/2025\/01\/highlights-humanitas-scaled.jpg\",\"contentUrl\":\"https:\/\/humanitas-net.humweb.webiz.team\/wp-content\/uploads\/2025\/01\/highlights-humanitas-scaled.jpg\",\"width\":1810,\"height\":2560},{\"@type\":\"BreadcrumbList\",\"@id\":\"https:\/\/humanitas-net.humweb.webiz.team\/why-humanitas\/#breadcrumb\",\"itemListElement\":[{\"@type\":\"ListItem\",\"position\":1,\"name\":\"Home\",\"item\":\"https:\/\/humanitas-net.humweb.webiz.team\/sr\/\"},{\"@type\":\"ListItem\",\"position\":2,\"name\":\"Za\u0161to Humanitas?\"}]},{\"@type\":\"WebSite\",\"@id\":\"https:\/\/humanitas-net.humweb.webiz.team\/#website\",\"url\":\"https:\/\/humanitas-net.humweb.webiz.team\/\",\"name\":\"Humanitas.net\",\"description\":\"Humanitas Hospital\",\"publisher\":{\"@id\":\"https:\/\/humanitas-net.humweb.webiz.team\/#organization\"},\"potentialAction\":[{\"@type\":\"SearchAction\",\"target\":{\"@type\":\"EntryPoint\",\"urlTemplate\":\"https:\/\/humanitas-net.humweb.webiz.team\/?s={search_term_string}\"},\"query-input\":{\"@type\":\"PropertyValueSpecification\",\"valueRequired\":true,\"valueName\":\"search_term_string\"}}],\"inLanguage\":\"sr-RS\"},{\"@type\":\"Organization\",\"@id\":\"https:\/\/humanitas-net.humweb.webiz.team\/#organization\",\"name\":\"Humanitas\",\"url\":\"https:\/\/humanitas-net.humweb.webiz.team\/\",\"logo\":{\"@type\":\"ImageObject\",\"inLanguage\":\"sr-RS\",\"@id\":\"https:\/\/humanitas-net.humweb.webiz.team\/#\/schema\/logo\/image\/\",\"url\":\"https:\/\/humanitas-net.humweb.webiz.team\/wp-content\/uploads\/2025\/01\/new-humanitas-logo-1.svg\",\"contentUrl\":\"https:\/\/humanitas-net.humweb.webiz.team\/wp-content\/uploads\/2025\/01\/new-humanitas-logo-1.svg\",\"width\":1,\"height\":1,\"caption\":\"Humanitas\"},\"image\":{\"@id\":\"https:\/\/humanitas-net.humweb.webiz.team\/#\/schema\/logo\/image\/\"},\"sameAs\":[\"https:\/\/www.facebook.com\/HumanitasInternational\/\",\"https:\/\/x.com\/humanitasmilano\"]}]}<\/script>\n<!-- \/ Yoast SEO plugin. -->","yoast_head_json":{"title":"Za\u0161to Humanitas? - Humanitas.net","robots":{"index":"noindex","follow":"follow","max-snippet":"max-snippet:-1","max-image-preview":"max-image-preview:large","max-video-preview":"max-video-preview:-1"},"og_locale":"sr_RS","og_type":"article","og_title":"Za\u0161to Humanitas? - Humanitas.net","og_description":"Humanitas je visoko specijalizovana nastavna bolnica i istra\u017eiva\u010dki centar. Akreditovana od strane Svetske Zdravstvene Organizacije, Humanitas objedinjuje specijalizovane centre za le\u010denje raka, kardiovaskularnih bolesti, neurolo\u0161kih i ortopedskih oboljenja kao i Centar za Oftalmologiju i Centar za Plodnost. Bolnica je tako\u0111e opremljena Urgentnim centrom i centrom za radioterapiju. Italijansko Ministarstvo zdravlja dodelilo je Humanitasu status \u201cIstra\u017eiva\u010dke [&hellip;]","og_url":"https:\/\/humanitas-net.humweb.webiz.team\/why-humanitas\/","og_site_name":"Humanitas.net","article_publisher":"https:\/\/www.facebook.com\/HumanitasInternational\/","article_modified_time":"2025-01-13T02:38:19+00:00","og_image":[{"width":1810,"height":2560,"url":"https:\/\/humanitas-net.humweb.webiz.team\/wp-content\/uploads\/2025\/01\/highlights-humanitas-scaled.jpg","type":"image\/jpeg"}],"twitter_card":"summary_large_image","twitter_site":"@humanitasmilano","twitter_misc":{"Est. reading time":"2 minutes"},"schema":{"@context":"https:\/\/schema.org","@graph":[{"@type":"WebPage","@id":"https:\/\/humanitas-net.humweb.webiz.team\/why-humanitas\/","url":"https:\/\/humanitas-net.humweb.webiz.team\/why-humanitas\/","name":"Za\u0161to Humanitas? - Humanitas.net","isPartOf":{"@id":"https:\/\/humanitas-net.humweb.webiz.team\/#website"},"primaryImageOfPage":{"@id":"https:\/\/humanitas-net.humweb.webiz.team\/why-humanitas\/#primaryimage"},"image":{"@id":"https:\/\/humanitas-net.humweb.webiz.team\/why-humanitas\/#primaryimage"},"thumbnailUrl":"https:\/\/humanitas-net.humweb.webiz.team\/wp-content\/uploads\/2025\/01\/highlights-humanitas-scaled.jpg","datePublished":"2025-01-13T02:38:14+00:00","dateModified":"2025-01-13T02:38:19+00:00","breadcrumb":{"@id":"https:\/\/humanitas-net.humweb.webiz.team\/why-humanitas\/#breadcrumb"},"inLanguage":"sr-RS","potentialAction":[{"@type":"ReadAction","target":["https:\/\/humanitas-net.humweb.webiz.team\/why-humanitas\/"]}]},{"@type":"ImageObject","inLanguage":"sr-RS","@id":"https:\/\/humanitas-net.humweb.webiz.team\/why-humanitas\/#primaryimage","url":"https:\/\/humanitas-net.humweb.webiz.team\/wp-content\/uploads\/2025\/01\/highlights-humanitas-scaled.jpg","contentUrl":"https:\/\/humanitas-net.humweb.webiz.team\/wp-content\/uploads\/2025\/01\/highlights-humanitas-scaled.jpg","width":1810,"height":2560},{"@type":"BreadcrumbList","@id":"https:\/\/humanitas-net.humweb.webiz.team\/why-humanitas\/#breadcrumb","itemListElement":[{"@type":"ListItem","position":1,"name":"Home","item":"https:\/\/humanitas-net.humweb.webiz.team\/sr\/"},{"@type":"ListItem","position":2,"name":"Za\u0161to Humanitas?"}]},{"@type":"WebSite","@id":"https:\/\/humanitas-net.humweb.webiz.team\/#website","url":"https:\/\/humanitas-net.humweb.webiz.team\/","name":"Humanitas.net","description":"Humanitas Hospital","publisher":{"@id":"https:\/\/humanitas-net.humweb.webiz.team\/#organization"},"potentialAction":[{"@type":"SearchAction","target":{"@type":"EntryPoint","urlTemplate":"https:\/\/humanitas-net.humweb.webiz.team\/?s={search_term_string}"},"query-input":{"@type":"PropertyValueSpecification","valueRequired":true,"valueName":"search_term_string"}}],"inLanguage":"sr-RS"},{"@type":"Organization","@id":"https:\/\/humanitas-net.humweb.webiz.team\/#organization","name":"Humanitas","url":"https:\/\/humanitas-net.humweb.webiz.team\/","logo":{"@type":"ImageObject","inLanguage":"sr-RS","@id":"https:\/\/humanitas-net.humweb.webiz.team\/#\/schema\/logo\/image\/","url":"https:\/\/humanitas-net.humweb.webiz.team\/wp-content\/uploads\/2025\/01\/new-humanitas-logo-1.svg","contentUrl":"https:\/\/humanitas-net.humweb.webiz.team\/wp-content\/uploads\/2025\/01\/new-humanitas-logo-1.svg","width":1,"height":1,"caption":"Humanitas"},"image":{"@id":"https:\/\/humanitas-net.humweb.webiz.team\/#\/schema\/logo\/image\/"},"sameAs":["https:\/\/www.facebook.com\/HumanitasInternational\/","https:\/\/x.com\/humanitasmilano"]}]}},"acf":[],"_links":{"self":[{"href":"https:\/\/humanitas-net.humweb.webiz.team\/sr\/wp-json\/wp\/v2\/pages\/83248","targetHints":{"allow":["GET"]}}],"collection":[{"href":"https:\/\/humanitas-net.humweb.webiz.team\/sr\/wp-json\/wp\/v2\/pages"}],"about":[{"href":"https:\/\/humanitas-net.humweb.webiz.team\/sr\/wp-json\/wp\/v2\/types\/page"}],"author":[{"embeddable":true,"href":"https:\/\/humanitas-net.humweb.webiz.team\/sr\/wp-json\/wp\/v2\/users\/1"}],"replies":[{"embeddable":true,"href":"https:\/\/humanitas-net.humweb.webiz.team\/sr\/wp-json\/wp\/v2\/comments?post=83248"}],"version-history":[{"count":1,"href":"https:\/\/humanitas-net.humweb.webiz.team\/sr\/wp-json\/wp\/v2\/pages\/83248\/revisions"}],"predecessor-version":[{"id":83249,"href":"https:\/\/humanitas-net.humweb.webiz.team\/sr\/wp-json\/wp\/v2\/pages\/83248\/revisions\/83249"}],"up":[{"embeddable":true,"href":"https:\/\/humanitas-net.humweb.webiz.team\/sr\/wp-json\/wp\/v2\/pages\/83232"}],"wp:featuredmedia":[{"embeddable":true,"href":"https:\/\/humanitas-net.humweb.webiz.team\/sr\/wp-json\/wp\/v2\/media\/83207"}],"wp:attachment":[{"href":"https:\/\/humanitas-net.humweb.webiz.team\/sr\/wp-json\/wp\/v2\/media?parent=83248"}],"curies":[{"name":"wp","href":"https:\/\/api.w.org\/{rel}","templated":true}]}}