{"id":83240,"date":"2025-01-13T02:38:14","date_gmt":"2025-01-13T02:38:14","guid":{"rendered":"http:\/\/humanitasnet-new.local\/medunarodna-akreditacija\/"},"modified":"2025-01-13T02:38:16","modified_gmt":"2025-01-13T02:38:16","slug":"medunarodna-akreditacija","status":"publish","type":"page","link":"https:\/\/humanitas-net.humweb.webiz.team\/sr\/medunarodna-akreditacija\/","title":{"rendered":"Me\u0111unarodna Akreditacija"},"content":{"rendered":"<p><strong>Tesna veza izme\u0111u efikasnog na\u010dina upravljanja i visoke bolni\u010dke usluge za Humanitas predstavlja obavezu i imperativ.<\/strong>\u00a0Shodno tome, Humanitas je prva poliklinika u Italiji, a me\u0111u nekolicinom u Evropi koja je dobila poliklini\u010dki sertifikat od strane Me\u0111unarodne Zdru\u017eene Komisije. Ovo priznanje za njenu izvrsnost potvr\u0111eno je jo\u0161 nekoliko puta od 2002. godine i zahtevalo je usagla\u0161enost sa preko 1,300 standarda.<\/p>\n<p>Smatrana od strane <strong>Harvard Univerziteta<\/strong> kao <strong>jedne od \u010detiri najinovativnije bolnice u svetu, Humanitas je kori\u0161\u0107en za studiju slu\u010daja<\/strong> Harvard Poslovne \u0161kole upravo zbog svog organizacionog modela koji objedinjuje <strong>finansijsku, razvojnu i socijalnu odgovornost<\/strong>.<\/p>\n<p>&nbsp;<\/p>\n<p>\u201c\u2026 Organizacije bi trebalo da budu formirane tako da daju svoj maksimum u slede\u0107e tri sfere: primeni nau\u010dno ustanovljenih najboljih praksi u le\u010denju dobropoznatih bolesti, kori\u0161\u0107enju eksperimenata i gre\u0161aka u le\u010denju stanja koja su komplikovana ili malo poznata, i registrovanju i primeni onoga \u0161to je nau\u010deno tokom svakodnevnog pru\u017eanja nege. <em>Intermountain Healthcare<\/em>, <em>Cleveland Clinic<\/em>, i <em>Virginia Mason<\/em> u Sjedinjenim Dr\u017eavama, kao i Klini\u010dki Institut Humanitas u Italiji su me\u0111u ustanovama koje krupnim koracima rade na unapre\u0111enju rezultata le\u010denja pacijenata i uklanjanju medicinskog otpada. Iako postoje mnoge prepreke, ove ustanove su dokaz da su promene i te kako mogu\u0107e\u2026\u201d<\/p>\n<p>\u201c\u2026 Ove ustanove poseduju svest da je znanje iz medicinske oblasti isuvi\u0161e obimno da bi se \u010duvalo u glavama svakog stru\u010dnjaka ponaosob i da se shodno tome ono mora ugraditi u protokole i svakodnevnu praksu. Drugim re\u010dima, one shvataju da je le\u010denje bolesti postala organizaciona odgovornost. Ove ustanove savesno koriste svoje resurse kako bi postigle najbolje rezultate za svakog pacijenta ponaosob, prikupile i koristile podatke u cilju unapre\u0111enja rada, a dnevnu primenu medicinskog le\u010denja smatraju izvorom inovacije i boljeg uvida u nauku&#8230;\u201d<\/p>\n<p>(Prof. R. Bohmer, Harvard Poslovna Revija, 30.04.2010. godine, strana 38)<\/p>\n<p>&nbsp;<\/p>\n<p><strong>Tesna veza izme\u0111u efikasnog na\u010dina upravljanja i visoke bolni\u010dke usluge za Humanitas predstavlja obavezu i imperativ.<\/strong>\u00a0Shodno tome, Humanitas je prva poliklinika u Italiji, a me\u0111u nekolicinom u Evropi koja je dobila poliklini\u010dki sertifikat od strane Me\u0111unarodne Zdru\u017eene Komisije. Ovo priznanje za njenu izvrsnost potvr\u0111eno je jo\u0161 nekoliko puta od 2002. godine i zahtevalo je usagla\u0161enost sa preko 1,300 standarda.<\/p>\n","protected":false},"excerpt":{"rendered":"<p>Tesna veza izme\u0111u efikasnog na\u010dina upravljanja i visoke bolni\u010dke usluge za Humanitas predstavlja obavezu i imperativ.\u00a0Shodno tome, Humanitas je prva poliklinika u Italiji, a me\u0111u nekolicinom u Evropi koja je dobila poliklini\u010dki sertifikat od strane Me\u0111unarodne Zdru\u017eene Komisije. Ovo priznanje za njenu izvrsnost potvr\u0111eno je jo\u0161 nekoliko puta od 2002. godine i zahtevalo je usagla\u0161enost [&hellip;]<\/p>\n","protected":false},"author":1,"featured_media":0,"parent":0,"menu_order":0,"comment_status":"open","ping_status":"open","template":"","meta":{"_acf_changed":false,"footnotes":""},"class_list":["post-83240","page","type-page","status-publish","hentry"],"yoast_head":"<!-- This site is optimized with the Yoast SEO plugin v24.3 - https:\/\/yoast.com\/wordpress\/plugins\/seo\/ -->\n<title>Me\u0111unarodna Akreditacija - Humanitas.net<\/title>\n<meta name=\"robots\" content=\"noindex, follow, max-snippet:-1, max-image-preview:large, max-video-preview:-1\" \/>\n<meta property=\"og:locale\" content=\"sr_RS\" \/>\n<meta property=\"og:type\" content=\"article\" \/>\n<meta property=\"og:title\" content=\"Me\u0111unarodna Akreditacija - Humanitas.net\" \/>\n<meta property=\"og:description\" content=\"Tesna veza izme\u0111u efikasnog na\u010dina upravljanja i visoke bolni\u010dke usluge za Humanitas predstavlja obavezu i imperativ.\u00a0Shodno tome, Humanitas je prva poliklinika u Italiji, a me\u0111u nekolicinom u Evropi koja je dobila poliklini\u010dki sertifikat od strane Me\u0111unarodne Zdru\u017eene Komisije. Ovo priznanje za njenu izvrsnost potvr\u0111eno je jo\u0161 nekoliko puta od 2002. godine i zahtevalo je usagla\u0161enost [&hellip;]\" \/>\n<meta property=\"og:url\" content=\"https:\/\/humanitas-net.humweb.webiz.team\/sr\/medunarodna-akreditacija\/\" \/>\n<meta property=\"og:site_name\" content=\"Humanitas.net\" \/>\n<meta property=\"article:publisher\" content=\"https:\/\/www.facebook.com\/HumanitasInternational\/\" \/>\n<meta property=\"article:modified_time\" content=\"2025-01-13T02:38:16+00:00\" \/>\n<meta name=\"twitter:card\" content=\"summary_large_image\" \/>\n<meta name=\"twitter:site\" content=\"@humanitasmilano\" \/>\n<meta name=\"twitter:label1\" content=\"Est. reading time\" \/>\n\t<meta name=\"twitter:data1\" content=\"2 minutes\" \/>\n<script type=\"application\/ld+json\" class=\"yoast-schema-graph\">{\"@context\":\"https:\/\/schema.org\",\"@graph\":[{\"@type\":\"WebPage\",\"@id\":\"https:\/\/humanitas-net.humweb.webiz.team\/sr\/medunarodna-akreditacija\/\",\"url\":\"https:\/\/humanitas-net.humweb.webiz.team\/sr\/medunarodna-akreditacija\/\",\"name\":\"Me\u0111unarodna Akreditacija - Humanitas.net\",\"isPartOf\":{\"@id\":\"https:\/\/humanitas-net.humweb.webiz.team\/#website\"},\"datePublished\":\"2025-01-13T02:38:14+00:00\",\"dateModified\":\"2025-01-13T02:38:16+00:00\",\"breadcrumb\":{\"@id\":\"https:\/\/humanitas-net.humweb.webiz.team\/sr\/medunarodna-akreditacija\/#breadcrumb\"},\"inLanguage\":\"sr-RS\",\"potentialAction\":[{\"@type\":\"ReadAction\",\"target\":[\"https:\/\/humanitas-net.humweb.webiz.team\/sr\/medunarodna-akreditacija\/\"]}]},{\"@type\":\"BreadcrumbList\",\"@id\":\"https:\/\/humanitas-net.humweb.webiz.team\/sr\/medunarodna-akreditacija\/#breadcrumb\",\"itemListElement\":[{\"@type\":\"ListItem\",\"position\":1,\"name\":\"Home\",\"item\":\"https:\/\/humanitas-net.humweb.webiz.team\/sr\/\"},{\"@type\":\"ListItem\",\"position\":2,\"name\":\"Me\u0111unarodna Akreditacija\"}]},{\"@type\":\"WebSite\",\"@id\":\"https:\/\/humanitas-net.humweb.webiz.team\/#website\",\"url\":\"https:\/\/humanitas-net.humweb.webiz.team\/\",\"name\":\"Humanitas.net\",\"description\":\"Humanitas Hospital\",\"publisher\":{\"@id\":\"https:\/\/humanitas-net.humweb.webiz.team\/#organization\"},\"potentialAction\":[{\"@type\":\"SearchAction\",\"target\":{\"@type\":\"EntryPoint\",\"urlTemplate\":\"https:\/\/humanitas-net.humweb.webiz.team\/?s={search_term_string}\"},\"query-input\":{\"@type\":\"PropertyValueSpecification\",\"valueRequired\":true,\"valueName\":\"search_term_string\"}}],\"inLanguage\":\"sr-RS\"},{\"@type\":\"Organization\",\"@id\":\"https:\/\/humanitas-net.humweb.webiz.team\/#organization\",\"name\":\"Humanitas\",\"url\":\"https:\/\/humanitas-net.humweb.webiz.team\/\",\"logo\":{\"@type\":\"ImageObject\",\"inLanguage\":\"sr-RS\",\"@id\":\"https:\/\/humanitas-net.humweb.webiz.team\/#\/schema\/logo\/image\/\",\"url\":\"https:\/\/humanitas-net.humweb.webiz.team\/wp-content\/uploads\/2025\/01\/new-humanitas-logo-1.svg\",\"contentUrl\":\"https:\/\/humanitas-net.humweb.webiz.team\/wp-content\/uploads\/2025\/01\/new-humanitas-logo-1.svg\",\"width\":1,\"height\":1,\"caption\":\"Humanitas\"},\"image\":{\"@id\":\"https:\/\/humanitas-net.humweb.webiz.team\/#\/schema\/logo\/image\/\"},\"sameAs\":[\"https:\/\/www.facebook.com\/HumanitasInternational\/\",\"https:\/\/x.com\/humanitasmilano\"]}]}<\/script>\n<!-- \/ Yoast SEO plugin. -->","yoast_head_json":{"title":"Me\u0111unarodna Akreditacija - Humanitas.net","robots":{"index":"noindex","follow":"follow","max-snippet":"max-snippet:-1","max-image-preview":"max-image-preview:large","max-video-preview":"max-video-preview:-1"},"og_locale":"sr_RS","og_type":"article","og_title":"Me\u0111unarodna Akreditacija - Humanitas.net","og_description":"Tesna veza izme\u0111u efikasnog na\u010dina upravljanja i visoke bolni\u010dke usluge za Humanitas predstavlja obavezu i imperativ.\u00a0Shodno tome, Humanitas je prva poliklinika u Italiji, a me\u0111u nekolicinom u Evropi koja je dobila poliklini\u010dki sertifikat od strane Me\u0111unarodne Zdru\u017eene Komisije. Ovo priznanje za njenu izvrsnost potvr\u0111eno je jo\u0161 nekoliko puta od 2002. godine i zahtevalo je usagla\u0161enost [&hellip;]","og_url":"https:\/\/humanitas-net.humweb.webiz.team\/sr\/medunarodna-akreditacija\/","og_site_name":"Humanitas.net","article_publisher":"https:\/\/www.facebook.com\/HumanitasInternational\/","article_modified_time":"2025-01-13T02:38:16+00:00","twitter_card":"summary_large_image","twitter_site":"@humanitasmilano","twitter_misc":{"Est. reading time":"2 minutes"},"schema":{"@context":"https:\/\/schema.org","@graph":[{"@type":"WebPage","@id":"https:\/\/humanitas-net.humweb.webiz.team\/sr\/medunarodna-akreditacija\/","url":"https:\/\/humanitas-net.humweb.webiz.team\/sr\/medunarodna-akreditacija\/","name":"Me\u0111unarodna Akreditacija - Humanitas.net","isPartOf":{"@id":"https:\/\/humanitas-net.humweb.webiz.team\/#website"},"datePublished":"2025-01-13T02:38:14+00:00","dateModified":"2025-01-13T02:38:16+00:00","breadcrumb":{"@id":"https:\/\/humanitas-net.humweb.webiz.team\/sr\/medunarodna-akreditacija\/#breadcrumb"},"inLanguage":"sr-RS","potentialAction":[{"@type":"ReadAction","target":["https:\/\/humanitas-net.humweb.webiz.team\/sr\/medunarodna-akreditacija\/"]}]},{"@type":"BreadcrumbList","@id":"https:\/\/humanitas-net.humweb.webiz.team\/sr\/medunarodna-akreditacija\/#breadcrumb","itemListElement":[{"@type":"ListItem","position":1,"name":"Home","item":"https:\/\/humanitas-net.humweb.webiz.team\/sr\/"},{"@type":"ListItem","position":2,"name":"Me\u0111unarodna Akreditacija"}]},{"@type":"WebSite","@id":"https:\/\/humanitas-net.humweb.webiz.team\/#website","url":"https:\/\/humanitas-net.humweb.webiz.team\/","name":"Humanitas.net","description":"Humanitas Hospital","publisher":{"@id":"https:\/\/humanitas-net.humweb.webiz.team\/#organization"},"potentialAction":[{"@type":"SearchAction","target":{"@type":"EntryPoint","urlTemplate":"https:\/\/humanitas-net.humweb.webiz.team\/?s={search_term_string}"},"query-input":{"@type":"PropertyValueSpecification","valueRequired":true,"valueName":"search_term_string"}}],"inLanguage":"sr-RS"},{"@type":"Organization","@id":"https:\/\/humanitas-net.humweb.webiz.team\/#organization","name":"Humanitas","url":"https:\/\/humanitas-net.humweb.webiz.team\/","logo":{"@type":"ImageObject","inLanguage":"sr-RS","@id":"https:\/\/humanitas-net.humweb.webiz.team\/#\/schema\/logo\/image\/","url":"https:\/\/humanitas-net.humweb.webiz.team\/wp-content\/uploads\/2025\/01\/new-humanitas-logo-1.svg","contentUrl":"https:\/\/humanitas-net.humweb.webiz.team\/wp-content\/uploads\/2025\/01\/new-humanitas-logo-1.svg","width":1,"height":1,"caption":"Humanitas"},"image":{"@id":"https:\/\/humanitas-net.humweb.webiz.team\/#\/schema\/logo\/image\/"},"sameAs":["https:\/\/www.facebook.com\/HumanitasInternational\/","https:\/\/x.com\/humanitasmilano"]}]}},"acf":[],"_links":{"self":[{"href":"https:\/\/humanitas-net.humweb.webiz.team\/sr\/wp-json\/wp\/v2\/pages\/83240","targetHints":{"allow":["GET"]}}],"collection":[{"href":"https:\/\/humanitas-net.humweb.webiz.team\/sr\/wp-json\/wp\/v2\/pages"}],"about":[{"href":"https:\/\/humanitas-net.humweb.webiz.team\/sr\/wp-json\/wp\/v2\/types\/page"}],"author":[{"embeddable":true,"href":"https:\/\/humanitas-net.humweb.webiz.team\/sr\/wp-json\/wp\/v2\/users\/1"}],"replies":[{"embeddable":true,"href":"https:\/\/humanitas-net.humweb.webiz.team\/sr\/wp-json\/wp\/v2\/comments?post=83240"}],"version-history":[{"count":1,"href":"https:\/\/humanitas-net.humweb.webiz.team\/sr\/wp-json\/wp\/v2\/pages\/83240\/revisions"}],"predecessor-version":[{"id":83241,"href":"https:\/\/humanitas-net.humweb.webiz.team\/sr\/wp-json\/wp\/v2\/pages\/83240\/revisions\/83241"}],"wp:attachment":[{"href":"https:\/\/humanitas-net.humweb.webiz.team\/sr\/wp-json\/wp\/v2\/media?parent=83240"}],"curies":[{"name":"wp","href":"https:\/\/api.w.org\/{rel}","templated":true}]}}