{"id":83238,"date":"2025-01-13T02:38:14","date_gmt":"2025-01-13T02:38:14","guid":{"rendered":"http:\/\/humanitasnet-new.local\/osiguranje\/"},"modified":"2025-01-13T02:38:15","modified_gmt":"2025-01-13T02:38:15","slug":"osiguranje","status":"publish","type":"page","link":"https:\/\/humanitas-net.humweb.webiz.team\/sr\/osiguranje\/","title":{"rendered":"Osiguranje"},"content":{"rendered":"<h1>Osiguranje<\/h1>\n<p>&nbsp;<\/p>\n<p>Istra\u017eiva\u010dka bolnica Humanitas sklopila je sporazume sa brojnim osiguravaju\u0107im dru\u0161tvima i korporacijama u cilju pokrivanja tro\u0161kova le\u010denja i ambulatnih usluga.<\/p>\n<p>&nbsp;<\/p>\n<h2 id=\"sporazumi-sa-osiguravajucim-drustvima-i-fondovima\">Sporazumi sa osiguravaju\u0107im dru\u0161tvima i fondovima<\/h2>\n<p>Postoje dva tipa ovakvih sporazuma:<\/p>\n<ul>\n<li>Direktni sporazum<br \/>\nHumanitas prima direktne uplate od strane osiguravaju\u0107e kompanije na celokupni ili delimi\u010dni iznos za pru\u017eene usluge na ime potra\u017eiva\u010da.<\/li>\n<li>Indirektni sporazum<br \/>\nPacijent koji, u bilo kom slu\u010daju, mo\u017ee da iskoristi povoljne finansijske uslove i u potpunosti plati usluge pru\u017eene od strane Instituta, a koji potom od svog osiguravaju\u0107eg dru\u0161tva ili Dru\u0161tva za uzajamno osiguranje potra\u017euje celokupan ili delimi\u010dni iznos koji je platio.<\/li>\n<\/ul>\n<p>Mi uvek savetujemo potra\u017eiocima da provere Uslove iznete u sporazumu sa njihovim osiguravaju\u0107im dru\u0161tvom ili dru\u0161tvom za uzajamno osiguranje.<\/p>\n<p>&nbsp;<\/p>\n<p><strong>Usluge pru\u017eene prilikom prijema:<\/strong><\/p>\n<p>Za vi\u0161e informacija i zakazivanje, pozovite\u00a0<strong>+39 02 82246250<\/strong>\u00a0ili nam pi\u0161ite na e-mail adresu:\u00a0<a href=\"mailto:patients@humanitas.it\">patients@humanitas.it<\/a><\/p>\n<p><strong>Ambulantske usluge:\u00a0<\/strong><\/p>\n<p>Za vi\u0161e informacija i zakazivanje, pozovite <strong>+39 02 82246250<\/strong>.<\/p>\n<p>&nbsp;<\/p>\n<h2 id=\"direktni-indirektni-ugovori-o-obracunu-sa-medjunarodnim-osiguravajucim-drustvima-i-fondovima\">Direktni\/indirektni ugovori o obra\u010dunu sa me\u0111unarodnim osiguravaju\u0107im dru\u0161tvima i fondovima:<\/h2>\n<ul>\n<li>AP-Companies (AETNA)<\/li>\n<li>Bupa International<\/li>\n<li>Celta Assistance<\/li>\n<li>Daman Qatar<\/li>\n<li>Daman UAE<\/li>\n<li>Euro-Center Assistance<\/li>\n<li>FOSUN<\/li>\n<li>GLOBAL BENEFITS GROUP<\/li>\n<li>Medic&#8217;Air International<\/li>\n<li>MEDIGO<\/li>\n<li>MSH International<\/li>\n<li>Prestige International<\/li>\n<li>Rosgosstrakh<\/li>\n<li>Saudi Enaya<\/li>\n<li>SICRED<\/li>\n<li>Sogaz Mosca<\/li>\n<li>International SOS<\/li>\n<li>SAA International<\/li>\n<li>Cigna<\/li>\n<li>Youna<\/li>\n<\/ul>\n<p>&nbsp;<\/p>\n<h2 id=\"direktni-indirektni-ugovori-o-obracunu-sa-italijanskim-nacionalnim-kompanijama\">Direktni\/indirektni ugovori o obra\u010dunu sa italijanskim\/nacionalnim kompanijama<\/h2>\n<p>Istra\u017eiva\u010dka bolnica Humanitas skopila je indirektne sporazume za prijem i\/ili pru\u017eanje ambulantskih usluga sa mnogim kompanijama, me\u0111u kojima su:<\/p>\n<ul>\n<li>A.N.L.A. Comitato prov.le di Milano<\/li>\n<li>AEM- Gruppo Anziani<\/li>\n<li>AEM- Gruppo Pensionati<\/li>\n<li>ALDAI<\/li>\n<li>ARVAL SERVICE LEASE ITALIA S.p.a.<\/li>\n<li>ASEM<\/li>\n<li>ASIDAG<\/li>\n<li>ASSILT (Gruppo Telecomitalia)<\/li>\n<li>ASSOCIAZIONE NAZIONALE ATLETI AZZURRI D&#8217;ITALIA<\/li>\n<li>Associazione per l&#8217;Ass. San. Integrativa Dirigenti<\/li>\n<li>Associazione Volontari Italiani di Corsico<\/li>\n<li>ASTRAZENECA S.p.a.<\/li>\n<li>BANCA POP di ABBIATEGRASSO<\/li>\n<li>BANCA POPOLARE DI BRESCIA<\/li>\n<li>BANCA POPOLARE DI NOVARA<\/li>\n<li>BETTINI ASCENSORI Srl<\/li>\n<li>BMW ITALIA S.p.a.<\/li>\n<li>C.C.R.S. &#8211; GRUPPO UNICREDITO ITALIANO<\/li>\n<li>C.I.A.S.D.\u00a0SOLVAY SPA<\/li>\n<li>CADGI &#8211; IBM<\/li>\n<li>CLOD Srl<\/li>\n<li>COFACE ASSICURAZIONI Spa<\/li>\n<li>COMFACTOR COMMERCIO FACTORING S.p.a.<\/li>\n<li>CONQORD OIL S.r.l.<\/li>\n<li>CRA-ITALTEL Spa<\/li>\n<li>CRAL\u00a0RCS<\/li>\n<li>Credito Artigiano F.do Integr. Assist.Malattia Dip<\/li>\n<li>DAY MEDICAL<\/li>\n<li>DEPUY ITALIA S.p.a.<\/li>\n<li>Disano Illuminazione s.p.a.<\/li>\n<li>Dolce Ottocento Srl<\/li>\n<li>EDITORIALE\u00a0DOMUS S.p.a.<\/li>\n<li>EKW ITALIA Srl<\/li>\n<li>F.A.S. &#8211; PIRELLI SPA<\/li>\n<li>FABI<\/li>\n<li>FASD &#8211; RINASCENTE<\/li>\n<li>FIDA &#8211; ENICHEM<\/li>\n<li>FINIPER- Fiordaliso\u00a0\u00a0 Ipermercato Spa<\/li>\n<li>Fiordaliso S.p.a.<\/li>\n<li>FONDAZIONE ATM<\/li>\n<li>FONDAZIONE E.A. PICCOLO TEATRO DI MILANO- D&#8217;EUROPA<\/li>\n<li>FONDO INTEGRATIVO SANITARIO DIRIGENTI ENI<\/li>\n<li>Fosnova Gruppo Disano<\/li>\n<li>FOTO INCISIONI UNIVERSAL S.p.a.<\/li>\n<li>FUMAGALLI TRASPORTI S.P.A.<\/li>\n<li>GAMMA SERVIZI S.r.l.<\/li>\n<li>GEMINI GESTIONI S.r.l.<\/li>\n<li>GenSet S.p.a.<\/li>\n<li>Gruppo Sportivo e Ricreativo Polizia Municipale di Milano a.s.d.<\/li>\n<li>INA<\/li>\n<li>INSIEME COOPERATIVA SOCIALE DI SOLIDARIETA&#8217;<\/li>\n<li>ITALEASE BANCA PER IL LEASING<\/li>\n<li>Jolly Hotel Milanofiori<\/li>\n<li>Kraft Foods Italia s.p.a.<\/li>\n<li>LAFARGE ADRIASEBINA S.r.l.<\/li>\n<li>MANAGERITALIA SERVIZI Srl<\/li>\n<li>McKinsey<\/li>\n<li>Mediolanum s.p.a.<\/li>\n<li>Milano Assicurazioni<\/li>\n<li>MILANO SERVIZI Srl<\/li>\n<li>MUTUA NUOVA SANITA&#8217;<\/li>\n<li>NOVELIS ITALIA S.p.a.<\/li>\n<li>PHILIPS SPA<\/li>\n<li>PRAMERICA LIFE S.P.A.<\/li>\n<li>R.N.A. SERVIZI\u00a0S.r.l.<\/li>\n<li>SAIWA S.p.a.<\/li>\n<li>SANIHELP.IT Srl<\/li>\n<li>SASOL ITALY S.p.a.<\/li>\n<li>SCHLUMBERGER\u00a0ITALIANA\u00a0SPA<\/li>\n<li>SI.A.PO.L. Sindacato Autonomo Polizia Locale<\/li>\n<li>SIC. LAV. SICUREZZA &amp; LAVORO Soc. Coop. a.r.l.<\/li>\n<li>SIEMENS<\/li>\n<li>SIRTI S.P.A.<\/li>\n<li>SOLIDALI CON&#8230; ASSOCIAZIONE ANZIANI BASIGLIO MI3<\/li>\n<li>SPORTING CLUB MILANO 3<\/li>\n<li>SVILUPPO S.r.l.<\/li>\n<li>TECHINT<\/li>\n<li>TECHINT CIMI.MONTUBI<\/li>\n<li>TECNO VIDUE MARKETING Srl<\/li>\n<li>The Swatch Group (Ita) spa Centro Direz. Mi Fiori<\/li>\n<li>TORO ASS.NI S.P.A. RAMO VITA<\/li>\n<li>TOURING CLUB ITALIANO<\/li>\n<li>Unione Artigiani della Provincia di Milano<\/li>\n<li>UNIPOL<\/li>\n<li>UNIVERSITA&#8217; COMM.LE LUIGI BOCCONI<\/li>\n<li>UNIVERSITA&#8217; DEGLI STUDI DI MILANO<\/li>\n<li>UNIVERSITA&#8217; DELLA TERZA ETA&#8217;<\/li>\n<li>UNIVERSITA&#8217; IULM<\/li>\n<li>US NUOVO CALCIO MILANO 3<\/li>\n<li>WINTERTHUR ASSICURAZIONI S.p.a.<\/li>\n<\/ul>\n","protected":false},"excerpt":{"rendered":"<p>Osiguranje &nbsp; Istra\u017eiva\u010dka bolnica Humanitas sklopila je sporazume sa brojnim osiguravaju\u0107im dru\u0161tvima i korporacijama u cilju pokrivanja tro\u0161kova le\u010denja i ambulatnih usluga. &nbsp; Sporazumi sa osiguravaju\u0107im dru\u0161tvima i fondovima Postoje dva tipa ovakvih sporazuma: Direktni sporazum Humanitas prima direktne uplate od strane osiguravaju\u0107e kompanije na celokupni ili delimi\u010dni iznos za pru\u017eene usluge na ime potra\u017eiva\u010da. [&hellip;]<\/p>\n","protected":false},"author":1,"featured_media":83170,"parent":0,"menu_order":0,"comment_status":"open","ping_status":"open","template":"","meta":{"_acf_changed":false,"footnotes":""},"class_list":["post-83238","page","type-page","status-publish","has-post-thumbnail","hentry"],"yoast_head":"<!-- This site is optimized with the Yoast SEO plugin v24.3 - https:\/\/yoast.com\/wordpress\/plugins\/seo\/ -->\n<title>Osiguranje - Humanitas.net<\/title>\n<meta name=\"robots\" content=\"noindex, follow, max-snippet:-1, max-image-preview:large, max-video-preview:-1\" \/>\n<meta property=\"og:locale\" content=\"sr_RS\" \/>\n<meta property=\"og:type\" content=\"article\" \/>\n<meta property=\"og:title\" content=\"Osiguranje - Humanitas.net\" \/>\n<meta property=\"og:description\" content=\"Osiguranje &nbsp; Istra\u017eiva\u010dka bolnica Humanitas sklopila je sporazume sa brojnim osiguravaju\u0107im dru\u0161tvima i korporacijama u cilju pokrivanja tro\u0161kova le\u010denja i ambulatnih usluga. &nbsp; Sporazumi sa osiguravaju\u0107im dru\u0161tvima i fondovima Postoje dva tipa ovakvih sporazuma: Direktni sporazum Humanitas prima direktne uplate od strane osiguravaju\u0107e kompanije na celokupni ili delimi\u010dni iznos za pru\u017eene usluge na ime potra\u017eiva\u010da. [&hellip;]\" \/>\n<meta property=\"og:url\" content=\"https:\/\/humanitas-net.humweb.webiz.team\/insurances\/\" \/>\n<meta property=\"og:site_name\" content=\"Humanitas.net\" \/>\n<meta property=\"article:publisher\" content=\"https:\/\/www.facebook.com\/HumanitasInternational\/\" \/>\n<meta property=\"article:modified_time\" content=\"2025-01-13T02:38:15+00:00\" \/>\n<meta property=\"og:image\" content=\"https:\/\/humanitas-net.humweb.webiz.team\/wp-content\/uploads\/2025\/01\/april-international.jpg\" \/>\n\t<meta property=\"og:image:width\" content=\"150\" \/>\n\t<meta property=\"og:image:height\" content=\"150\" \/>\n\t<meta property=\"og:image:type\" content=\"image\/jpeg\" \/>\n<meta name=\"twitter:card\" content=\"summary_large_image\" \/>\n<meta name=\"twitter:site\" content=\"@humanitasmilano\" \/>\n<meta name=\"twitter:label1\" content=\"Est. reading time\" \/>\n\t<meta name=\"twitter:data1\" content=\"3 minutes\" \/>\n<script type=\"application\/ld+json\" class=\"yoast-schema-graph\">{\"@context\":\"https:\/\/schema.org\",\"@graph\":[{\"@type\":\"WebPage\",\"@id\":\"https:\/\/humanitas-net.humweb.webiz.team\/insurances\/\",\"url\":\"https:\/\/humanitas-net.humweb.webiz.team\/insurances\/\",\"name\":\"Osiguranje - Humanitas.net\",\"isPartOf\":{\"@id\":\"https:\/\/humanitas-net.humweb.webiz.team\/#website\"},\"primaryImageOfPage\":{\"@id\":\"https:\/\/humanitas-net.humweb.webiz.team\/insurances\/#primaryimage\"},\"image\":{\"@id\":\"https:\/\/humanitas-net.humweb.webiz.team\/insurances\/#primaryimage\"},\"thumbnailUrl\":\"https:\/\/humanitas-net.humweb.webiz.team\/wp-content\/uploads\/2025\/01\/april-international.jpg\",\"datePublished\":\"2025-01-13T02:38:14+00:00\",\"dateModified\":\"2025-01-13T02:38:15+00:00\",\"breadcrumb\":{\"@id\":\"https:\/\/humanitas-net.humweb.webiz.team\/insurances\/#breadcrumb\"},\"inLanguage\":\"sr-RS\",\"potentialAction\":[{\"@type\":\"ReadAction\",\"target\":[\"https:\/\/humanitas-net.humweb.webiz.team\/insurances\/\"]}]},{\"@type\":\"ImageObject\",\"inLanguage\":\"sr-RS\",\"@id\":\"https:\/\/humanitas-net.humweb.webiz.team\/insurances\/#primaryimage\",\"url\":\"https:\/\/humanitas-net.humweb.webiz.team\/wp-content\/uploads\/2025\/01\/april-international.jpg\",\"contentUrl\":\"https:\/\/humanitas-net.humweb.webiz.team\/wp-content\/uploads\/2025\/01\/april-international.jpg\",\"width\":150,\"height\":150},{\"@type\":\"BreadcrumbList\",\"@id\":\"https:\/\/humanitas-net.humweb.webiz.team\/insurances\/#breadcrumb\",\"itemListElement\":[{\"@type\":\"ListItem\",\"position\":1,\"name\":\"Home\",\"item\":\"https:\/\/humanitas-net.humweb.webiz.team\/sr\/\"},{\"@type\":\"ListItem\",\"position\":2,\"name\":\"Osiguranje\"}]},{\"@type\":\"WebSite\",\"@id\":\"https:\/\/humanitas-net.humweb.webiz.team\/#website\",\"url\":\"https:\/\/humanitas-net.humweb.webiz.team\/\",\"name\":\"Humanitas.net\",\"description\":\"Humanitas Hospital\",\"publisher\":{\"@id\":\"https:\/\/humanitas-net.humweb.webiz.team\/#organization\"},\"potentialAction\":[{\"@type\":\"SearchAction\",\"target\":{\"@type\":\"EntryPoint\",\"urlTemplate\":\"https:\/\/humanitas-net.humweb.webiz.team\/?s={search_term_string}\"},\"query-input\":{\"@type\":\"PropertyValueSpecification\",\"valueRequired\":true,\"valueName\":\"search_term_string\"}}],\"inLanguage\":\"sr-RS\"},{\"@type\":\"Organization\",\"@id\":\"https:\/\/humanitas-net.humweb.webiz.team\/#organization\",\"name\":\"Humanitas\",\"url\":\"https:\/\/humanitas-net.humweb.webiz.team\/\",\"logo\":{\"@type\":\"ImageObject\",\"inLanguage\":\"sr-RS\",\"@id\":\"https:\/\/humanitas-net.humweb.webiz.team\/#\/schema\/logo\/image\/\",\"url\":\"https:\/\/humanitas-net.humweb.webiz.team\/wp-content\/uploads\/2025\/01\/new-humanitas-logo-1.svg\",\"contentUrl\":\"https:\/\/humanitas-net.humweb.webiz.team\/wp-content\/uploads\/2025\/01\/new-humanitas-logo-1.svg\",\"width\":1,\"height\":1,\"caption\":\"Humanitas\"},\"image\":{\"@id\":\"https:\/\/humanitas-net.humweb.webiz.team\/#\/schema\/logo\/image\/\"},\"sameAs\":[\"https:\/\/www.facebook.com\/HumanitasInternational\/\",\"https:\/\/x.com\/humanitasmilano\"]}]}<\/script>\n<!-- \/ Yoast SEO plugin. -->","yoast_head_json":{"title":"Osiguranje - Humanitas.net","robots":{"index":"noindex","follow":"follow","max-snippet":"max-snippet:-1","max-image-preview":"max-image-preview:large","max-video-preview":"max-video-preview:-1"},"og_locale":"sr_RS","og_type":"article","og_title":"Osiguranje - Humanitas.net","og_description":"Osiguranje &nbsp; Istra\u017eiva\u010dka bolnica Humanitas sklopila je sporazume sa brojnim osiguravaju\u0107im dru\u0161tvima i korporacijama u cilju pokrivanja tro\u0161kova le\u010denja i ambulatnih usluga. &nbsp; Sporazumi sa osiguravaju\u0107im dru\u0161tvima i fondovima Postoje dva tipa ovakvih sporazuma: Direktni sporazum Humanitas prima direktne uplate od strane osiguravaju\u0107e kompanije na celokupni ili delimi\u010dni iznos za pru\u017eene usluge na ime potra\u017eiva\u010da. [&hellip;]","og_url":"https:\/\/humanitas-net.humweb.webiz.team\/insurances\/","og_site_name":"Humanitas.net","article_publisher":"https:\/\/www.facebook.com\/HumanitasInternational\/","article_modified_time":"2025-01-13T02:38:15+00:00","og_image":[{"width":150,"height":150,"url":"https:\/\/humanitas-net.humweb.webiz.team\/wp-content\/uploads\/2025\/01\/april-international.jpg","type":"image\/jpeg"}],"twitter_card":"summary_large_image","twitter_site":"@humanitasmilano","twitter_misc":{"Est. reading time":"3 minutes"},"schema":{"@context":"https:\/\/schema.org","@graph":[{"@type":"WebPage","@id":"https:\/\/humanitas-net.humweb.webiz.team\/insurances\/","url":"https:\/\/humanitas-net.humweb.webiz.team\/insurances\/","name":"Osiguranje - Humanitas.net","isPartOf":{"@id":"https:\/\/humanitas-net.humweb.webiz.team\/#website"},"primaryImageOfPage":{"@id":"https:\/\/humanitas-net.humweb.webiz.team\/insurances\/#primaryimage"},"image":{"@id":"https:\/\/humanitas-net.humweb.webiz.team\/insurances\/#primaryimage"},"thumbnailUrl":"https:\/\/humanitas-net.humweb.webiz.team\/wp-content\/uploads\/2025\/01\/april-international.jpg","datePublished":"2025-01-13T02:38:14+00:00","dateModified":"2025-01-13T02:38:15+00:00","breadcrumb":{"@id":"https:\/\/humanitas-net.humweb.webiz.team\/insurances\/#breadcrumb"},"inLanguage":"sr-RS","potentialAction":[{"@type":"ReadAction","target":["https:\/\/humanitas-net.humweb.webiz.team\/insurances\/"]}]},{"@type":"ImageObject","inLanguage":"sr-RS","@id":"https:\/\/humanitas-net.humweb.webiz.team\/insurances\/#primaryimage","url":"https:\/\/humanitas-net.humweb.webiz.team\/wp-content\/uploads\/2025\/01\/april-international.jpg","contentUrl":"https:\/\/humanitas-net.humweb.webiz.team\/wp-content\/uploads\/2025\/01\/april-international.jpg","width":150,"height":150},{"@type":"BreadcrumbList","@id":"https:\/\/humanitas-net.humweb.webiz.team\/insurances\/#breadcrumb","itemListElement":[{"@type":"ListItem","position":1,"name":"Home","item":"https:\/\/humanitas-net.humweb.webiz.team\/sr\/"},{"@type":"ListItem","position":2,"name":"Osiguranje"}]},{"@type":"WebSite","@id":"https:\/\/humanitas-net.humweb.webiz.team\/#website","url":"https:\/\/humanitas-net.humweb.webiz.team\/","name":"Humanitas.net","description":"Humanitas Hospital","publisher":{"@id":"https:\/\/humanitas-net.humweb.webiz.team\/#organization"},"potentialAction":[{"@type":"SearchAction","target":{"@type":"EntryPoint","urlTemplate":"https:\/\/humanitas-net.humweb.webiz.team\/?s={search_term_string}"},"query-input":{"@type":"PropertyValueSpecification","valueRequired":true,"valueName":"search_term_string"}}],"inLanguage":"sr-RS"},{"@type":"Organization","@id":"https:\/\/humanitas-net.humweb.webiz.team\/#organization","name":"Humanitas","url":"https:\/\/humanitas-net.humweb.webiz.team\/","logo":{"@type":"ImageObject","inLanguage":"sr-RS","@id":"https:\/\/humanitas-net.humweb.webiz.team\/#\/schema\/logo\/image\/","url":"https:\/\/humanitas-net.humweb.webiz.team\/wp-content\/uploads\/2025\/01\/new-humanitas-logo-1.svg","contentUrl":"https:\/\/humanitas-net.humweb.webiz.team\/wp-content\/uploads\/2025\/01\/new-humanitas-logo-1.svg","width":1,"height":1,"caption":"Humanitas"},"image":{"@id":"https:\/\/humanitas-net.humweb.webiz.team\/#\/schema\/logo\/image\/"},"sameAs":["https:\/\/www.facebook.com\/HumanitasInternational\/","https:\/\/x.com\/humanitasmilano"]}]}},"acf":[],"_links":{"self":[{"href":"https:\/\/humanitas-net.humweb.webiz.team\/sr\/wp-json\/wp\/v2\/pages\/83238","targetHints":{"allow":["GET"]}}],"collection":[{"href":"https:\/\/humanitas-net.humweb.webiz.team\/sr\/wp-json\/wp\/v2\/pages"}],"about":[{"href":"https:\/\/humanitas-net.humweb.webiz.team\/sr\/wp-json\/wp\/v2\/types\/page"}],"author":[{"embeddable":true,"href":"https:\/\/humanitas-net.humweb.webiz.team\/sr\/wp-json\/wp\/v2\/users\/1"}],"replies":[{"embeddable":true,"href":"https:\/\/humanitas-net.humweb.webiz.team\/sr\/wp-json\/wp\/v2\/comments?post=83238"}],"version-history":[{"count":1,"href":"https:\/\/humanitas-net.humweb.webiz.team\/sr\/wp-json\/wp\/v2\/pages\/83238\/revisions"}],"predecessor-version":[{"id":83239,"href":"https:\/\/humanitas-net.humweb.webiz.team\/sr\/wp-json\/wp\/v2\/pages\/83238\/revisions\/83239"}],"wp:featuredmedia":[{"embeddable":true,"href":"https:\/\/humanitas-net.humweb.webiz.team\/sr\/wp-json\/wp\/v2\/media\/83170"}],"wp:attachment":[{"href":"https:\/\/humanitas-net.humweb.webiz.team\/sr\/wp-json\/wp\/v2\/media?parent=83238"}],"curies":[{"name":"wp","href":"https:\/\/api.w.org\/{rel}","templated":true}]}}