{"id":83236,"date":"2025-01-13T02:38:14","date_gmt":"2025-01-13T02:38:14","guid":{"rendered":"http:\/\/humanitasnet-new.local\/humanitas-univerzitet\/"},"modified":"2025-01-13T02:38:15","modified_gmt":"2025-01-13T02:38:15","slug":"humanitas-univerzitet","status":"publish","type":"page","link":"https:\/\/humanitas-net.humweb.webiz.team\/sr\/humanitas-univerzitet\/","title":{"rendered":"Humanitas Univerzitet"},"content":{"rendered":"<p>Humanitas je Nastavna Bolnica: zadatak Univerziteta Humanitas jeste obuka i osposobljavanje globalno misle\u0107ih zdravstvenih radnika uz pomo\u0107 vrhunskih interaktivnih metoda predavanja i bliske interakcije i saradnje sa pripadnicima zajednice koji se bave klini\u010dkim i istra\u017eiva\u010dkim radom.<\/p>\n<p>Klju\u010dne ta\u010dke projekta Humanitas Univerziteta su:<\/p>\n<ul>\n<li>Tradicija i zave\u0161tanje od 14 godina<\/li>\n<li>Tesna interakcija izme\u0111u prvoklasnih bolni\u010dkih objekata Humanitasa i najsavremenijih istra\u017eivanja<\/li>\n<li>Me\u0111unarodno zvanje<\/li>\n<li>Najsavremeniji interaktivni metodi nastave.<\/li>\n<\/ul>\n<p>Pri punom kapacitetu, Humanitas Univerzitet primi\u0107e vi\u0161e od 700 studenata, od kojih \u0107e njih 100 (po godini studiranja) biti u okviru Medicinske \u0161kole, a njih 40 u \u0161koli za Medicinske sestre. U 2017. godini bi\u0107e otvoren novi studentski dom povr\u0161ine 20.000 m<sup>2<\/sup>.<\/p>\n","protected":false},"excerpt":{"rendered":"<p>Humanitas je Nastavna Bolnica: zadatak Univerziteta Humanitas jeste obuka i osposobljavanje globalno misle\u0107ih zdravstvenih radnika uz pomo\u0107 vrhunskih interaktivnih metoda predavanja i bliske interakcije i saradnje sa pripadnicima zajednice koji se bave klini\u010dkim i istra\u017eiva\u010dkim radom. Klju\u010dne ta\u010dke projekta Humanitas Univerziteta su: Tradicija i zave\u0161tanje od 14 godina Tesna interakcija izme\u0111u prvoklasnih bolni\u010dkih objekata Humanitasa [&hellip;]<\/p>\n","protected":false},"author":1,"featured_media":0,"parent":0,"menu_order":0,"comment_status":"open","ping_status":"open","template":"","meta":{"_acf_changed":false,"footnotes":""},"class_list":["post-83236","page","type-page","status-publish","hentry"],"yoast_head":"<!-- This site is optimized with the Yoast SEO plugin v24.3 - https:\/\/yoast.com\/wordpress\/plugins\/seo\/ -->\n<title>Humanitas Univerzitet - Humanitas.net<\/title>\n<meta name=\"robots\" content=\"noindex, follow, max-snippet:-1, max-image-preview:large, max-video-preview:-1\" \/>\n<meta property=\"og:locale\" content=\"sr_RS\" \/>\n<meta property=\"og:type\" content=\"article\" \/>\n<meta property=\"og:title\" content=\"Humanitas Univerzitet - Humanitas.net\" \/>\n<meta property=\"og:description\" content=\"Humanitas je Nastavna Bolnica: zadatak Univerziteta Humanitas jeste obuka i osposobljavanje globalno misle\u0107ih zdravstvenih radnika uz pomo\u0107 vrhunskih interaktivnih metoda predavanja i bliske interakcije i saradnje sa pripadnicima zajednice koji se bave klini\u010dkim i istra\u017eiva\u010dkim radom. Klju\u010dne ta\u010dke projekta Humanitas Univerziteta su: Tradicija i zave\u0161tanje od 14 godina Tesna interakcija izme\u0111u prvoklasnih bolni\u010dkih objekata Humanitasa [&hellip;]\" \/>\n<meta property=\"og:url\" content=\"https:\/\/humanitas-net.humweb.webiz.team\/sr\/humanitas-univerzitet\/\" \/>\n<meta property=\"og:site_name\" content=\"Humanitas.net\" \/>\n<meta property=\"article:publisher\" content=\"https:\/\/www.facebook.com\/HumanitasInternational\/\" \/>\n<meta property=\"article:modified_time\" content=\"2025-01-13T02:38:15+00:00\" \/>\n<meta name=\"twitter:card\" content=\"summary_large_image\" \/>\n<meta name=\"twitter:site\" content=\"@humanitasmilano\" \/>\n<meta name=\"twitter:label1\" content=\"Est. reading time\" \/>\n\t<meta name=\"twitter:data1\" content=\"1 minute\" \/>\n<script type=\"application\/ld+json\" class=\"yoast-schema-graph\">{\"@context\":\"https:\/\/schema.org\",\"@graph\":[{\"@type\":\"WebPage\",\"@id\":\"https:\/\/humanitas-net.humweb.webiz.team\/sr\/humanitas-univerzitet\/\",\"url\":\"https:\/\/humanitas-net.humweb.webiz.team\/sr\/humanitas-univerzitet\/\",\"name\":\"Humanitas Univerzitet - Humanitas.net\",\"isPartOf\":{\"@id\":\"https:\/\/humanitas-net.humweb.webiz.team\/#website\"},\"datePublished\":\"2025-01-13T02:38:14+00:00\",\"dateModified\":\"2025-01-13T02:38:15+00:00\",\"breadcrumb\":{\"@id\":\"https:\/\/humanitas-net.humweb.webiz.team\/sr\/humanitas-univerzitet\/#breadcrumb\"},\"inLanguage\":\"sr-RS\",\"potentialAction\":[{\"@type\":\"ReadAction\",\"target\":[\"https:\/\/humanitas-net.humweb.webiz.team\/sr\/humanitas-univerzitet\/\"]}]},{\"@type\":\"BreadcrumbList\",\"@id\":\"https:\/\/humanitas-net.humweb.webiz.team\/sr\/humanitas-univerzitet\/#breadcrumb\",\"itemListElement\":[{\"@type\":\"ListItem\",\"position\":1,\"name\":\"Home\",\"item\":\"https:\/\/humanitas-net.humweb.webiz.team\/sr\/\"},{\"@type\":\"ListItem\",\"position\":2,\"name\":\"Humanitas Univerzitet\"}]},{\"@type\":\"WebSite\",\"@id\":\"https:\/\/humanitas-net.humweb.webiz.team\/#website\",\"url\":\"https:\/\/humanitas-net.humweb.webiz.team\/\",\"name\":\"Humanitas.net\",\"description\":\"Humanitas Hospital\",\"publisher\":{\"@id\":\"https:\/\/humanitas-net.humweb.webiz.team\/#organization\"},\"potentialAction\":[{\"@type\":\"SearchAction\",\"target\":{\"@type\":\"EntryPoint\",\"urlTemplate\":\"https:\/\/humanitas-net.humweb.webiz.team\/?s={search_term_string}\"},\"query-input\":{\"@type\":\"PropertyValueSpecification\",\"valueRequired\":true,\"valueName\":\"search_term_string\"}}],\"inLanguage\":\"sr-RS\"},{\"@type\":\"Organization\",\"@id\":\"https:\/\/humanitas-net.humweb.webiz.team\/#organization\",\"name\":\"Humanitas\",\"url\":\"https:\/\/humanitas-net.humweb.webiz.team\/\",\"logo\":{\"@type\":\"ImageObject\",\"inLanguage\":\"sr-RS\",\"@id\":\"https:\/\/humanitas-net.humweb.webiz.team\/#\/schema\/logo\/image\/\",\"url\":\"https:\/\/humanitas-net.humweb.webiz.team\/wp-content\/uploads\/2025\/01\/new-humanitas-logo-1.svg\",\"contentUrl\":\"https:\/\/humanitas-net.humweb.webiz.team\/wp-content\/uploads\/2025\/01\/new-humanitas-logo-1.svg\",\"width\":1,\"height\":1,\"caption\":\"Humanitas\"},\"image\":{\"@id\":\"https:\/\/humanitas-net.humweb.webiz.team\/#\/schema\/logo\/image\/\"},\"sameAs\":[\"https:\/\/www.facebook.com\/HumanitasInternational\/\",\"https:\/\/x.com\/humanitasmilano\"]}]}<\/script>\n<!-- \/ Yoast SEO plugin. -->","yoast_head_json":{"title":"Humanitas Univerzitet - Humanitas.net","robots":{"index":"noindex","follow":"follow","max-snippet":"max-snippet:-1","max-image-preview":"max-image-preview:large","max-video-preview":"max-video-preview:-1"},"og_locale":"sr_RS","og_type":"article","og_title":"Humanitas Univerzitet - Humanitas.net","og_description":"Humanitas je Nastavna Bolnica: zadatak Univerziteta Humanitas jeste obuka i osposobljavanje globalno misle\u0107ih zdravstvenih radnika uz pomo\u0107 vrhunskih interaktivnih metoda predavanja i bliske interakcije i saradnje sa pripadnicima zajednice koji se bave klini\u010dkim i istra\u017eiva\u010dkim radom. Klju\u010dne ta\u010dke projekta Humanitas Univerziteta su: Tradicija i zave\u0161tanje od 14 godina Tesna interakcija izme\u0111u prvoklasnih bolni\u010dkih objekata Humanitasa [&hellip;]","og_url":"https:\/\/humanitas-net.humweb.webiz.team\/sr\/humanitas-univerzitet\/","og_site_name":"Humanitas.net","article_publisher":"https:\/\/www.facebook.com\/HumanitasInternational\/","article_modified_time":"2025-01-13T02:38:15+00:00","twitter_card":"summary_large_image","twitter_site":"@humanitasmilano","twitter_misc":{"Est. reading time":"1 minute"},"schema":{"@context":"https:\/\/schema.org","@graph":[{"@type":"WebPage","@id":"https:\/\/humanitas-net.humweb.webiz.team\/sr\/humanitas-univerzitet\/","url":"https:\/\/humanitas-net.humweb.webiz.team\/sr\/humanitas-univerzitet\/","name":"Humanitas Univerzitet - Humanitas.net","isPartOf":{"@id":"https:\/\/humanitas-net.humweb.webiz.team\/#website"},"datePublished":"2025-01-13T02:38:14+00:00","dateModified":"2025-01-13T02:38:15+00:00","breadcrumb":{"@id":"https:\/\/humanitas-net.humweb.webiz.team\/sr\/humanitas-univerzitet\/#breadcrumb"},"inLanguage":"sr-RS","potentialAction":[{"@type":"ReadAction","target":["https:\/\/humanitas-net.humweb.webiz.team\/sr\/humanitas-univerzitet\/"]}]},{"@type":"BreadcrumbList","@id":"https:\/\/humanitas-net.humweb.webiz.team\/sr\/humanitas-univerzitet\/#breadcrumb","itemListElement":[{"@type":"ListItem","position":1,"name":"Home","item":"https:\/\/humanitas-net.humweb.webiz.team\/sr\/"},{"@type":"ListItem","position":2,"name":"Humanitas Univerzitet"}]},{"@type":"WebSite","@id":"https:\/\/humanitas-net.humweb.webiz.team\/#website","url":"https:\/\/humanitas-net.humweb.webiz.team\/","name":"Humanitas.net","description":"Humanitas Hospital","publisher":{"@id":"https:\/\/humanitas-net.humweb.webiz.team\/#organization"},"potentialAction":[{"@type":"SearchAction","target":{"@type":"EntryPoint","urlTemplate":"https:\/\/humanitas-net.humweb.webiz.team\/?s={search_term_string}"},"query-input":{"@type":"PropertyValueSpecification","valueRequired":true,"valueName":"search_term_string"}}],"inLanguage":"sr-RS"},{"@type":"Organization","@id":"https:\/\/humanitas-net.humweb.webiz.team\/#organization","name":"Humanitas","url":"https:\/\/humanitas-net.humweb.webiz.team\/","logo":{"@type":"ImageObject","inLanguage":"sr-RS","@id":"https:\/\/humanitas-net.humweb.webiz.team\/#\/schema\/logo\/image\/","url":"https:\/\/humanitas-net.humweb.webiz.team\/wp-content\/uploads\/2025\/01\/new-humanitas-logo-1.svg","contentUrl":"https:\/\/humanitas-net.humweb.webiz.team\/wp-content\/uploads\/2025\/01\/new-humanitas-logo-1.svg","width":1,"height":1,"caption":"Humanitas"},"image":{"@id":"https:\/\/humanitas-net.humweb.webiz.team\/#\/schema\/logo\/image\/"},"sameAs":["https:\/\/www.facebook.com\/HumanitasInternational\/","https:\/\/x.com\/humanitasmilano"]}]}},"acf":[],"_links":{"self":[{"href":"https:\/\/humanitas-net.humweb.webiz.team\/sr\/wp-json\/wp\/v2\/pages\/83236","targetHints":{"allow":["GET"]}}],"collection":[{"href":"https:\/\/humanitas-net.humweb.webiz.team\/sr\/wp-json\/wp\/v2\/pages"}],"about":[{"href":"https:\/\/humanitas-net.humweb.webiz.team\/sr\/wp-json\/wp\/v2\/types\/page"}],"author":[{"embeddable":true,"href":"https:\/\/humanitas-net.humweb.webiz.team\/sr\/wp-json\/wp\/v2\/users\/1"}],"replies":[{"embeddable":true,"href":"https:\/\/humanitas-net.humweb.webiz.team\/sr\/wp-json\/wp\/v2\/comments?post=83236"}],"version-history":[{"count":1,"href":"https:\/\/humanitas-net.humweb.webiz.team\/sr\/wp-json\/wp\/v2\/pages\/83236\/revisions"}],"predecessor-version":[{"id":83237,"href":"https:\/\/humanitas-net.humweb.webiz.team\/sr\/wp-json\/wp\/v2\/pages\/83236\/revisions\/83237"}],"wp:attachment":[{"href":"https:\/\/humanitas-net.humweb.webiz.team\/sr\/wp-json\/wp\/v2\/media?parent=83236"}],"curies":[{"name":"wp","href":"https:\/\/api.w.org\/{rel}","templated":true}]}}