{"id":83234,"date":"2025-01-13T02:38:14","date_gmt":"2025-01-13T02:38:14","guid":{"rendered":"http:\/\/humanitasnet-new.local\/istorijat\/"},"modified":"2025-01-13T02:38:14","modified_gmt":"2025-01-13T02:38:14","slug":"istorijat","status":"publish","type":"page","link":"https:\/\/humanitas-net.humweb.webiz.team\/sr\/o-nama\/istorijat\/","title":{"rendered":"Istorijat"},"content":{"rendered":"<p>HUMANITAS je nastao tokom druge polovine 80-ih godina pro\u0161log veka. Na sastanku na kome su prisustvovali prof. Nikola Dioguardi, Pjer Karlo Romanjoli, tada\u0161nji predsednik Reale Mutua, \u0110anfeli\u0107e Roka i grupa preduzetnika, rodila se ideja o stvaranju \u201cmoderne i dobro organizovane bolnice sa privilegovanim odnosom lekar-pacijent\u201d.<\/p>\n<p>&nbsp;<\/p>\n<h3 id=\"1989\">1989<\/h3>\n<p>Techint izra\u0111uje studiju izvodljivosti uz u\u010de\u0161\u0107e dve specijalizovane kompanije iz Velike Britanije, poznatih kao WS ATKINS i BUPA \u2013 Britanska Ujedinjena Providentna Asocijacija. Me\u0111u predstavljenim projektima, odabran je jedan koji se odlikovao originalno\u0161\u0107u, a koji je osmislio arhitekta D\u017eejms Gouan. Dizajn i izgradnja bolni\u010dkog kompleksa povereni su kompaniji Tachint. Tokom preliminarnih studija, kao mesto od zna\u010daja zbog ukr\u0161tanja puteva odre\u0111eno je gradsko podru\u010dje u ju\u017enom delu Milana. Cilj je bio izgradnja objekta uz primenu specijalizovane ekspertize i visokog stru\u010dnog kadra.<\/p>\n<p>&nbsp;<\/p>\n<h3 id=\"1996\">1996<\/h3>\n<p>Izgradnja bolnice je zavr\u0161ena. Dana 04.03.1996. godine, Humanitas otvara svoja vrata prvom pacijentu.<\/p>\n<p>&nbsp;<\/p>\n<h3 id=\"1997\">1997<\/h3>\n<p>Stupa na snagu sporazum o uslugama bolni\u010dkog le\u010denja sa Svetskom Zdravstvenom Organizacijom.<\/p>\n<p>&nbsp;<\/p>\n<h3 id=\"1999\">1999<\/h3>\n<p>Stvara se Fondacija Humanitas u cilju pomaganja pacijentima i njihovim lekarima sa prakti\u010dnog i psiholo\u0161kog stanovi\u0161ta.<\/p>\n<p>&nbsp;<\/p>\n<h3 id=\"2000\">2000<\/h3>\n<p>Humanitas otvara vrata Univerzitetu u Milanu za potrebe prakti\u010dne nastave iz oblasti nege bolesnika, medicine i biotehnologije.<\/p>\n<p>&nbsp;<\/p>\n<h3 id=\"2002\">2002<\/h3>\n<p>Humanitas studija slu\u010daja predstavljena je MBA studentima sa Harvard Univerziteta. Ova ustanova je prva italijanska Op\u0161ta bolnica koja je dobila akreditaciju izvrsnosti izdatu od strane Me\u0111unarodne Zdru\u017eene Komisije (jedna od najva\u017enijih institucija za davanje sertifikata o kvalitetu bolni\u010dkog le\u010denja).<\/p>\n<p>&nbsp;<\/p>\n<h3 id=\"2003\">2003<\/h3>\n<p>Sve\u010dano otvaranje Urgentnog odeljenja i odeljenja Radioterapije bolnice Humanitas.<\/p>\n<p>&nbsp;<\/p>\n<h3 id=\"2005\">2005<\/h3>\n<p>Humanitas je priznat od strane Ministarstva zdravlja kao Institut za Istra\u017eivanje, Bolni\u010dko le\u010denje i Zdravstvenu negu (IRCCS). Formiranje Humanitas Fondacije za Istra\u017eiva\u010dki rad.<\/p>\n<p>&nbsp;<\/p>\n<h3 id=\"2007\">2007<\/h3>\n<p>Sve\u010dano otvaranje novog Istra\u017eiva\u010dkog i obrazovnog centra.<\/p>\n<p>&nbsp;<\/p>\n<h3 id=\"2010\">2010<\/h3>\n<p>Humanitas otvara vrata Me\u0111unarodnoj medicinskoj \u0161koli u saradnji sa Univerzitetom u Milanu.<\/p>\n<p>&nbsp;<\/p>\n<h3 id=\"2012\">2012<\/h3>\n<p>Stalni porast Faktora Uticaja (2012: 2.250) postavlja bolnicu na \u010delo italijanskog Instituta za Istra\u017eivanje, Bolni\u010dko le\u010denje i zdravstvenu negu (IRCCS).<\/p>\n<p>&nbsp;<\/p>\n<h3 id=\"2013\">2013<\/h3>\n<p>Izgradnja novih objekata, pro\u0161irenje dijagnosti\u010dkih blokova.<\/p>\n<p>&nbsp;<\/p>\n<h3 id=\"2014\">2014<\/h3>\n<p>Formiranje Humanitas Univerziteta koji je posve\u0107en medicinskoj nauci.<\/p>\n<p>&nbsp;<\/p>\n<h3 id=\"2015\">2015<\/h3>\n<p>U toku je izgradnja novog studentskog doma.<\/p>\n","protected":false},"excerpt":{"rendered":"<p>HUMANITAS je nastao tokom druge polovine 80-ih godina pro\u0161log veka. Na sastanku na kome su prisustvovali prof. Nikola Dioguardi, Pjer Karlo Romanjoli, tada\u0161nji predsednik Reale Mutua, \u0110anfeli\u0107e Roka i grupa preduzetnika, rodila se ideja o stvaranju \u201cmoderne i dobro organizovane bolnice sa privilegovanim odnosom lekar-pacijent\u201d. &nbsp; 1989 Techint izra\u0111uje studiju izvodljivosti uz u\u010de\u0161\u0107e dve specijalizovane [&hellip;]<\/p>\n","protected":false},"author":1,"featured_media":0,"parent":83232,"menu_order":0,"comment_status":"open","ping_status":"open","template":"","meta":{"_acf_changed":false,"footnotes":""},"class_list":["post-83234","page","type-page","status-publish","hentry"],"yoast_head":"<!-- This site is optimized with the Yoast SEO plugin v24.3 - https:\/\/yoast.com\/wordpress\/plugins\/seo\/ -->\n<title>Istorijat - Humanitas.net<\/title>\n<meta name=\"robots\" content=\"noindex, follow, max-snippet:-1, max-image-preview:large, max-video-preview:-1\" \/>\n<meta property=\"og:locale\" content=\"sr_RS\" \/>\n<meta property=\"og:type\" content=\"article\" \/>\n<meta property=\"og:title\" content=\"Istorijat - Humanitas.net\" \/>\n<meta property=\"og:description\" content=\"HUMANITAS je nastao tokom druge polovine 80-ih godina pro\u0161log veka. Na sastanku na kome su prisustvovali prof. Nikola Dioguardi, Pjer Karlo Romanjoli, tada\u0161nji predsednik Reale Mutua, \u0110anfeli\u0107e Roka i grupa preduzetnika, rodila se ideja o stvaranju \u201cmoderne i dobro organizovane bolnice sa privilegovanim odnosom lekar-pacijent\u201d. &nbsp; 1989 Techint izra\u0111uje studiju izvodljivosti uz u\u010de\u0161\u0107e dve specijalizovane [&hellip;]\" \/>\n<meta property=\"og:url\" content=\"https:\/\/humanitas-net.humweb.webiz.team\/sr\/o-nama\/istorijat\/\" \/>\n<meta property=\"og:site_name\" content=\"Humanitas.net\" \/>\n<meta property=\"article:publisher\" content=\"https:\/\/www.facebook.com\/HumanitasInternational\/\" \/>\n<meta name=\"twitter:card\" content=\"summary_large_image\" \/>\n<meta name=\"twitter:site\" content=\"@humanitasmilano\" \/>\n<meta name=\"twitter:label1\" content=\"Est. reading time\" \/>\n\t<meta name=\"twitter:data1\" content=\"2 minutes\" \/>\n<script type=\"application\/ld+json\" class=\"yoast-schema-graph\">{\"@context\":\"https:\/\/schema.org\",\"@graph\":[{\"@type\":\"WebPage\",\"@id\":\"https:\/\/humanitas-net.humweb.webiz.team\/sr\/o-nama\/istorijat\/\",\"url\":\"https:\/\/humanitas-net.humweb.webiz.team\/sr\/o-nama\/istorijat\/\",\"name\":\"Istorijat - Humanitas.net\",\"isPartOf\":{\"@id\":\"https:\/\/humanitas-net.humweb.webiz.team\/#website\"},\"datePublished\":\"2025-01-13T02:38:14+00:00\",\"dateModified\":\"2025-01-13T02:38:14+00:00\",\"breadcrumb\":{\"@id\":\"https:\/\/humanitas-net.humweb.webiz.team\/sr\/o-nama\/istorijat\/#breadcrumb\"},\"inLanguage\":\"sr-RS\",\"potentialAction\":[{\"@type\":\"ReadAction\",\"target\":[\"https:\/\/humanitas-net.humweb.webiz.team\/sr\/o-nama\/istorijat\/\"]}]},{\"@type\":\"BreadcrumbList\",\"@id\":\"https:\/\/humanitas-net.humweb.webiz.team\/sr\/o-nama\/istorijat\/#breadcrumb\",\"itemListElement\":[{\"@type\":\"ListItem\",\"position\":1,\"name\":\"Home\",\"item\":\"https:\/\/humanitas-net.humweb.webiz.team\/sr\/\"},{\"@type\":\"ListItem\",\"position\":2,\"name\":\"O Nama\",\"item\":\"https:\/\/humanitas-net.humweb.webiz.team\/sr\/o-nama\/\"},{\"@type\":\"ListItem\",\"position\":3,\"name\":\"Istorijat\"}]},{\"@type\":\"WebSite\",\"@id\":\"https:\/\/humanitas-net.humweb.webiz.team\/#website\",\"url\":\"https:\/\/humanitas-net.humweb.webiz.team\/\",\"name\":\"Humanitas.net\",\"description\":\"Humanitas Hospital\",\"publisher\":{\"@id\":\"https:\/\/humanitas-net.humweb.webiz.team\/#organization\"},\"potentialAction\":[{\"@type\":\"SearchAction\",\"target\":{\"@type\":\"EntryPoint\",\"urlTemplate\":\"https:\/\/humanitas-net.humweb.webiz.team\/?s={search_term_string}\"},\"query-input\":{\"@type\":\"PropertyValueSpecification\",\"valueRequired\":true,\"valueName\":\"search_term_string\"}}],\"inLanguage\":\"sr-RS\"},{\"@type\":\"Organization\",\"@id\":\"https:\/\/humanitas-net.humweb.webiz.team\/#organization\",\"name\":\"Humanitas\",\"url\":\"https:\/\/humanitas-net.humweb.webiz.team\/\",\"logo\":{\"@type\":\"ImageObject\",\"inLanguage\":\"sr-RS\",\"@id\":\"https:\/\/humanitas-net.humweb.webiz.team\/#\/schema\/logo\/image\/\",\"url\":\"https:\/\/humanitas-net.humweb.webiz.team\/wp-content\/uploads\/2025\/01\/new-humanitas-logo-1.svg\",\"contentUrl\":\"https:\/\/humanitas-net.humweb.webiz.team\/wp-content\/uploads\/2025\/01\/new-humanitas-logo-1.svg\",\"width\":1,\"height\":1,\"caption\":\"Humanitas\"},\"image\":{\"@id\":\"https:\/\/humanitas-net.humweb.webiz.team\/#\/schema\/logo\/image\/\"},\"sameAs\":[\"https:\/\/www.facebook.com\/HumanitasInternational\/\",\"https:\/\/x.com\/humanitasmilano\"]}]}<\/script>\n<!-- \/ Yoast SEO plugin. -->","yoast_head_json":{"title":"Istorijat - Humanitas.net","robots":{"index":"noindex","follow":"follow","max-snippet":"max-snippet:-1","max-image-preview":"max-image-preview:large","max-video-preview":"max-video-preview:-1"},"og_locale":"sr_RS","og_type":"article","og_title":"Istorijat - Humanitas.net","og_description":"HUMANITAS je nastao tokom druge polovine 80-ih godina pro\u0161log veka. Na sastanku na kome su prisustvovali prof. Nikola Dioguardi, Pjer Karlo Romanjoli, tada\u0161nji predsednik Reale Mutua, \u0110anfeli\u0107e Roka i grupa preduzetnika, rodila se ideja o stvaranju \u201cmoderne i dobro organizovane bolnice sa privilegovanim odnosom lekar-pacijent\u201d. &nbsp; 1989 Techint izra\u0111uje studiju izvodljivosti uz u\u010de\u0161\u0107e dve specijalizovane [&hellip;]","og_url":"https:\/\/humanitas-net.humweb.webiz.team\/sr\/o-nama\/istorijat\/","og_site_name":"Humanitas.net","article_publisher":"https:\/\/www.facebook.com\/HumanitasInternational\/","twitter_card":"summary_large_image","twitter_site":"@humanitasmilano","twitter_misc":{"Est. reading time":"2 minutes"},"schema":{"@context":"https:\/\/schema.org","@graph":[{"@type":"WebPage","@id":"https:\/\/humanitas-net.humweb.webiz.team\/sr\/o-nama\/istorijat\/","url":"https:\/\/humanitas-net.humweb.webiz.team\/sr\/o-nama\/istorijat\/","name":"Istorijat - Humanitas.net","isPartOf":{"@id":"https:\/\/humanitas-net.humweb.webiz.team\/#website"},"datePublished":"2025-01-13T02:38:14+00:00","dateModified":"2025-01-13T02:38:14+00:00","breadcrumb":{"@id":"https:\/\/humanitas-net.humweb.webiz.team\/sr\/o-nama\/istorijat\/#breadcrumb"},"inLanguage":"sr-RS","potentialAction":[{"@type":"ReadAction","target":["https:\/\/humanitas-net.humweb.webiz.team\/sr\/o-nama\/istorijat\/"]}]},{"@type":"BreadcrumbList","@id":"https:\/\/humanitas-net.humweb.webiz.team\/sr\/o-nama\/istorijat\/#breadcrumb","itemListElement":[{"@type":"ListItem","position":1,"name":"Home","item":"https:\/\/humanitas-net.humweb.webiz.team\/sr\/"},{"@type":"ListItem","position":2,"name":"O Nama","item":"https:\/\/humanitas-net.humweb.webiz.team\/sr\/o-nama\/"},{"@type":"ListItem","position":3,"name":"Istorijat"}]},{"@type":"WebSite","@id":"https:\/\/humanitas-net.humweb.webiz.team\/#website","url":"https:\/\/humanitas-net.humweb.webiz.team\/","name":"Humanitas.net","description":"Humanitas Hospital","publisher":{"@id":"https:\/\/humanitas-net.humweb.webiz.team\/#organization"},"potentialAction":[{"@type":"SearchAction","target":{"@type":"EntryPoint","urlTemplate":"https:\/\/humanitas-net.humweb.webiz.team\/?s={search_term_string}"},"query-input":{"@type":"PropertyValueSpecification","valueRequired":true,"valueName":"search_term_string"}}],"inLanguage":"sr-RS"},{"@type":"Organization","@id":"https:\/\/humanitas-net.humweb.webiz.team\/#organization","name":"Humanitas","url":"https:\/\/humanitas-net.humweb.webiz.team\/","logo":{"@type":"ImageObject","inLanguage":"sr-RS","@id":"https:\/\/humanitas-net.humweb.webiz.team\/#\/schema\/logo\/image\/","url":"https:\/\/humanitas-net.humweb.webiz.team\/wp-content\/uploads\/2025\/01\/new-humanitas-logo-1.svg","contentUrl":"https:\/\/humanitas-net.humweb.webiz.team\/wp-content\/uploads\/2025\/01\/new-humanitas-logo-1.svg","width":1,"height":1,"caption":"Humanitas"},"image":{"@id":"https:\/\/humanitas-net.humweb.webiz.team\/#\/schema\/logo\/image\/"},"sameAs":["https:\/\/www.facebook.com\/HumanitasInternational\/","https:\/\/x.com\/humanitasmilano"]}]}},"acf":[],"_links":{"self":[{"href":"https:\/\/humanitas-net.humweb.webiz.team\/sr\/wp-json\/wp\/v2\/pages\/83234","targetHints":{"allow":["GET"]}}],"collection":[{"href":"https:\/\/humanitas-net.humweb.webiz.team\/sr\/wp-json\/wp\/v2\/pages"}],"about":[{"href":"https:\/\/humanitas-net.humweb.webiz.team\/sr\/wp-json\/wp\/v2\/types\/page"}],"author":[{"embeddable":true,"href":"https:\/\/humanitas-net.humweb.webiz.team\/sr\/wp-json\/wp\/v2\/users\/1"}],"replies":[{"embeddable":true,"href":"https:\/\/humanitas-net.humweb.webiz.team\/sr\/wp-json\/wp\/v2\/comments?post=83234"}],"version-history":[{"count":1,"href":"https:\/\/humanitas-net.humweb.webiz.team\/sr\/wp-json\/wp\/v2\/pages\/83234\/revisions"}],"predecessor-version":[{"id":83235,"href":"https:\/\/humanitas-net.humweb.webiz.team\/sr\/wp-json\/wp\/v2\/pages\/83234\/revisions\/83235"}],"up":[{"embeddable":true,"href":"https:\/\/humanitas-net.humweb.webiz.team\/sr\/wp-json\/wp\/v2\/pages\/83232"}],"wp:attachment":[{"href":"https:\/\/humanitas-net.humweb.webiz.team\/sr\/wp-json\/wp\/v2\/media?parent=83234"}],"curies":[{"name":"wp","href":"https:\/\/api.w.org\/{rel}","templated":true}]}}