{"id":83392,"date":"2025-01-13T02:38:53","date_gmt":"2025-01-13T02:38:53","guid":{"rendered":"http:\/\/humanitasnet-new.local\/first-visit-2\/"},"modified":"2025-01-13T02:39:02","modified_gmt":"2025-01-13T02:39:02","slug":"first-visit","status":"publish","type":"page","link":"https:\/\/humanitas-net.humweb.webiz.team\/ro\/first-visit\/","title":{"rendered":"First Visit"},"content":{"rendered":"<p>Scopul primei vizite este diagnosticarea posibilelor afec\u021biuni bucale care afecteaz\u0103 din\u021bii \u0219i mucoasele \u0219i elaborarea unui plan opera\u021bional general de conservare a din\u021bilor \u0219i reabilitare a zonelor f\u0103r\u0103 din\u021bi (edentuloase).<\/p>\n<p>Un instrument cu adev\u0103rat util pentru diagnostic este tomografia panoramic\u0103 (ortopantomografia din\u021bilor superiori \u0219i inferiori): \u00een timpul interven\u021biilor chirurgicale este adesea sus\u021binut\u0103 de TAC (dentalscan) sau latero-lateral\u0103 cranic\u0103 pentru cazuri ortodontice.<\/p>\n<p>Singurul factor de risc pentru radiografii este sarcina. De asemenea, este extrem de important s\u0103 ceri personalului medical s\u0103 nu foloseasc\u0103 m\u0103nu\u0219i din latex dac\u0103 e\u0219ti (sau crezi c\u0103 e\u0219ti) alergic la latex.<\/p>\n<p>Pute\u021bi solicita oa doua vizit\u0103 \u00een cazul \u00een care unul sau unele dintre examenele dvs. pentru prima vizit\u0103 trebuie reevaluate.<\/p>\n<h2 id=\"ce-se-intampla-in-timpul-primei-vizite\">Ce se \u00eent\u00e2mpl\u0103 \u00een timpul primei vizite?<\/h2>\n<p>Aceast\u0103 h\u00e2rtie este completat\u0103 pentru a continua \u00eengrijirea stomatologic\u0103:<\/p>\n<ul>\n<li>Informatie biografica<\/li>\n<li>Istoric clinic nespecific<\/li>\n<li>Starea dentar\u0103 \u00een func\u021bie de vizit\u0103<\/li>\n<li>Fi\u0219\u0103 medical\u0103<\/li>\n<li>Consim\u021b\u0103m\u00e2nt informat<\/li>\n<\/ul>\n","protected":false},"excerpt":{"rendered":"<p>Scopul primei vizite este diagnosticarea posibilelor afec\u021biuni bucale care afecteaz\u0103 din\u021bii \u0219i mucoasele \u0219i elaborarea unui plan opera\u021bional general de conservare a din\u021bilor \u0219i reabilitare a zonelor f\u0103r\u0103 din\u021bi (edentuloase). Un instrument cu adev\u0103rat util pentru diagnostic este tomografia panoramic\u0103 (ortopantomografia din\u021bilor superiori \u0219i inferiori): \u00een timpul interven\u021biilor chirurgicale este adesea sus\u021binut\u0103 de TAC (dentalscan) [&hellip;]<\/p>\n","protected":false},"author":1,"featured_media":0,"parent":0,"menu_order":0,"comment_status":"open","ping_status":"open","template":"","meta":{"_acf_changed":false,"footnotes":""},"class_list":["post-83392","page","type-page","status-publish","hentry"],"yoast_head":"<!-- This site is optimized with the Yoast SEO plugin v24.3 - https:\/\/yoast.com\/wordpress\/plugins\/seo\/ -->\n<title>First Visit - Humanitas.net<\/title>\n<meta name=\"robots\" content=\"noindex, follow, max-snippet:-1, max-image-preview:large, max-video-preview:-1\" \/>\n<meta property=\"og:locale\" content=\"ro_RO\" \/>\n<meta property=\"og:type\" content=\"article\" \/>\n<meta property=\"og:title\" content=\"First Visit - Humanitas.net\" \/>\n<meta property=\"og:description\" content=\"Scopul primei vizite este diagnosticarea posibilelor afec\u021biuni bucale care afecteaz\u0103 din\u021bii \u0219i mucoasele \u0219i elaborarea unui plan opera\u021bional general de conservare a din\u021bilor \u0219i reabilitare a zonelor f\u0103r\u0103 din\u021bi (edentuloase). Un instrument cu adev\u0103rat util pentru diagnostic este tomografia panoramic\u0103 (ortopantomografia din\u021bilor superiori \u0219i inferiori): \u00een timpul interven\u021biilor chirurgicale este adesea sus\u021binut\u0103 de TAC (dentalscan) [&hellip;]\" \/>\n<meta property=\"og:url\" content=\"https:\/\/humanitas-net.humweb.webiz.team\/first-visit\/\" \/>\n<meta property=\"og:site_name\" content=\"Humanitas.net\" \/>\n<meta property=\"article:publisher\" content=\"https:\/\/www.facebook.com\/HumanitasInternational\/\" \/>\n<meta property=\"article:modified_time\" content=\"2025-01-13T02:39:02+00:00\" \/>\n<meta name=\"twitter:card\" content=\"summary_large_image\" \/>\n<meta name=\"twitter:site\" content=\"@humanitasmilano\" \/>\n<meta name=\"twitter:label1\" content=\"Est. reading time\" \/>\n\t<meta name=\"twitter:data1\" content=\"1 minute\" \/>\n<script type=\"application\/ld+json\" class=\"yoast-schema-graph\">{\"@context\":\"https:\/\/schema.org\",\"@graph\":[{\"@type\":\"WebPage\",\"@id\":\"https:\/\/humanitas-net.humweb.webiz.team\/first-visit\/\",\"url\":\"https:\/\/humanitas-net.humweb.webiz.team\/first-visit\/\",\"name\":\"First Visit - Humanitas.net\",\"isPartOf\":{\"@id\":\"https:\/\/humanitas-net.humweb.webiz.team\/#website\"},\"datePublished\":\"2025-01-13T02:38:53+00:00\",\"dateModified\":\"2025-01-13T02:39:02+00:00\",\"breadcrumb\":{\"@id\":\"https:\/\/humanitas-net.humweb.webiz.team\/first-visit\/#breadcrumb\"},\"inLanguage\":\"ro-RO\",\"potentialAction\":[{\"@type\":\"ReadAction\",\"target\":[\"https:\/\/humanitas-net.humweb.webiz.team\/first-visit\/\"]}]},{\"@type\":\"BreadcrumbList\",\"@id\":\"https:\/\/humanitas-net.humweb.webiz.team\/first-visit\/#breadcrumb\",\"itemListElement\":[{\"@type\":\"ListItem\",\"position\":1,\"name\":\"Home\",\"item\":\"https:\/\/humanitas-net.humweb.webiz.team\/ro\/\"},{\"@type\":\"ListItem\",\"position\":2,\"name\":\"First Visit\"}]},{\"@type\":\"WebSite\",\"@id\":\"https:\/\/humanitas-net.humweb.webiz.team\/#website\",\"url\":\"https:\/\/humanitas-net.humweb.webiz.team\/\",\"name\":\"Humanitas.net\",\"description\":\"Humanitas Hospital\",\"publisher\":{\"@id\":\"https:\/\/humanitas-net.humweb.webiz.team\/#organization\"},\"potentialAction\":[{\"@type\":\"SearchAction\",\"target\":{\"@type\":\"EntryPoint\",\"urlTemplate\":\"https:\/\/humanitas-net.humweb.webiz.team\/?s={search_term_string}\"},\"query-input\":{\"@type\":\"PropertyValueSpecification\",\"valueRequired\":true,\"valueName\":\"search_term_string\"}}],\"inLanguage\":\"ro-RO\"},{\"@type\":\"Organization\",\"@id\":\"https:\/\/humanitas-net.humweb.webiz.team\/#organization\",\"name\":\"Humanitas\",\"url\":\"https:\/\/humanitas-net.humweb.webiz.team\/\",\"logo\":{\"@type\":\"ImageObject\",\"inLanguage\":\"ro-RO\",\"@id\":\"https:\/\/humanitas-net.humweb.webiz.team\/#\/schema\/logo\/image\/\",\"url\":\"https:\/\/humanitas-net.humweb.webiz.team\/wp-content\/uploads\/2025\/01\/new-humanitas-logo-1.svg\",\"contentUrl\":\"https:\/\/humanitas-net.humweb.webiz.team\/wp-content\/uploads\/2025\/01\/new-humanitas-logo-1.svg\",\"width\":1,\"height\":1,\"caption\":\"Humanitas\"},\"image\":{\"@id\":\"https:\/\/humanitas-net.humweb.webiz.team\/#\/schema\/logo\/image\/\"},\"sameAs\":[\"https:\/\/www.facebook.com\/HumanitasInternational\/\",\"https:\/\/x.com\/humanitasmilano\"]}]}<\/script>\n<!-- \/ Yoast SEO plugin. -->","yoast_head_json":{"title":"First Visit - Humanitas.net","robots":{"index":"noindex","follow":"follow","max-snippet":"max-snippet:-1","max-image-preview":"max-image-preview:large","max-video-preview":"max-video-preview:-1"},"og_locale":"ro_RO","og_type":"article","og_title":"First Visit - Humanitas.net","og_description":"Scopul primei vizite este diagnosticarea posibilelor afec\u021biuni bucale care afecteaz\u0103 din\u021bii \u0219i mucoasele \u0219i elaborarea unui plan opera\u021bional general de conservare a din\u021bilor \u0219i reabilitare a zonelor f\u0103r\u0103 din\u021bi (edentuloase). Un instrument cu adev\u0103rat util pentru diagnostic este tomografia panoramic\u0103 (ortopantomografia din\u021bilor superiori \u0219i inferiori): \u00een timpul interven\u021biilor chirurgicale este adesea sus\u021binut\u0103 de TAC (dentalscan) [&hellip;]","og_url":"https:\/\/humanitas-net.humweb.webiz.team\/first-visit\/","og_site_name":"Humanitas.net","article_publisher":"https:\/\/www.facebook.com\/HumanitasInternational\/","article_modified_time":"2025-01-13T02:39:02+00:00","twitter_card":"summary_large_image","twitter_site":"@humanitasmilano","twitter_misc":{"Est. reading time":"1 minute"},"schema":{"@context":"https:\/\/schema.org","@graph":[{"@type":"WebPage","@id":"https:\/\/humanitas-net.humweb.webiz.team\/first-visit\/","url":"https:\/\/humanitas-net.humweb.webiz.team\/first-visit\/","name":"First Visit - Humanitas.net","isPartOf":{"@id":"https:\/\/humanitas-net.humweb.webiz.team\/#website"},"datePublished":"2025-01-13T02:38:53+00:00","dateModified":"2025-01-13T02:39:02+00:00","breadcrumb":{"@id":"https:\/\/humanitas-net.humweb.webiz.team\/first-visit\/#breadcrumb"},"inLanguage":"ro-RO","potentialAction":[{"@type":"ReadAction","target":["https:\/\/humanitas-net.humweb.webiz.team\/first-visit\/"]}]},{"@type":"BreadcrumbList","@id":"https:\/\/humanitas-net.humweb.webiz.team\/first-visit\/#breadcrumb","itemListElement":[{"@type":"ListItem","position":1,"name":"Home","item":"https:\/\/humanitas-net.humweb.webiz.team\/ro\/"},{"@type":"ListItem","position":2,"name":"First Visit"}]},{"@type":"WebSite","@id":"https:\/\/humanitas-net.humweb.webiz.team\/#website","url":"https:\/\/humanitas-net.humweb.webiz.team\/","name":"Humanitas.net","description":"Humanitas Hospital","publisher":{"@id":"https:\/\/humanitas-net.humweb.webiz.team\/#organization"},"potentialAction":[{"@type":"SearchAction","target":{"@type":"EntryPoint","urlTemplate":"https:\/\/humanitas-net.humweb.webiz.team\/?s={search_term_string}"},"query-input":{"@type":"PropertyValueSpecification","valueRequired":true,"valueName":"search_term_string"}}],"inLanguage":"ro-RO"},{"@type":"Organization","@id":"https:\/\/humanitas-net.humweb.webiz.team\/#organization","name":"Humanitas","url":"https:\/\/humanitas-net.humweb.webiz.team\/","logo":{"@type":"ImageObject","inLanguage":"ro-RO","@id":"https:\/\/humanitas-net.humweb.webiz.team\/#\/schema\/logo\/image\/","url":"https:\/\/humanitas-net.humweb.webiz.team\/wp-content\/uploads\/2025\/01\/new-humanitas-logo-1.svg","contentUrl":"https:\/\/humanitas-net.humweb.webiz.team\/wp-content\/uploads\/2025\/01\/new-humanitas-logo-1.svg","width":1,"height":1,"caption":"Humanitas"},"image":{"@id":"https:\/\/humanitas-net.humweb.webiz.team\/#\/schema\/logo\/image\/"},"sameAs":["https:\/\/www.facebook.com\/HumanitasInternational\/","https:\/\/x.com\/humanitasmilano"]}]}},"acf":[],"_links":{"self":[{"href":"https:\/\/humanitas-net.humweb.webiz.team\/ro\/wp-json\/wp\/v2\/pages\/83392","targetHints":{"allow":["GET"]}}],"collection":[{"href":"https:\/\/humanitas-net.humweb.webiz.team\/ro\/wp-json\/wp\/v2\/pages"}],"about":[{"href":"https:\/\/humanitas-net.humweb.webiz.team\/ro\/wp-json\/wp\/v2\/types\/page"}],"author":[{"embeddable":true,"href":"https:\/\/humanitas-net.humweb.webiz.team\/ro\/wp-json\/wp\/v2\/users\/1"}],"replies":[{"embeddable":true,"href":"https:\/\/humanitas-net.humweb.webiz.team\/ro\/wp-json\/wp\/v2\/comments?post=83392"}],"version-history":[{"count":1,"href":"https:\/\/humanitas-net.humweb.webiz.team\/ro\/wp-json\/wp\/v2\/pages\/83392\/revisions"}],"predecessor-version":[{"id":83393,"href":"https:\/\/humanitas-net.humweb.webiz.team\/ro\/wp-json\/wp\/v2\/pages\/83392\/revisions\/83393"}],"wp:attachment":[{"href":"https:\/\/humanitas-net.humweb.webiz.team\/ro\/wp-json\/wp\/v2\/media?parent=83392"}],"curies":[{"name":"wp","href":"https:\/\/api.w.org\/{rel}","templated":true}]}}