{"id":83321,"date":"2025-01-13T02:38:27","date_gmt":"2025-01-13T02:38:27","guid":{"rendered":"http:\/\/humanitasnet-new.local\/de-ce-italia-2\/"},"modified":"2025-01-13T02:38:39","modified_gmt":"2025-01-13T02:38:39","slug":"de-ce-italia-2","status":"publish","type":"page","link":"https:\/\/humanitas-net.humweb.webiz.team\/ro\/de-ce-italia-2\/","title":{"rendered":"De ce Italia?"},"content":{"rendered":"<p>Sistemul de s\u0103n\u0103tate din Lombardia este una dintre cele mai bune din Italia. Se axeaz\u0103 pe tehnologie medical\u0103 \u0219i chirurgical\u0103 inovatoare \u0219i pe formare \u0219i cercetare medical\u0103 avansat\u0103. Medicii din Italia se disting prin excelen\u021ba lor profesional\u0103 \u00een domeniul lor de specialitate.<\/p>\n<p>&nbsp;<\/p>\n<p>Regiunea Lombardia g\u0103zduie\u0219te facilit\u0103\u021bi recunoscute la nivel interna\u021bional \u0219i cele mai importante spitale din Italia. Majoritatea acestor centre colaboreaz\u0103 cu alte institu\u021bii globale. Lombardia este cunoscut\u0103 \u00een special pentru centrele de excelen\u021b\u0103 \u00een oncologie, chirurgie cardio toracic\u0103, neurochirurgie, chirurgie robotic\u0103, chirurgie estetic\u0103 \u0219i ortopedie. \u00cen consecin\u021b\u0103 Lombardia \u0219i, \u00een special, Milano, au atras mul\u021bi medici de renume \u00een multe domenii de specialitate.<\/p>\n<p>&nbsp;<\/p>\n<p>\u00cen fiecare an, pacien\u021bii din toat\u0103 Italia c\u0103l\u0103toresc pentru a ob\u021bine tratament \u00een Lombardia. \u00cen cazul unor specialit\u0103\u021bi, p\u00e2n\u0103 la 50% dintre pacien\u021bii trata\u021bi provin din alte regiuni, de multe ori de la sute de kilometri distan\u021b\u0103. Regiunea Lombardia a reu\u0219it s\u0103 creeze \u0219i s\u0103 men\u021bin\u0103 o ofert\u0103 sustenabil\u0103 de servicii medicale de \u00eenalt\u0103 calitate.<\/p>\n","protected":false},"excerpt":{"rendered":"<p>Sistemul de s\u0103n\u0103tate din Lombardia este una dintre cele mai bune din Italia. Se axeaz\u0103 pe tehnologie medical\u0103 \u0219i chirurgical\u0103 inovatoare \u0219i pe formare \u0219i cercetare medical\u0103 avansat\u0103. Medicii din Italia se disting prin excelen\u021ba lor profesional\u0103 \u00een domeniul lor de specialitate. &nbsp; Regiunea Lombardia g\u0103zduie\u0219te facilit\u0103\u021bi recunoscute la nivel interna\u021bional \u0219i cele mai importante [&hellip;]<\/p>\n","protected":false},"author":1,"featured_media":0,"parent":0,"menu_order":0,"comment_status":"open","ping_status":"open","template":"","meta":{"_acf_changed":false,"footnotes":""},"class_list":["post-83321","page","type-page","status-publish","hentry"],"yoast_head":"<!-- This site is optimized with the Yoast SEO plugin v24.3 - https:\/\/yoast.com\/wordpress\/plugins\/seo\/ -->\n<title>De ce Italia? - Humanitas.net<\/title>\n<meta name=\"robots\" content=\"noindex, follow, max-snippet:-1, max-image-preview:large, max-video-preview:-1\" \/>\n<meta property=\"og:locale\" content=\"ro_RO\" \/>\n<meta property=\"og:type\" content=\"article\" \/>\n<meta property=\"og:title\" content=\"De ce Italia? - Humanitas.net\" \/>\n<meta property=\"og:description\" content=\"Sistemul de s\u0103n\u0103tate din Lombardia este una dintre cele mai bune din Italia. Se axeaz\u0103 pe tehnologie medical\u0103 \u0219i chirurgical\u0103 inovatoare \u0219i pe formare \u0219i cercetare medical\u0103 avansat\u0103. Medicii din Italia se disting prin excelen\u021ba lor profesional\u0103 \u00een domeniul lor de specialitate. &nbsp; Regiunea Lombardia g\u0103zduie\u0219te facilit\u0103\u021bi recunoscute la nivel interna\u021bional \u0219i cele mai importante [&hellip;]\" \/>\n<meta property=\"og:url\" content=\"https:\/\/humanitas-net.humweb.webiz.team\/ro\/de-ce-italia-2\/\" \/>\n<meta property=\"og:site_name\" content=\"Humanitas.net\" \/>\n<meta property=\"article:publisher\" content=\"https:\/\/www.facebook.com\/HumanitasInternational\/\" \/>\n<meta property=\"article:modified_time\" content=\"2025-01-13T02:38:39+00:00\" \/>\n<meta name=\"twitter:card\" content=\"summary_large_image\" \/>\n<meta name=\"twitter:site\" content=\"@humanitasmilano\" \/>\n<meta name=\"twitter:label1\" content=\"Est. reading time\" \/>\n\t<meta name=\"twitter:data1\" content=\"1 minute\" \/>\n<script type=\"application\/ld+json\" class=\"yoast-schema-graph\">{\"@context\":\"https:\/\/schema.org\",\"@graph\":[{\"@type\":\"WebPage\",\"@id\":\"https:\/\/humanitas-net.humweb.webiz.team\/ro\/de-ce-italia-2\/\",\"url\":\"https:\/\/humanitas-net.humweb.webiz.team\/ro\/de-ce-italia-2\/\",\"name\":\"De ce Italia? - Humanitas.net\",\"isPartOf\":{\"@id\":\"https:\/\/humanitas-net.humweb.webiz.team\/#website\"},\"datePublished\":\"2025-01-13T02:38:27+00:00\",\"dateModified\":\"2025-01-13T02:38:39+00:00\",\"breadcrumb\":{\"@id\":\"https:\/\/humanitas-net.humweb.webiz.team\/ro\/de-ce-italia-2\/#breadcrumb\"},\"inLanguage\":\"ro-RO\",\"potentialAction\":[{\"@type\":\"ReadAction\",\"target\":[\"https:\/\/humanitas-net.humweb.webiz.team\/ro\/de-ce-italia-2\/\"]}]},{\"@type\":\"BreadcrumbList\",\"@id\":\"https:\/\/humanitas-net.humweb.webiz.team\/ro\/de-ce-italia-2\/#breadcrumb\",\"itemListElement\":[{\"@type\":\"ListItem\",\"position\":1,\"name\":\"Home\",\"item\":\"https:\/\/humanitas-net.humweb.webiz.team\/ro\/\"},{\"@type\":\"ListItem\",\"position\":2,\"name\":\"De ce Italia?\"}]},{\"@type\":\"WebSite\",\"@id\":\"https:\/\/humanitas-net.humweb.webiz.team\/#website\",\"url\":\"https:\/\/humanitas-net.humweb.webiz.team\/\",\"name\":\"Humanitas.net\",\"description\":\"Humanitas Hospital\",\"publisher\":{\"@id\":\"https:\/\/humanitas-net.humweb.webiz.team\/#organization\"},\"potentialAction\":[{\"@type\":\"SearchAction\",\"target\":{\"@type\":\"EntryPoint\",\"urlTemplate\":\"https:\/\/humanitas-net.humweb.webiz.team\/?s={search_term_string}\"},\"query-input\":{\"@type\":\"PropertyValueSpecification\",\"valueRequired\":true,\"valueName\":\"search_term_string\"}}],\"inLanguage\":\"ro-RO\"},{\"@type\":\"Organization\",\"@id\":\"https:\/\/humanitas-net.humweb.webiz.team\/#organization\",\"name\":\"Humanitas\",\"url\":\"https:\/\/humanitas-net.humweb.webiz.team\/\",\"logo\":{\"@type\":\"ImageObject\",\"inLanguage\":\"ro-RO\",\"@id\":\"https:\/\/humanitas-net.humweb.webiz.team\/#\/schema\/logo\/image\/\",\"url\":\"https:\/\/humanitas-net.humweb.webiz.team\/wp-content\/uploads\/2025\/01\/new-humanitas-logo-1.svg\",\"contentUrl\":\"https:\/\/humanitas-net.humweb.webiz.team\/wp-content\/uploads\/2025\/01\/new-humanitas-logo-1.svg\",\"width\":1,\"height\":1,\"caption\":\"Humanitas\"},\"image\":{\"@id\":\"https:\/\/humanitas-net.humweb.webiz.team\/#\/schema\/logo\/image\/\"},\"sameAs\":[\"https:\/\/www.facebook.com\/HumanitasInternational\/\",\"https:\/\/x.com\/humanitasmilano\"]}]}<\/script>\n<!-- \/ Yoast SEO plugin. -->","yoast_head_json":{"title":"De ce Italia? - Humanitas.net","robots":{"index":"noindex","follow":"follow","max-snippet":"max-snippet:-1","max-image-preview":"max-image-preview:large","max-video-preview":"max-video-preview:-1"},"og_locale":"ro_RO","og_type":"article","og_title":"De ce Italia? - Humanitas.net","og_description":"Sistemul de s\u0103n\u0103tate din Lombardia este una dintre cele mai bune din Italia. Se axeaz\u0103 pe tehnologie medical\u0103 \u0219i chirurgical\u0103 inovatoare \u0219i pe formare \u0219i cercetare medical\u0103 avansat\u0103. Medicii din Italia se disting prin excelen\u021ba lor profesional\u0103 \u00een domeniul lor de specialitate. &nbsp; Regiunea Lombardia g\u0103zduie\u0219te facilit\u0103\u021bi recunoscute la nivel interna\u021bional \u0219i cele mai importante [&hellip;]","og_url":"https:\/\/humanitas-net.humweb.webiz.team\/ro\/de-ce-italia-2\/","og_site_name":"Humanitas.net","article_publisher":"https:\/\/www.facebook.com\/HumanitasInternational\/","article_modified_time":"2025-01-13T02:38:39+00:00","twitter_card":"summary_large_image","twitter_site":"@humanitasmilano","twitter_misc":{"Est. reading time":"1 minute"},"schema":{"@context":"https:\/\/schema.org","@graph":[{"@type":"WebPage","@id":"https:\/\/humanitas-net.humweb.webiz.team\/ro\/de-ce-italia-2\/","url":"https:\/\/humanitas-net.humweb.webiz.team\/ro\/de-ce-italia-2\/","name":"De ce Italia? - Humanitas.net","isPartOf":{"@id":"https:\/\/humanitas-net.humweb.webiz.team\/#website"},"datePublished":"2025-01-13T02:38:27+00:00","dateModified":"2025-01-13T02:38:39+00:00","breadcrumb":{"@id":"https:\/\/humanitas-net.humweb.webiz.team\/ro\/de-ce-italia-2\/#breadcrumb"},"inLanguage":"ro-RO","potentialAction":[{"@type":"ReadAction","target":["https:\/\/humanitas-net.humweb.webiz.team\/ro\/de-ce-italia-2\/"]}]},{"@type":"BreadcrumbList","@id":"https:\/\/humanitas-net.humweb.webiz.team\/ro\/de-ce-italia-2\/#breadcrumb","itemListElement":[{"@type":"ListItem","position":1,"name":"Home","item":"https:\/\/humanitas-net.humweb.webiz.team\/ro\/"},{"@type":"ListItem","position":2,"name":"De ce Italia?"}]},{"@type":"WebSite","@id":"https:\/\/humanitas-net.humweb.webiz.team\/#website","url":"https:\/\/humanitas-net.humweb.webiz.team\/","name":"Humanitas.net","description":"Humanitas Hospital","publisher":{"@id":"https:\/\/humanitas-net.humweb.webiz.team\/#organization"},"potentialAction":[{"@type":"SearchAction","target":{"@type":"EntryPoint","urlTemplate":"https:\/\/humanitas-net.humweb.webiz.team\/?s={search_term_string}"},"query-input":{"@type":"PropertyValueSpecification","valueRequired":true,"valueName":"search_term_string"}}],"inLanguage":"ro-RO"},{"@type":"Organization","@id":"https:\/\/humanitas-net.humweb.webiz.team\/#organization","name":"Humanitas","url":"https:\/\/humanitas-net.humweb.webiz.team\/","logo":{"@type":"ImageObject","inLanguage":"ro-RO","@id":"https:\/\/humanitas-net.humweb.webiz.team\/#\/schema\/logo\/image\/","url":"https:\/\/humanitas-net.humweb.webiz.team\/wp-content\/uploads\/2025\/01\/new-humanitas-logo-1.svg","contentUrl":"https:\/\/humanitas-net.humweb.webiz.team\/wp-content\/uploads\/2025\/01\/new-humanitas-logo-1.svg","width":1,"height":1,"caption":"Humanitas"},"image":{"@id":"https:\/\/humanitas-net.humweb.webiz.team\/#\/schema\/logo\/image\/"},"sameAs":["https:\/\/www.facebook.com\/HumanitasInternational\/","https:\/\/x.com\/humanitasmilano"]}]}},"acf":[],"_links":{"self":[{"href":"https:\/\/humanitas-net.humweb.webiz.team\/ro\/wp-json\/wp\/v2\/pages\/83321","targetHints":{"allow":["GET"]}}],"collection":[{"href":"https:\/\/humanitas-net.humweb.webiz.team\/ro\/wp-json\/wp\/v2\/pages"}],"about":[{"href":"https:\/\/humanitas-net.humweb.webiz.team\/ro\/wp-json\/wp\/v2\/types\/page"}],"author":[{"embeddable":true,"href":"https:\/\/humanitas-net.humweb.webiz.team\/ro\/wp-json\/wp\/v2\/users\/1"}],"replies":[{"embeddable":true,"href":"https:\/\/humanitas-net.humweb.webiz.team\/ro\/wp-json\/wp\/v2\/comments?post=83321"}],"version-history":[{"count":1,"href":"https:\/\/humanitas-net.humweb.webiz.team\/ro\/wp-json\/wp\/v2\/pages\/83321\/revisions"}],"predecessor-version":[{"id":83322,"href":"https:\/\/humanitas-net.humweb.webiz.team\/ro\/wp-json\/wp\/v2\/pages\/83321\/revisions\/83322"}],"wp:attachment":[{"href":"https:\/\/humanitas-net.humweb.webiz.team\/ro\/wp-json\/wp\/v2\/media?parent=83321"}],"curies":[{"name":"wp","href":"https:\/\/api.w.org\/{rel}","templated":true}]}}