{"id":83264,"date":"2025-01-13T02:38:14","date_gmt":"2025-01-13T02:38:14","guid":{"rendered":"http:\/\/humanitasnet-new.local\/servicii-pentru-pacienti-internationali\/"},"modified":"2025-01-13T02:38:24","modified_gmt":"2025-01-13T02:38:24","slug":"servicii-pentru-pacienti-internationali","status":"publish","type":"page","link":"https:\/\/humanitas-net.humweb.webiz.team\/ro\/servicii-pentru-pacienti-internationali\/","title":{"rendered":"Servicii pentru pacien\u021bi interna\u021bionali"},"content":{"rendered":"<p><strong>Departamentul de Cercetare al Spitalului Interna\u021bional Humanitas<\/strong> prevede suport lingvistic psihologic \u0219i moral. Noi oferim interpre\u021bi, asistente medicale de noapte, servicii de traducere 24 de ore, documentare medical\u0103 \u00een limba matern\u0103. Exist\u0103 personal medical multina\u0163ional \u0219i televiziune multina\u0163ional\u0103 \u00een saloane. Aceste facilit\u0103\u021bi faciliteaz\u0103 \u0219ederea pacientului \u00eentr-o \u021bar\u0103 str\u0103in\u0103, \u0219i le u\u0219ureaz\u0103 concentrarea pe dep\u0103\u0219irea rapid\u0103 a bolii \u0219i \u00eentoarcerea acas\u0103 c\u00e2t mai repede posibil.<\/p>\n<p>La primirea cererii de tratament, vom face planul prezumtiv de tratament, estimarea preliminar\u0103 a costurilor \u0219i programului. De asemenea, oferim sprijin de viz\u0103, servicii de transfer de la aeroport, cazarea pacien\u021bilor \u00een ambulatoriu sau la rude, hotel, la clinic\u0103, \u00een apartament-hotel pentru \u0219edere lung\u0103 sau \u00een hoteluri din Milano, la pre\u021buri contractuale.<\/p>\n<p>Humanitas are rela\u021bii contractuale cu societ\u0103\u021bile de asigurare interna\u021bionale, prin urmare, dac\u0103 sunte\u021bi posesorul unei poli\u021be de asigurare medical\u0103, ave\u021bi posibilitatea de a fi tratat \u00een spitalul Humanitas pe baza condi\u021biilor de plat\u0103 direct\u0103, prin intermediul companiei de asigurare (serviciile medicale de care beneficia\u021bi \u00een cadrul spitalului Humanitas vor fi acoperite de compania Dumneavoastr\u0103 de asigur\u0103ri).<\/p>\n","protected":false},"excerpt":{"rendered":"<p>Departamentul de Cercetare al Spitalului Interna\u021bional Humanitas prevede suport lingvistic psihologic \u0219i moral. Noi oferim interpre\u021bi, asistente medicale de noapte, servicii de traducere 24 de ore, documentare medical\u0103 \u00een limba matern\u0103. Exist\u0103 personal medical multina\u0163ional \u0219i televiziune multina\u0163ional\u0103 \u00een saloane. Aceste facilit\u0103\u021bi faciliteaz\u0103 \u0219ederea pacientului \u00eentr-o \u021bar\u0103 str\u0103in\u0103, \u0219i le u\u0219ureaz\u0103 concentrarea pe dep\u0103\u0219irea rapid\u0103 [&hellip;]<\/p>\n","protected":false},"author":1,"featured_media":0,"parent":0,"menu_order":0,"comment_status":"open","ping_status":"open","template":"","meta":{"_acf_changed":false,"footnotes":""},"class_list":["post-83264","page","type-page","status-publish","hentry"],"yoast_head":"<!-- This site is optimized with the Yoast SEO plugin v24.3 - https:\/\/yoast.com\/wordpress\/plugins\/seo\/ -->\n<title>Servicii pentru pacien\u021bi interna\u021bionali - Humanitas.net<\/title>\n<meta name=\"robots\" content=\"noindex, follow, max-snippet:-1, max-image-preview:large, max-video-preview:-1\" \/>\n<meta property=\"og:locale\" content=\"ro_RO\" \/>\n<meta property=\"og:type\" content=\"article\" \/>\n<meta property=\"og:title\" content=\"Servicii pentru pacien\u021bi interna\u021bionali - Humanitas.net\" \/>\n<meta property=\"og:description\" content=\"Departamentul de Cercetare al Spitalului Interna\u021bional Humanitas prevede suport lingvistic psihologic \u0219i moral. Noi oferim interpre\u021bi, asistente medicale de noapte, servicii de traducere 24 de ore, documentare medical\u0103 \u00een limba matern\u0103. Exist\u0103 personal medical multina\u0163ional \u0219i televiziune multina\u0163ional\u0103 \u00een saloane. Aceste facilit\u0103\u021bi faciliteaz\u0103 \u0219ederea pacientului \u00eentr-o \u021bar\u0103 str\u0103in\u0103, \u0219i le u\u0219ureaz\u0103 concentrarea pe dep\u0103\u0219irea rapid\u0103 [&hellip;]\" \/>\n<meta property=\"og:url\" content=\"https:\/\/humanitas-net.humweb.webiz.team\/services-international-patients\/\" \/>\n<meta property=\"og:site_name\" content=\"Humanitas.net\" \/>\n<meta property=\"article:publisher\" content=\"https:\/\/www.facebook.com\/HumanitasInternational\/\" \/>\n<meta property=\"article:modified_time\" content=\"2025-01-13T02:38:24+00:00\" \/>\n<meta name=\"twitter:card\" content=\"summary_large_image\" \/>\n<meta name=\"twitter:site\" content=\"@humanitasmilano\" \/>\n<meta name=\"twitter:label1\" content=\"Est. reading time\" \/>\n\t<meta name=\"twitter:data1\" content=\"1 minute\" \/>\n<script type=\"application\/ld+json\" class=\"yoast-schema-graph\">{\"@context\":\"https:\/\/schema.org\",\"@graph\":[{\"@type\":\"WebPage\",\"@id\":\"https:\/\/humanitas-net.humweb.webiz.team\/services-international-patients\/\",\"url\":\"https:\/\/humanitas-net.humweb.webiz.team\/services-international-patients\/\",\"name\":\"Servicii pentru pacien\u021bi interna\u021bionali - Humanitas.net\",\"isPartOf\":{\"@id\":\"https:\/\/humanitas-net.humweb.webiz.team\/#website\"},\"datePublished\":\"2025-01-13T02:38:14+00:00\",\"dateModified\":\"2025-01-13T02:38:24+00:00\",\"breadcrumb\":{\"@id\":\"https:\/\/humanitas-net.humweb.webiz.team\/services-international-patients\/#breadcrumb\"},\"inLanguage\":\"ro-RO\",\"potentialAction\":[{\"@type\":\"ReadAction\",\"target\":[\"https:\/\/humanitas-net.humweb.webiz.team\/services-international-patients\/\"]}]},{\"@type\":\"BreadcrumbList\",\"@id\":\"https:\/\/humanitas-net.humweb.webiz.team\/services-international-patients\/#breadcrumb\",\"itemListElement\":[{\"@type\":\"ListItem\",\"position\":1,\"name\":\"Home\",\"item\":\"https:\/\/humanitas-net.humweb.webiz.team\/ro\/\"},{\"@type\":\"ListItem\",\"position\":2,\"name\":\"Servicii pentru pacien\u021bi interna\u021bionali\"}]},{\"@type\":\"WebSite\",\"@id\":\"https:\/\/humanitas-net.humweb.webiz.team\/#website\",\"url\":\"https:\/\/humanitas-net.humweb.webiz.team\/\",\"name\":\"Humanitas.net\",\"description\":\"Humanitas Hospital\",\"publisher\":{\"@id\":\"https:\/\/humanitas-net.humweb.webiz.team\/#organization\"},\"potentialAction\":[{\"@type\":\"SearchAction\",\"target\":{\"@type\":\"EntryPoint\",\"urlTemplate\":\"https:\/\/humanitas-net.humweb.webiz.team\/?s={search_term_string}\"},\"query-input\":{\"@type\":\"PropertyValueSpecification\",\"valueRequired\":true,\"valueName\":\"search_term_string\"}}],\"inLanguage\":\"ro-RO\"},{\"@type\":\"Organization\",\"@id\":\"https:\/\/humanitas-net.humweb.webiz.team\/#organization\",\"name\":\"Humanitas\",\"url\":\"https:\/\/humanitas-net.humweb.webiz.team\/\",\"logo\":{\"@type\":\"ImageObject\",\"inLanguage\":\"ro-RO\",\"@id\":\"https:\/\/humanitas-net.humweb.webiz.team\/#\/schema\/logo\/image\/\",\"url\":\"https:\/\/humanitas-net.humweb.webiz.team\/wp-content\/uploads\/2025\/01\/new-humanitas-logo-1.svg\",\"contentUrl\":\"https:\/\/humanitas-net.humweb.webiz.team\/wp-content\/uploads\/2025\/01\/new-humanitas-logo-1.svg\",\"width\":1,\"height\":1,\"caption\":\"Humanitas\"},\"image\":{\"@id\":\"https:\/\/humanitas-net.humweb.webiz.team\/#\/schema\/logo\/image\/\"},\"sameAs\":[\"https:\/\/www.facebook.com\/HumanitasInternational\/\",\"https:\/\/x.com\/humanitasmilano\"]}]}<\/script>\n<!-- \/ Yoast SEO plugin. -->","yoast_head_json":{"title":"Servicii pentru pacien\u021bi interna\u021bionali - Humanitas.net","robots":{"index":"noindex","follow":"follow","max-snippet":"max-snippet:-1","max-image-preview":"max-image-preview:large","max-video-preview":"max-video-preview:-1"},"og_locale":"ro_RO","og_type":"article","og_title":"Servicii pentru pacien\u021bi interna\u021bionali - Humanitas.net","og_description":"Departamentul de Cercetare al Spitalului Interna\u021bional Humanitas prevede suport lingvistic psihologic \u0219i moral. Noi oferim interpre\u021bi, asistente medicale de noapte, servicii de traducere 24 de ore, documentare medical\u0103 \u00een limba matern\u0103. Exist\u0103 personal medical multina\u0163ional \u0219i televiziune multina\u0163ional\u0103 \u00een saloane. Aceste facilit\u0103\u021bi faciliteaz\u0103 \u0219ederea pacientului \u00eentr-o \u021bar\u0103 str\u0103in\u0103, \u0219i le u\u0219ureaz\u0103 concentrarea pe dep\u0103\u0219irea rapid\u0103 [&hellip;]","og_url":"https:\/\/humanitas-net.humweb.webiz.team\/services-international-patients\/","og_site_name":"Humanitas.net","article_publisher":"https:\/\/www.facebook.com\/HumanitasInternational\/","article_modified_time":"2025-01-13T02:38:24+00:00","twitter_card":"summary_large_image","twitter_site":"@humanitasmilano","twitter_misc":{"Est. reading time":"1 minute"},"schema":{"@context":"https:\/\/schema.org","@graph":[{"@type":"WebPage","@id":"https:\/\/humanitas-net.humweb.webiz.team\/services-international-patients\/","url":"https:\/\/humanitas-net.humweb.webiz.team\/services-international-patients\/","name":"Servicii pentru pacien\u021bi interna\u021bionali - Humanitas.net","isPartOf":{"@id":"https:\/\/humanitas-net.humweb.webiz.team\/#website"},"datePublished":"2025-01-13T02:38:14+00:00","dateModified":"2025-01-13T02:38:24+00:00","breadcrumb":{"@id":"https:\/\/humanitas-net.humweb.webiz.team\/services-international-patients\/#breadcrumb"},"inLanguage":"ro-RO","potentialAction":[{"@type":"ReadAction","target":["https:\/\/humanitas-net.humweb.webiz.team\/services-international-patients\/"]}]},{"@type":"BreadcrumbList","@id":"https:\/\/humanitas-net.humweb.webiz.team\/services-international-patients\/#breadcrumb","itemListElement":[{"@type":"ListItem","position":1,"name":"Home","item":"https:\/\/humanitas-net.humweb.webiz.team\/ro\/"},{"@type":"ListItem","position":2,"name":"Servicii pentru pacien\u021bi interna\u021bionali"}]},{"@type":"WebSite","@id":"https:\/\/humanitas-net.humweb.webiz.team\/#website","url":"https:\/\/humanitas-net.humweb.webiz.team\/","name":"Humanitas.net","description":"Humanitas Hospital","publisher":{"@id":"https:\/\/humanitas-net.humweb.webiz.team\/#organization"},"potentialAction":[{"@type":"SearchAction","target":{"@type":"EntryPoint","urlTemplate":"https:\/\/humanitas-net.humweb.webiz.team\/?s={search_term_string}"},"query-input":{"@type":"PropertyValueSpecification","valueRequired":true,"valueName":"search_term_string"}}],"inLanguage":"ro-RO"},{"@type":"Organization","@id":"https:\/\/humanitas-net.humweb.webiz.team\/#organization","name":"Humanitas","url":"https:\/\/humanitas-net.humweb.webiz.team\/","logo":{"@type":"ImageObject","inLanguage":"ro-RO","@id":"https:\/\/humanitas-net.humweb.webiz.team\/#\/schema\/logo\/image\/","url":"https:\/\/humanitas-net.humweb.webiz.team\/wp-content\/uploads\/2025\/01\/new-humanitas-logo-1.svg","contentUrl":"https:\/\/humanitas-net.humweb.webiz.team\/wp-content\/uploads\/2025\/01\/new-humanitas-logo-1.svg","width":1,"height":1,"caption":"Humanitas"},"image":{"@id":"https:\/\/humanitas-net.humweb.webiz.team\/#\/schema\/logo\/image\/"},"sameAs":["https:\/\/www.facebook.com\/HumanitasInternational\/","https:\/\/x.com\/humanitasmilano"]}]}},"acf":[],"_links":{"self":[{"href":"https:\/\/humanitas-net.humweb.webiz.team\/ro\/wp-json\/wp\/v2\/pages\/83264","targetHints":{"allow":["GET"]}}],"collection":[{"href":"https:\/\/humanitas-net.humweb.webiz.team\/ro\/wp-json\/wp\/v2\/pages"}],"about":[{"href":"https:\/\/humanitas-net.humweb.webiz.team\/ro\/wp-json\/wp\/v2\/types\/page"}],"author":[{"embeddable":true,"href":"https:\/\/humanitas-net.humweb.webiz.team\/ro\/wp-json\/wp\/v2\/users\/1"}],"replies":[{"embeddable":true,"href":"https:\/\/humanitas-net.humweb.webiz.team\/ro\/wp-json\/wp\/v2\/comments?post=83264"}],"version-history":[{"count":1,"href":"https:\/\/humanitas-net.humweb.webiz.team\/ro\/wp-json\/wp\/v2\/pages\/83264\/revisions"}],"predecessor-version":[{"id":83265,"href":"https:\/\/humanitas-net.humweb.webiz.team\/ro\/wp-json\/wp\/v2\/pages\/83264\/revisions\/83265"}],"wp:attachment":[{"href":"https:\/\/humanitas-net.humweb.webiz.team\/ro\/wp-json\/wp\/v2\/media?parent=83264"}],"curies":[{"name":"wp","href":"https:\/\/api.w.org\/{rel}","templated":true}]}}