{"id":83260,"date":"2025-01-13T02:38:14","date_gmt":"2025-01-13T02:38:14","guid":{"rendered":"http:\/\/humanitasnet-new.local\/acreditari-internationale\/"},"modified":"2025-01-13T02:38:22","modified_gmt":"2025-01-13T02:38:22","slug":"acreditari-internationale","status":"publish","type":"page","link":"https:\/\/humanitas-net.humweb.webiz.team\/ro\/acreditari-internationale\/","title":{"rendered":"Acredit\u0103ri Interna\u0163ionale"},"content":{"rendered":"<p><strong>Pentru Humanitas o leg\u0103tur\u0103 strict\u0103 \u00eentre gestionarea eficient\u0103 \u0219i activitate clinic\u0103 de \u00eenalt\u0103 calitate este obligatorie.<\/strong> Humanitas a fost prima policlinic\u0103 din Italia, \u0219i printre pu\u021binele din Europa, care a fost certificat\u0103 policlinic de Comisia comun\u0103 interna\u021bional\u0103. Aceast\u0103 recunoa\u0219tere de excelen\u021b\u0103 a fost confirmat\u0103 \u0219i re\u00eennoit\u0103 de cinci ori din 2002 \u0219i presupune respectarea a peste 1.300 de standarde.<\/p>\n<p>Considerat de <strong>Universitatea Harvard<\/strong>, <strong>una dintre cele patru spitale cele mai inovatoare la nivel mondial<\/strong>, <strong>Humanitas este un studiu de caz<\/strong> pentru modelul s\u0103u de organizare, care combin\u0103 <strong>calitatea \u00eengrijirii<\/strong> cu <strong>sustenabilitatea economic\u0103<\/strong>, dezvoltarea \u0219i responsabilitatea social\u0103.<\/p>\n<p>&nbsp;<\/p>\n<p>\u201e&#8230; Organiza\u021biile ar trebui s\u0103 se configureze pentru a excela la trei sarcini: aplicarea celor mai bune practici stabilite \u0219tiin\u021bific pentru tratarea bolilor bine \u00een\u021belese, folosind studiul erorilor pentru a face fa\u021b\u0103 condi\u021biilor care sunt complicate sau prost \u00een\u021belese, \u0219i captarea \u0219i aplicarea \u00eenv\u0103\u0163\u0103mintelor izvor\u00e2te din \u00eengrijirea de zi-de zi. Intermountain Healthcare, Cleveland Clinic, \u015fi Virginia Mason din Statele Unite, \u0219i Istituto clinico Humanitas \u00een Italia, sunt printre organiza\u021biile care fac eforturi mari \u00een \u00eembun\u0103t\u0103\u0163irea rezultatelor pacien\u0163ilor \u0219i eliminarea gre\u015felilor. De\u0219i obstacolele \u00een calea progresului sunt multe, aceste organiza\u021bii dovedesc c\u0103 schimbarea este posibil\u0103&#8230; \u201c<\/p>\n<p>\u201e&#8230; Aceste organiza\u021bii \u00een\u021beleg c\u0103 cuno\u0219tin\u021bele medicale de acum sunt prea voluminoase pentru a fi stocate individual \u00een capetele medicilor, \u00een schimb trebuiesc s\u0103 fie \u00eencorporate \u00een protocoale \u0219i rutine. Cu alte cuvinte, ei \u00ee\u015fi dau seama c\u0103 vindecarea bolii a devenit o responsabilitate organiza\u0163ional\u0103. Ei implementeaz\u0103 \u00een mod con\u0219tient resursele lor pentru a ob\u021bine cele mai bune rezultate posibile pacien\u0163ilor, s\u0103 colecteze \u0219i s\u0103 utilizeze date pentru a \u00eembun\u0103t\u0103\u021bi necru\u021b\u0103tor performan\u021ba, \u0219i abordeaz\u0103 practica medicinal\u0103 de zi cu zi ca o surs\u0103 de \u00een\u021belegere \u0219i inovare&#8230; \u201c<\/p>\n<p>&nbsp;<\/p>\n<p>(Prof. R. Bohmer, Harvard Business Review, April, 30th 2010, page 38)<\/p>\n<p>&nbsp;<\/p>\n<p><strong>Pentru Humanitas o leg\u0103tur\u0103 strict\u0103 \u00eentre gestionarea eficient\u0103 \u0219i o activitate clinic\u0103 de \u00eenalt\u0103 calitate este obligatorie.<\/strong> Humanitas a fost prima policlinic\u0103 din Italia, \u0219i printre pu\u021binele din Europa, care a fost certificat\u0103 policlinic de Comisia comun\u0103 interna\u021bional\u0103. Aceast\u0103 recunoa\u0219tere de excelen\u021b\u0103 a fost confirmat\u0103 \u0219i re\u00eennoit\u0103 de cinci ori din 2002 \u0219i a cerut respectarea peste 1.300 de standarde.<\/p>\n","protected":false},"excerpt":{"rendered":"<p>Pentru Humanitas o leg\u0103tur\u0103 strict\u0103 \u00eentre gestionarea eficient\u0103 \u0219i activitate clinic\u0103 de \u00eenalt\u0103 calitate este obligatorie. Humanitas a fost prima policlinic\u0103 din Italia, \u0219i printre pu\u021binele din Europa, care a fost certificat\u0103 policlinic de Comisia comun\u0103 interna\u021bional\u0103. Aceast\u0103 recunoa\u0219tere de excelen\u021b\u0103 a fost confirmat\u0103 \u0219i re\u00eennoit\u0103 de cinci ori din 2002 \u0219i presupune respectarea a [&hellip;]<\/p>\n","protected":false},"author":1,"featured_media":0,"parent":0,"menu_order":0,"comment_status":"open","ping_status":"open","template":"","meta":{"_acf_changed":false,"footnotes":""},"class_list":["post-83260","page","type-page","status-publish","hentry"],"yoast_head":"<!-- This site is optimized with the Yoast SEO plugin v24.3 - https:\/\/yoast.com\/wordpress\/plugins\/seo\/ -->\n<title>Acredit\u0103ri Interna\u0163ionale - Humanitas.net<\/title>\n<meta name=\"robots\" content=\"noindex, follow, max-snippet:-1, max-image-preview:large, max-video-preview:-1\" \/>\n<meta property=\"og:locale\" content=\"ro_RO\" \/>\n<meta property=\"og:type\" content=\"article\" \/>\n<meta property=\"og:title\" content=\"Acredit\u0103ri Interna\u0163ionale - Humanitas.net\" \/>\n<meta property=\"og:description\" content=\"Pentru Humanitas o leg\u0103tur\u0103 strict\u0103 \u00eentre gestionarea eficient\u0103 \u0219i activitate clinic\u0103 de \u00eenalt\u0103 calitate este obligatorie. Humanitas a fost prima policlinic\u0103 din Italia, \u0219i printre pu\u021binele din Europa, care a fost certificat\u0103 policlinic de Comisia comun\u0103 interna\u021bional\u0103. Aceast\u0103 recunoa\u0219tere de excelen\u021b\u0103 a fost confirmat\u0103 \u0219i re\u00eennoit\u0103 de cinci ori din 2002 \u0219i presupune respectarea a [&hellip;]\" \/>\n<meta property=\"og:url\" content=\"https:\/\/humanitas-net.humweb.webiz.team\/ro\/acreditari-internationale\/\" \/>\n<meta property=\"og:site_name\" content=\"Humanitas.net\" \/>\n<meta property=\"article:publisher\" content=\"https:\/\/www.facebook.com\/HumanitasInternational\/\" \/>\n<meta property=\"article:modified_time\" content=\"2025-01-13T02:38:22+00:00\" \/>\n<meta name=\"twitter:card\" content=\"summary_large_image\" \/>\n<meta name=\"twitter:site\" content=\"@humanitasmilano\" \/>\n<meta name=\"twitter:label1\" content=\"Est. reading time\" \/>\n\t<meta name=\"twitter:data1\" content=\"2 minutes\" \/>\n<script type=\"application\/ld+json\" class=\"yoast-schema-graph\">{\"@context\":\"https:\/\/schema.org\",\"@graph\":[{\"@type\":\"WebPage\",\"@id\":\"https:\/\/humanitas-net.humweb.webiz.team\/ro\/acreditari-internationale\/\",\"url\":\"https:\/\/humanitas-net.humweb.webiz.team\/ro\/acreditari-internationale\/\",\"name\":\"Acredit\u0103ri Interna\u0163ionale - Humanitas.net\",\"isPartOf\":{\"@id\":\"https:\/\/humanitas-net.humweb.webiz.team\/#website\"},\"datePublished\":\"2025-01-13T02:38:14+00:00\",\"dateModified\":\"2025-01-13T02:38:22+00:00\",\"breadcrumb\":{\"@id\":\"https:\/\/humanitas-net.humweb.webiz.team\/ro\/acreditari-internationale\/#breadcrumb\"},\"inLanguage\":\"ro-RO\",\"potentialAction\":[{\"@type\":\"ReadAction\",\"target\":[\"https:\/\/humanitas-net.humweb.webiz.team\/ro\/acreditari-internationale\/\"]}]},{\"@type\":\"BreadcrumbList\",\"@id\":\"https:\/\/humanitas-net.humweb.webiz.team\/ro\/acreditari-internationale\/#breadcrumb\",\"itemListElement\":[{\"@type\":\"ListItem\",\"position\":1,\"name\":\"Home\",\"item\":\"https:\/\/humanitas-net.humweb.webiz.team\/ro\/\"},{\"@type\":\"ListItem\",\"position\":2,\"name\":\"Acredit\u0103ri Interna\u0163ionale\"}]},{\"@type\":\"WebSite\",\"@id\":\"https:\/\/humanitas-net.humweb.webiz.team\/#website\",\"url\":\"https:\/\/humanitas-net.humweb.webiz.team\/\",\"name\":\"Humanitas.net\",\"description\":\"Humanitas Hospital\",\"publisher\":{\"@id\":\"https:\/\/humanitas-net.humweb.webiz.team\/#organization\"},\"potentialAction\":[{\"@type\":\"SearchAction\",\"target\":{\"@type\":\"EntryPoint\",\"urlTemplate\":\"https:\/\/humanitas-net.humweb.webiz.team\/?s={search_term_string}\"},\"query-input\":{\"@type\":\"PropertyValueSpecification\",\"valueRequired\":true,\"valueName\":\"search_term_string\"}}],\"inLanguage\":\"ro-RO\"},{\"@type\":\"Organization\",\"@id\":\"https:\/\/humanitas-net.humweb.webiz.team\/#organization\",\"name\":\"Humanitas\",\"url\":\"https:\/\/humanitas-net.humweb.webiz.team\/\",\"logo\":{\"@type\":\"ImageObject\",\"inLanguage\":\"ro-RO\",\"@id\":\"https:\/\/humanitas-net.humweb.webiz.team\/#\/schema\/logo\/image\/\",\"url\":\"https:\/\/humanitas-net.humweb.webiz.team\/wp-content\/uploads\/2025\/01\/new-humanitas-logo-1.svg\",\"contentUrl\":\"https:\/\/humanitas-net.humweb.webiz.team\/wp-content\/uploads\/2025\/01\/new-humanitas-logo-1.svg\",\"width\":1,\"height\":1,\"caption\":\"Humanitas\"},\"image\":{\"@id\":\"https:\/\/humanitas-net.humweb.webiz.team\/#\/schema\/logo\/image\/\"},\"sameAs\":[\"https:\/\/www.facebook.com\/HumanitasInternational\/\",\"https:\/\/x.com\/humanitasmilano\"]}]}<\/script>\n<!-- \/ Yoast SEO plugin. -->","yoast_head_json":{"title":"Acredit\u0103ri Interna\u0163ionale - Humanitas.net","robots":{"index":"noindex","follow":"follow","max-snippet":"max-snippet:-1","max-image-preview":"max-image-preview:large","max-video-preview":"max-video-preview:-1"},"og_locale":"ro_RO","og_type":"article","og_title":"Acredit\u0103ri Interna\u0163ionale - Humanitas.net","og_description":"Pentru Humanitas o leg\u0103tur\u0103 strict\u0103 \u00eentre gestionarea eficient\u0103 \u0219i activitate clinic\u0103 de \u00eenalt\u0103 calitate este obligatorie. Humanitas a fost prima policlinic\u0103 din Italia, \u0219i printre pu\u021binele din Europa, care a fost certificat\u0103 policlinic de Comisia comun\u0103 interna\u021bional\u0103. Aceast\u0103 recunoa\u0219tere de excelen\u021b\u0103 a fost confirmat\u0103 \u0219i re\u00eennoit\u0103 de cinci ori din 2002 \u0219i presupune respectarea a [&hellip;]","og_url":"https:\/\/humanitas-net.humweb.webiz.team\/ro\/acreditari-internationale\/","og_site_name":"Humanitas.net","article_publisher":"https:\/\/www.facebook.com\/HumanitasInternational\/","article_modified_time":"2025-01-13T02:38:22+00:00","twitter_card":"summary_large_image","twitter_site":"@humanitasmilano","twitter_misc":{"Est. reading time":"2 minutes"},"schema":{"@context":"https:\/\/schema.org","@graph":[{"@type":"WebPage","@id":"https:\/\/humanitas-net.humweb.webiz.team\/ro\/acreditari-internationale\/","url":"https:\/\/humanitas-net.humweb.webiz.team\/ro\/acreditari-internationale\/","name":"Acredit\u0103ri Interna\u0163ionale - Humanitas.net","isPartOf":{"@id":"https:\/\/humanitas-net.humweb.webiz.team\/#website"},"datePublished":"2025-01-13T02:38:14+00:00","dateModified":"2025-01-13T02:38:22+00:00","breadcrumb":{"@id":"https:\/\/humanitas-net.humweb.webiz.team\/ro\/acreditari-internationale\/#breadcrumb"},"inLanguage":"ro-RO","potentialAction":[{"@type":"ReadAction","target":["https:\/\/humanitas-net.humweb.webiz.team\/ro\/acreditari-internationale\/"]}]},{"@type":"BreadcrumbList","@id":"https:\/\/humanitas-net.humweb.webiz.team\/ro\/acreditari-internationale\/#breadcrumb","itemListElement":[{"@type":"ListItem","position":1,"name":"Home","item":"https:\/\/humanitas-net.humweb.webiz.team\/ro\/"},{"@type":"ListItem","position":2,"name":"Acredit\u0103ri Interna\u0163ionale"}]},{"@type":"WebSite","@id":"https:\/\/humanitas-net.humweb.webiz.team\/#website","url":"https:\/\/humanitas-net.humweb.webiz.team\/","name":"Humanitas.net","description":"Humanitas Hospital","publisher":{"@id":"https:\/\/humanitas-net.humweb.webiz.team\/#organization"},"potentialAction":[{"@type":"SearchAction","target":{"@type":"EntryPoint","urlTemplate":"https:\/\/humanitas-net.humweb.webiz.team\/?s={search_term_string}"},"query-input":{"@type":"PropertyValueSpecification","valueRequired":true,"valueName":"search_term_string"}}],"inLanguage":"ro-RO"},{"@type":"Organization","@id":"https:\/\/humanitas-net.humweb.webiz.team\/#organization","name":"Humanitas","url":"https:\/\/humanitas-net.humweb.webiz.team\/","logo":{"@type":"ImageObject","inLanguage":"ro-RO","@id":"https:\/\/humanitas-net.humweb.webiz.team\/#\/schema\/logo\/image\/","url":"https:\/\/humanitas-net.humweb.webiz.team\/wp-content\/uploads\/2025\/01\/new-humanitas-logo-1.svg","contentUrl":"https:\/\/humanitas-net.humweb.webiz.team\/wp-content\/uploads\/2025\/01\/new-humanitas-logo-1.svg","width":1,"height":1,"caption":"Humanitas"},"image":{"@id":"https:\/\/humanitas-net.humweb.webiz.team\/#\/schema\/logo\/image\/"},"sameAs":["https:\/\/www.facebook.com\/HumanitasInternational\/","https:\/\/x.com\/humanitasmilano"]}]}},"acf":[],"_links":{"self":[{"href":"https:\/\/humanitas-net.humweb.webiz.team\/ro\/wp-json\/wp\/v2\/pages\/83260","targetHints":{"allow":["GET"]}}],"collection":[{"href":"https:\/\/humanitas-net.humweb.webiz.team\/ro\/wp-json\/wp\/v2\/pages"}],"about":[{"href":"https:\/\/humanitas-net.humweb.webiz.team\/ro\/wp-json\/wp\/v2\/types\/page"}],"author":[{"embeddable":true,"href":"https:\/\/humanitas-net.humweb.webiz.team\/ro\/wp-json\/wp\/v2\/users\/1"}],"replies":[{"embeddable":true,"href":"https:\/\/humanitas-net.humweb.webiz.team\/ro\/wp-json\/wp\/v2\/comments?post=83260"}],"version-history":[{"count":1,"href":"https:\/\/humanitas-net.humweb.webiz.team\/ro\/wp-json\/wp\/v2\/pages\/83260\/revisions"}],"predecessor-version":[{"id":83261,"href":"https:\/\/humanitas-net.humweb.webiz.team\/ro\/wp-json\/wp\/v2\/pages\/83260\/revisions\/83261"}],"wp:attachment":[{"href":"https:\/\/humanitas-net.humweb.webiz.team\/ro\/wp-json\/wp\/v2\/media?parent=83260"}],"curies":[{"name":"wp","href":"https:\/\/api.w.org\/{rel}","templated":true}]}}