{"id":83258,"date":"2025-01-13T02:38:14","date_gmt":"2025-01-13T02:38:14","guid":{"rendered":"http:\/\/humanitasnet-new.local\/asigurari\/"},"modified":"2025-01-13T02:38:22","modified_gmt":"2025-01-13T02:38:22","slug":"asigurari","status":"publish","type":"page","link":"https:\/\/humanitas-net.humweb.webiz.team\/ro\/asigurari\/","title":{"rendered":"Asigur\u0103ri"},"content":{"rendered":"<h1>Asigur\u0103ri<\/h1>\n<p>&nbsp;<\/p>\n<p>Spitalul de cercetare Humanitas are acorduri de conven\u021bie cu mai multe companii de asigur\u0103ri \u0219i fonduri de ajutor mutual pentru cele mai multe tratamente \u0219i servicii ambulatorii.<\/p>\n<p>&nbsp;<\/p>\n<h2 id=\"conventii-cu-asigurari-si-fundatii\">Conven\u021bii cu asigur\u0103ri \u0219i funda\u0163ii<\/h2>\n<p>Acordurile de conven\u021bie pot fi de dou\u0103 tipuri:<\/p>\n<ul>\n<li><strong>Conven\u021bia direct\u0103<br \/>\n<\/strong>Humanitas prime\u0219te de la societatea de asigurare plata \u00een mod direct, pentru serviciile furnizate solicitantului. Plata poate fi integral\u0103 sau par\u021bial\u0103.<\/li>\n<li><strong>Conven\u021bie indirect\u0103<br \/>\n<\/strong>Pacientul care, poate beneficia \u00een orice caz de condi\u021bii economice favorabile, pl\u0103te\u0219te integral serviciile furnizate de c\u0103tre Institut \u0219i apoi aplic\u0103 la societatea de asigurare sau la fondul de ajutor reciproc pentru o rambursare \u00eentegral\u0103 sau par\u021bial\u0103.<\/li>\n<\/ul>\n<p>&nbsp;<\/p>\n<p>Sf\u0103tuim aplican\u021bii s\u0103 verifice termenii \u0219i condi\u021biile asigur\u0103riilor cu societatea de asigurare sau cu fondurile de ajutor mutual.<\/p>\n<p>&nbsp;<\/p>\n<p><strong>Servicii oferite la admitere:<\/strong><\/p>\n<p>Pentru informa\u021bii suplimentare \u0219i program\u0103ri, contacta\u0163i\u00a0<strong>+39 02 82246250<\/strong>\u00a0sau scrie\u0163i un mail la patients@humanitas.it.<\/p>\n<p>&nbsp;<\/p>\n<p><strong>Servicii ambulatori:<\/strong><\/p>\n<p>Pentru informa\u021bii suplimentare \u0219i program\u0103ri, contacta\u0163i\u00a0<strong>+39 02 82246250<\/strong>.<\/p>\n<p>&nbsp;<\/p>\n<h2 id=\"acordurile-de-facturare-directa-indirecta-cu-societati-de-asigurari-si-fonduri-internationale\">Acordurile de facturare direct\u0103\/indirect\u0103, cu societ\u0103\u0163i de asigur\u0103ri \u0219i fonduri interna\u021bionale<\/h2>\n<ul>\n<li>AP-Companies (AETNA)<\/li>\n<li>Bupa International<\/li>\n<li>Celta Assistance<\/li>\n<li>Daman Qatar<\/li>\n<li>Daman UAE<\/li>\n<li>Euro-Center Assistance<\/li>\n<li>FOSUN<\/li>\n<li>GLOBAL BENEFITS GROUP<\/li>\n<li>Medic&#8217;Air International<\/li>\n<li>MEDIGO<\/li>\n<li>MSH International<\/li>\n<li>Prestige International<\/li>\n<li>Rosgosstrakh<\/li>\n<li>Saudi Enaya<\/li>\n<li>SICRED<\/li>\n<li>SogazMosca<\/li>\n<li>International SOS<\/li>\n<li>SAA International<\/li>\n<li>Cigna<\/li>\n<li>Youna<\/li>\n<\/ul>\n<p>&nbsp;<\/p>\n<h2 id=\"acorduri-de-facturare-directa-indirecta-cu-firme-nationale-italiene\">Acorduri de facturare direct\u0103\/indirect\u0103 cu firme\/na\u021bionale italiene<\/h2>\n<p>Spitalul de Cercetare Humanitas are un parteneriat indirect pentru admitere \u0219i\/sau servicii de ambulator cu mai multe companii, inclusiv:<\/p>\n<ul>\n<li>A.N.L.A. Comitatoprov.le di Milano<\/li>\n<li>AEM- GruppoAnziani<\/li>\n<li>AEM- GruppoPensionati<\/li>\n<li>ALDAI<\/li>\n<li>ARVAL SERVICE LEASE ITALIA S.p.a.<\/li>\n<li>ASEM<\/li>\n<li>ASIDAG<\/li>\n<li>ASSILT (GruppoTelecomitalia)<\/li>\n<li>ASSOCIAZIONE NAZIONALE ATLETI AZZURRI D&#8217;ITALIA<\/li>\n<li>Associazione per l&#8217;Ass. San. IntegrativaDirigenti<\/li>\n<li>AssociazioneVolontariItaliani di Corsico<\/li>\n<li>ASTRAZENECA S.p.a.<\/li>\n<li>BANCA POP di ABBIATEGRASSO<\/li>\n<li>BANCA POPOLARE DI BRESCIA<\/li>\n<li>BANCA POPOLARE DI NOVARA<\/li>\n<li>BETTINI ASCENSORI Srl<\/li>\n<li>BMW ITALIA S.p.a.<\/li>\n<li>C.C.R.S. &#8211; GRUPPO UNICREDITO ITALIANO<\/li>\n<li>C.I.A.S.D.\u00a0SOLVAY SPA<\/li>\n<li>CADGI &#8211; IBM<\/li>\n<li>CLOD Srl<\/li>\n<li>COFACE ASSICURAZIONI Spa<\/li>\n<li>COMFACTOR COMMERCIO FACTORING S.p.a.<\/li>\n<li>CONQORD OIL S.r.l.<\/li>\n<li>CRA-ITALTEL Spa<\/li>\n<li>CRAL\u00a0RCS<\/li>\n<li>CreditoArtigiano F.do Integr. Assist.Malattia Dip<\/li>\n<li>DAY MEDICAL<\/li>\n<li>DEPUY ITALIA S.p.a.<\/li>\n<li>DisanoIlluminaziones.p.a.<\/li>\n<li>Dolce OttocentoSrl<\/li>\n<li>EDITORIALE\u00a0DOMUS S.p.a.<\/li>\n<li>EKW ITALIA Srl<\/li>\n<li>F.A.S. &#8211; PIRELLI SPA<\/li>\n<li>FABI<\/li>\n<li>FASD &#8211; RINASCENTE<\/li>\n<li>FIDA &#8211; ENICHEM<\/li>\n<li>FINIPER- Fiordaliso\u00a0\u00a0 Ipermercato Spa<\/li>\n<li>FiordalisoS.p.a.<\/li>\n<li>FONDAZIONE ATM<\/li>\n<li>FONDAZIONE E.A. PICCOLO TEATRO DI MILANO- D&#8217;EUROPA<\/li>\n<li>FONDO INTEGRATIVO SANITARIO DIRIGENTI ENI<\/li>\n<li>FosnovaGruppoDisano<\/li>\n<li>FOTO INCISIONI UNIVERSAL S.p.a.<\/li>\n<li>FUMAGALLI TRASPORTI S.P.A.<\/li>\n<li>GAMMA SERVIZI S.r.l.<\/li>\n<li>GEMINI GESTIONI S.r.l.<\/li>\n<li>GenSetS.p.a.<\/li>\n<li>GruppoSportivo e RicreativoPoliziaMunicipale di Milano a.s.d.<\/li>\n<li>INA<\/li>\n<li>INSIEME COOPERATIVA SOCIALE DI SOLIDARIETA&#8217;<\/li>\n<li>ITALEASE BANCA PER IL LEASING<\/li>\n<li>Jolly Hotel Milanofiori<\/li>\n<li>Kraft Foods Italia s.p.a.<\/li>\n<li>LAFARGE ADRIASEBINA S.r.l.<\/li>\n<li>MANAGERITALIA SERVIZI Srl<\/li>\n<li>McKinsey<\/li>\n<li>Mediolanums.p.a.<\/li>\n<li>Milano Assicurazioni<\/li>\n<li>MILANO SERVIZI Srl<\/li>\n<li>MUTUA NUOVA SANITA&#8217;<\/li>\n<li>NOVELIS ITALIA S.p.a.<\/li>\n<li>PHILIPS SPA<\/li>\n<li>PRAMERICA LIFE S.P.A.<\/li>\n<li>R.N.A. SERVIZI\u00a0S.r.l.<\/li>\n<li>SAIWA S.p.a.<\/li>\n<li>SANIHELP.IT Srl<\/li>\n<li>SASOL ITALY S.p.a.<\/li>\n<li>SCHLUMBERGER\u00a0ITALIANA\u00a0SPA<\/li>\n<li>SI.A.PO.L. SindacatoAutonomoPolizia Locale<\/li>\n<li>SIC. LAV. SICUREZZA &amp; LAVORO Soc. Coop. a.r.l.<\/li>\n<li>SIEMENS<\/li>\n<li>SIRTI S.P.A.<\/li>\n<li>SOLIDALI CON&#8230; ASSOCIAZIONE ANZIANI BASIGLIO MI3<\/li>\n<li>SPORTING CLUB MILANO 3<\/li>\n<li>SVILUPPO S.r.l.<\/li>\n<li>TECHINT<\/li>\n<li>TECHINT CIMI.MONTUBI<\/li>\n<li>TECNO VIDUE MARKETING Srl<\/li>\n<li>The Swatch Group (Ita) spa Centro Direz.MiFiori<\/li>\n<li>TORO ASS.NI S.P.A. RAMO VITA<\/li>\n<li>TOURING CLUB ITALIANO<\/li>\n<li>UnioneArtigianidellaProvincia di Milano<\/li>\n<li>UNIPOL<\/li>\n<li>UNIVERSITA&#8217; COMM.LE LUIGI BOCCONI<\/li>\n<li>UNIVERSITA&#8217; DEGLI STUDI DI MILANO<\/li>\n<li>UNIVERSITA&#8217; DELLA TERZA ETA&#8217;<\/li>\n<li>UNIVERSITA&#8217; IULM<\/li>\n<li>US NUOVO CALCIO MILANO 3<\/li>\n<li>WINTERTHUR ASSICURAZIONI S.p.a.<\/li>\n<\/ul>\n","protected":false},"excerpt":{"rendered":"<p>Asigur\u0103ri &nbsp; Spitalul de cercetare Humanitas are acorduri de conven\u021bie cu mai multe companii de asigur\u0103ri \u0219i fonduri de ajutor mutual pentru cele mai multe tratamente \u0219i servicii ambulatorii. &nbsp; Conven\u021bii cu asigur\u0103ri \u0219i funda\u0163ii Acordurile de conven\u021bie pot fi de dou\u0103 tipuri: Conven\u021bia direct\u0103 Humanitas prime\u0219te de la societatea de asigurare plata \u00een mod [&hellip;]<\/p>\n","protected":false},"author":1,"featured_media":83170,"parent":0,"menu_order":0,"comment_status":"open","ping_status":"open","template":"","meta":{"_acf_changed":false,"footnotes":""},"class_list":["post-83258","page","type-page","status-publish","has-post-thumbnail","hentry"],"yoast_head":"<!-- This site is optimized with the Yoast SEO plugin v24.3 - https:\/\/yoast.com\/wordpress\/plugins\/seo\/ -->\n<title>Asigur\u0103ri - Humanitas.net<\/title>\n<meta name=\"robots\" content=\"noindex, follow, max-snippet:-1, max-image-preview:large, max-video-preview:-1\" \/>\n<meta property=\"og:locale\" content=\"ro_RO\" \/>\n<meta property=\"og:type\" content=\"article\" \/>\n<meta property=\"og:title\" content=\"Asigur\u0103ri - Humanitas.net\" \/>\n<meta property=\"og:description\" content=\"Asigur\u0103ri &nbsp; Spitalul de cercetare Humanitas are acorduri de conven\u021bie cu mai multe companii de asigur\u0103ri \u0219i fonduri de ajutor mutual pentru cele mai multe tratamente \u0219i servicii ambulatorii. &nbsp; Conven\u021bii cu asigur\u0103ri \u0219i funda\u0163ii Acordurile de conven\u021bie pot fi de dou\u0103 tipuri: Conven\u021bia direct\u0103 Humanitas prime\u0219te de la societatea de asigurare plata \u00een mod [&hellip;]\" \/>\n<meta property=\"og:url\" content=\"https:\/\/humanitas-net.humweb.webiz.team\/insurances\/\" \/>\n<meta property=\"og:site_name\" content=\"Humanitas.net\" \/>\n<meta property=\"article:publisher\" content=\"https:\/\/www.facebook.com\/HumanitasInternational\/\" \/>\n<meta property=\"article:modified_time\" content=\"2025-01-13T02:38:22+00:00\" \/>\n<meta property=\"og:image\" content=\"https:\/\/humanitas-net.humweb.webiz.team\/wp-content\/uploads\/2025\/01\/april-international.jpg\" \/>\n\t<meta property=\"og:image:width\" content=\"150\" \/>\n\t<meta property=\"og:image:height\" content=\"150\" \/>\n\t<meta property=\"og:image:type\" content=\"image\/jpeg\" \/>\n<meta name=\"twitter:card\" content=\"summary_large_image\" \/>\n<meta name=\"twitter:site\" content=\"@humanitasmilano\" \/>\n<meta name=\"twitter:label1\" content=\"Est. reading time\" \/>\n\t<meta name=\"twitter:data1\" content=\"3 minutes\" \/>\n<script type=\"application\/ld+json\" class=\"yoast-schema-graph\">{\"@context\":\"https:\/\/schema.org\",\"@graph\":[{\"@type\":\"WebPage\",\"@id\":\"https:\/\/humanitas-net.humweb.webiz.team\/insurances\/\",\"url\":\"https:\/\/humanitas-net.humweb.webiz.team\/insurances\/\",\"name\":\"Asigur\u0103ri - Humanitas.net\",\"isPartOf\":{\"@id\":\"https:\/\/humanitas-net.humweb.webiz.team\/#website\"},\"primaryImageOfPage\":{\"@id\":\"https:\/\/humanitas-net.humweb.webiz.team\/insurances\/#primaryimage\"},\"image\":{\"@id\":\"https:\/\/humanitas-net.humweb.webiz.team\/insurances\/#primaryimage\"},\"thumbnailUrl\":\"https:\/\/humanitas-net.humweb.webiz.team\/wp-content\/uploads\/2025\/01\/april-international.jpg\",\"datePublished\":\"2025-01-13T02:38:14+00:00\",\"dateModified\":\"2025-01-13T02:38:22+00:00\",\"breadcrumb\":{\"@id\":\"https:\/\/humanitas-net.humweb.webiz.team\/insurances\/#breadcrumb\"},\"inLanguage\":\"ro-RO\",\"potentialAction\":[{\"@type\":\"ReadAction\",\"target\":[\"https:\/\/humanitas-net.humweb.webiz.team\/insurances\/\"]}]},{\"@type\":\"ImageObject\",\"inLanguage\":\"ro-RO\",\"@id\":\"https:\/\/humanitas-net.humweb.webiz.team\/insurances\/#primaryimage\",\"url\":\"https:\/\/humanitas-net.humweb.webiz.team\/wp-content\/uploads\/2025\/01\/april-international.jpg\",\"contentUrl\":\"https:\/\/humanitas-net.humweb.webiz.team\/wp-content\/uploads\/2025\/01\/april-international.jpg\",\"width\":150,\"height\":150},{\"@type\":\"BreadcrumbList\",\"@id\":\"https:\/\/humanitas-net.humweb.webiz.team\/insurances\/#breadcrumb\",\"itemListElement\":[{\"@type\":\"ListItem\",\"position\":1,\"name\":\"Home\",\"item\":\"https:\/\/humanitas-net.humweb.webiz.team\/ro\/\"},{\"@type\":\"ListItem\",\"position\":2,\"name\":\"Asigur\u0103ri\"}]},{\"@type\":\"WebSite\",\"@id\":\"https:\/\/humanitas-net.humweb.webiz.team\/#website\",\"url\":\"https:\/\/humanitas-net.humweb.webiz.team\/\",\"name\":\"Humanitas.net\",\"description\":\"Humanitas Hospital\",\"publisher\":{\"@id\":\"https:\/\/humanitas-net.humweb.webiz.team\/#organization\"},\"potentialAction\":[{\"@type\":\"SearchAction\",\"target\":{\"@type\":\"EntryPoint\",\"urlTemplate\":\"https:\/\/humanitas-net.humweb.webiz.team\/?s={search_term_string}\"},\"query-input\":{\"@type\":\"PropertyValueSpecification\",\"valueRequired\":true,\"valueName\":\"search_term_string\"}}],\"inLanguage\":\"ro-RO\"},{\"@type\":\"Organization\",\"@id\":\"https:\/\/humanitas-net.humweb.webiz.team\/#organization\",\"name\":\"Humanitas\",\"url\":\"https:\/\/humanitas-net.humweb.webiz.team\/\",\"logo\":{\"@type\":\"ImageObject\",\"inLanguage\":\"ro-RO\",\"@id\":\"https:\/\/humanitas-net.humweb.webiz.team\/#\/schema\/logo\/image\/\",\"url\":\"https:\/\/humanitas-net.humweb.webiz.team\/wp-content\/uploads\/2025\/01\/new-humanitas-logo-1.svg\",\"contentUrl\":\"https:\/\/humanitas-net.humweb.webiz.team\/wp-content\/uploads\/2025\/01\/new-humanitas-logo-1.svg\",\"width\":1,\"height\":1,\"caption\":\"Humanitas\"},\"image\":{\"@id\":\"https:\/\/humanitas-net.humweb.webiz.team\/#\/schema\/logo\/image\/\"},\"sameAs\":[\"https:\/\/www.facebook.com\/HumanitasInternational\/\",\"https:\/\/x.com\/humanitasmilano\"]}]}<\/script>\n<!-- \/ Yoast SEO plugin. -->","yoast_head_json":{"title":"Asigur\u0103ri - Humanitas.net","robots":{"index":"noindex","follow":"follow","max-snippet":"max-snippet:-1","max-image-preview":"max-image-preview:large","max-video-preview":"max-video-preview:-1"},"og_locale":"ro_RO","og_type":"article","og_title":"Asigur\u0103ri - Humanitas.net","og_description":"Asigur\u0103ri &nbsp; Spitalul de cercetare Humanitas are acorduri de conven\u021bie cu mai multe companii de asigur\u0103ri \u0219i fonduri de ajutor mutual pentru cele mai multe tratamente \u0219i servicii ambulatorii. &nbsp; Conven\u021bii cu asigur\u0103ri \u0219i funda\u0163ii Acordurile de conven\u021bie pot fi de dou\u0103 tipuri: Conven\u021bia direct\u0103 Humanitas prime\u0219te de la societatea de asigurare plata \u00een mod [&hellip;]","og_url":"https:\/\/humanitas-net.humweb.webiz.team\/insurances\/","og_site_name":"Humanitas.net","article_publisher":"https:\/\/www.facebook.com\/HumanitasInternational\/","article_modified_time":"2025-01-13T02:38:22+00:00","og_image":[{"width":150,"height":150,"url":"https:\/\/humanitas-net.humweb.webiz.team\/wp-content\/uploads\/2025\/01\/april-international.jpg","type":"image\/jpeg"}],"twitter_card":"summary_large_image","twitter_site":"@humanitasmilano","twitter_misc":{"Est. reading time":"3 minutes"},"schema":{"@context":"https:\/\/schema.org","@graph":[{"@type":"WebPage","@id":"https:\/\/humanitas-net.humweb.webiz.team\/insurances\/","url":"https:\/\/humanitas-net.humweb.webiz.team\/insurances\/","name":"Asigur\u0103ri - Humanitas.net","isPartOf":{"@id":"https:\/\/humanitas-net.humweb.webiz.team\/#website"},"primaryImageOfPage":{"@id":"https:\/\/humanitas-net.humweb.webiz.team\/insurances\/#primaryimage"},"image":{"@id":"https:\/\/humanitas-net.humweb.webiz.team\/insurances\/#primaryimage"},"thumbnailUrl":"https:\/\/humanitas-net.humweb.webiz.team\/wp-content\/uploads\/2025\/01\/april-international.jpg","datePublished":"2025-01-13T02:38:14+00:00","dateModified":"2025-01-13T02:38:22+00:00","breadcrumb":{"@id":"https:\/\/humanitas-net.humweb.webiz.team\/insurances\/#breadcrumb"},"inLanguage":"ro-RO","potentialAction":[{"@type":"ReadAction","target":["https:\/\/humanitas-net.humweb.webiz.team\/insurances\/"]}]},{"@type":"ImageObject","inLanguage":"ro-RO","@id":"https:\/\/humanitas-net.humweb.webiz.team\/insurances\/#primaryimage","url":"https:\/\/humanitas-net.humweb.webiz.team\/wp-content\/uploads\/2025\/01\/april-international.jpg","contentUrl":"https:\/\/humanitas-net.humweb.webiz.team\/wp-content\/uploads\/2025\/01\/april-international.jpg","width":150,"height":150},{"@type":"BreadcrumbList","@id":"https:\/\/humanitas-net.humweb.webiz.team\/insurances\/#breadcrumb","itemListElement":[{"@type":"ListItem","position":1,"name":"Home","item":"https:\/\/humanitas-net.humweb.webiz.team\/ro\/"},{"@type":"ListItem","position":2,"name":"Asigur\u0103ri"}]},{"@type":"WebSite","@id":"https:\/\/humanitas-net.humweb.webiz.team\/#website","url":"https:\/\/humanitas-net.humweb.webiz.team\/","name":"Humanitas.net","description":"Humanitas Hospital","publisher":{"@id":"https:\/\/humanitas-net.humweb.webiz.team\/#organization"},"potentialAction":[{"@type":"SearchAction","target":{"@type":"EntryPoint","urlTemplate":"https:\/\/humanitas-net.humweb.webiz.team\/?s={search_term_string}"},"query-input":{"@type":"PropertyValueSpecification","valueRequired":true,"valueName":"search_term_string"}}],"inLanguage":"ro-RO"},{"@type":"Organization","@id":"https:\/\/humanitas-net.humweb.webiz.team\/#organization","name":"Humanitas","url":"https:\/\/humanitas-net.humweb.webiz.team\/","logo":{"@type":"ImageObject","inLanguage":"ro-RO","@id":"https:\/\/humanitas-net.humweb.webiz.team\/#\/schema\/logo\/image\/","url":"https:\/\/humanitas-net.humweb.webiz.team\/wp-content\/uploads\/2025\/01\/new-humanitas-logo-1.svg","contentUrl":"https:\/\/humanitas-net.humweb.webiz.team\/wp-content\/uploads\/2025\/01\/new-humanitas-logo-1.svg","width":1,"height":1,"caption":"Humanitas"},"image":{"@id":"https:\/\/humanitas-net.humweb.webiz.team\/#\/schema\/logo\/image\/"},"sameAs":["https:\/\/www.facebook.com\/HumanitasInternational\/","https:\/\/x.com\/humanitasmilano"]}]}},"acf":[],"_links":{"self":[{"href":"https:\/\/humanitas-net.humweb.webiz.team\/ro\/wp-json\/wp\/v2\/pages\/83258","targetHints":{"allow":["GET"]}}],"collection":[{"href":"https:\/\/humanitas-net.humweb.webiz.team\/ro\/wp-json\/wp\/v2\/pages"}],"about":[{"href":"https:\/\/humanitas-net.humweb.webiz.team\/ro\/wp-json\/wp\/v2\/types\/page"}],"author":[{"embeddable":true,"href":"https:\/\/humanitas-net.humweb.webiz.team\/ro\/wp-json\/wp\/v2\/users\/1"}],"replies":[{"embeddable":true,"href":"https:\/\/humanitas-net.humweb.webiz.team\/ro\/wp-json\/wp\/v2\/comments?post=83258"}],"version-history":[{"count":1,"href":"https:\/\/humanitas-net.humweb.webiz.team\/ro\/wp-json\/wp\/v2\/pages\/83258\/revisions"}],"predecessor-version":[{"id":83259,"href":"https:\/\/humanitas-net.humweb.webiz.team\/ro\/wp-json\/wp\/v2\/pages\/83258\/revisions\/83259"}],"wp:featuredmedia":[{"embeddable":true,"href":"https:\/\/humanitas-net.humweb.webiz.team\/ro\/wp-json\/wp\/v2\/media\/83170"}],"wp:attachment":[{"href":"https:\/\/humanitas-net.humweb.webiz.team\/ro\/wp-json\/wp\/v2\/media?parent=83258"}],"curies":[{"name":"wp","href":"https:\/\/api.w.org\/{rel}","templated":true}]}}