{"id":83256,"date":"2025-01-13T02:38:14","date_gmt":"2025-01-13T02:38:14","guid":{"rendered":"http:\/\/humanitasnet-new.local\/universitatea-humanitas\/"},"modified":"2025-01-13T02:38:21","modified_gmt":"2025-01-13T02:38:21","slug":"universitatea-humanitas","status":"publish","type":"page","link":"https:\/\/humanitas-net.humweb.webiz.team\/ro\/universitatea-humanitas\/","title":{"rendered":"Universitatea Humanitas"},"content":{"rendered":"<p>Humanitas este un spital univeristar: Misiunea Universit\u0103\u0163ii Humanitas este acea de a instrui profesioni\u0219tii din domeniul s\u0103n\u0103t\u0103\u021bii la nivel global, prin metode de predare interactive stat-of-the-art \u0219i integrare, prin colaborare str\u00e2ns\u0103 cu comunit\u0103\u0163ile clinice \u015fi de cercetare.<\/p>\n<p>Pilonii proiectului Humanitas University sunt: \u200b\u200b<\/p>\n<ul>\n<li>O mo\u0219tenire de 14 ani<\/li>\n<li>Interconectare strict\u0103 a facilit\u0103\u0163ilor spitalului Humanitas cu cercetarea de v\u00e2rf.<\/li>\n<li>Voca\u021bie interna\u021bional\u0103<\/li>\n<li>Metode interactive de predare stat-of-the-art<\/li>\n<\/ul>\n<p>La capacitate maxim\u0103, Universitatea Humanitas va g\u0103zdui mai mult de 700 de studen\u021bi, dintre care 100\/an \u00een facultatea medical\u0103 \u015fi 40\/an \u00een Facultatea de Asisten\u021b\u0103 medical\u0103. \u00cen 2017, va fi deschis un nou campus de 20.000 mp.<\/p>\n","protected":false},"excerpt":{"rendered":"<p>Humanitas este un spital univeristar: Misiunea Universit\u0103\u0163ii Humanitas este acea de a instrui profesioni\u0219tii din domeniul s\u0103n\u0103t\u0103\u021bii la nivel global, prin metode de predare interactive stat-of-the-art \u0219i integrare, prin colaborare str\u00e2ns\u0103 cu comunit\u0103\u0163ile clinice \u015fi de cercetare. Pilonii proiectului Humanitas University sunt: \u200b\u200b O mo\u0219tenire de 14 ani Interconectare strict\u0103 a facilit\u0103\u0163ilor spitalului Humanitas cu [&hellip;]<\/p>\n","protected":false},"author":1,"featured_media":0,"parent":0,"menu_order":0,"comment_status":"open","ping_status":"open","template":"","meta":{"_acf_changed":false,"footnotes":""},"class_list":["post-83256","page","type-page","status-publish","hentry"],"yoast_head":"<!-- This site is optimized with the Yoast SEO plugin v24.3 - https:\/\/yoast.com\/wordpress\/plugins\/seo\/ -->\n<title>Universitatea Humanitas - Humanitas.net<\/title>\n<meta name=\"robots\" content=\"noindex, follow, max-snippet:-1, max-image-preview:large, max-video-preview:-1\" \/>\n<meta property=\"og:locale\" content=\"ro_RO\" \/>\n<meta property=\"og:type\" content=\"article\" \/>\n<meta property=\"og:title\" content=\"Universitatea Humanitas - Humanitas.net\" \/>\n<meta property=\"og:description\" content=\"Humanitas este un spital univeristar: Misiunea Universit\u0103\u0163ii Humanitas este acea de a instrui profesioni\u0219tii din domeniul s\u0103n\u0103t\u0103\u021bii la nivel global, prin metode de predare interactive stat-of-the-art \u0219i integrare, prin colaborare str\u00e2ns\u0103 cu comunit\u0103\u0163ile clinice \u015fi de cercetare. Pilonii proiectului Humanitas University sunt: \u200b\u200b O mo\u0219tenire de 14 ani Interconectare strict\u0103 a facilit\u0103\u0163ilor spitalului Humanitas cu [&hellip;]\" \/>\n<meta property=\"og:url\" content=\"https:\/\/humanitas-net.humweb.webiz.team\/?page_id=83202\" \/>\n<meta property=\"og:site_name\" content=\"Humanitas.net\" \/>\n<meta property=\"article:publisher\" content=\"https:\/\/www.facebook.com\/HumanitasInternational\/\" \/>\n<meta property=\"article:modified_time\" content=\"2025-01-13T02:38:21+00:00\" \/>\n<meta name=\"twitter:card\" content=\"summary_large_image\" \/>\n<meta name=\"twitter:site\" content=\"@humanitasmilano\" \/>\n<meta name=\"twitter:label1\" content=\"Est. reading time\" \/>\n\t<meta name=\"twitter:data1\" content=\"1 minute\" \/>\n<script type=\"application\/ld+json\" class=\"yoast-schema-graph\">{\"@context\":\"https:\/\/schema.org\",\"@graph\":[{\"@type\":\"WebPage\",\"@id\":\"https:\/\/humanitas-net.humweb.webiz.team\/?page_id=83202\",\"url\":\"https:\/\/humanitas-net.humweb.webiz.team\/?page_id=83202\",\"name\":\"Universitatea Humanitas - Humanitas.net\",\"isPartOf\":{\"@id\":\"https:\/\/humanitas-net.humweb.webiz.team\/#website\"},\"datePublished\":\"2025-01-13T02:38:14+00:00\",\"dateModified\":\"2025-01-13T02:38:21+00:00\",\"breadcrumb\":{\"@id\":\"https:\/\/humanitas-net.humweb.webiz.team\/?page_id=83202#breadcrumb\"},\"inLanguage\":\"ro-RO\",\"potentialAction\":[{\"@type\":\"ReadAction\",\"target\":[\"https:\/\/humanitas-net.humweb.webiz.team\/?page_id=83202\"]}]},{\"@type\":\"BreadcrumbList\",\"@id\":\"https:\/\/humanitas-net.humweb.webiz.team\/?page_id=83202#breadcrumb\",\"itemListElement\":[{\"@type\":\"ListItem\",\"position\":1,\"name\":\"Home\",\"item\":\"https:\/\/humanitas-net.humweb.webiz.team\/ro\/\"},{\"@type\":\"ListItem\",\"position\":2,\"name\":\"Universitatea Humanitas\"}]},{\"@type\":\"WebSite\",\"@id\":\"https:\/\/humanitas-net.humweb.webiz.team\/#website\",\"url\":\"https:\/\/humanitas-net.humweb.webiz.team\/\",\"name\":\"Humanitas.net\",\"description\":\"Humanitas Hospital\",\"publisher\":{\"@id\":\"https:\/\/humanitas-net.humweb.webiz.team\/#organization\"},\"potentialAction\":[{\"@type\":\"SearchAction\",\"target\":{\"@type\":\"EntryPoint\",\"urlTemplate\":\"https:\/\/humanitas-net.humweb.webiz.team\/?s={search_term_string}\"},\"query-input\":{\"@type\":\"PropertyValueSpecification\",\"valueRequired\":true,\"valueName\":\"search_term_string\"}}],\"inLanguage\":\"ro-RO\"},{\"@type\":\"Organization\",\"@id\":\"https:\/\/humanitas-net.humweb.webiz.team\/#organization\",\"name\":\"Humanitas\",\"url\":\"https:\/\/humanitas-net.humweb.webiz.team\/\",\"logo\":{\"@type\":\"ImageObject\",\"inLanguage\":\"ro-RO\",\"@id\":\"https:\/\/humanitas-net.humweb.webiz.team\/#\/schema\/logo\/image\/\",\"url\":\"https:\/\/humanitas-net.humweb.webiz.team\/wp-content\/uploads\/2025\/01\/new-humanitas-logo-1.svg\",\"contentUrl\":\"https:\/\/humanitas-net.humweb.webiz.team\/wp-content\/uploads\/2025\/01\/new-humanitas-logo-1.svg\",\"width\":1,\"height\":1,\"caption\":\"Humanitas\"},\"image\":{\"@id\":\"https:\/\/humanitas-net.humweb.webiz.team\/#\/schema\/logo\/image\/\"},\"sameAs\":[\"https:\/\/www.facebook.com\/HumanitasInternational\/\",\"https:\/\/x.com\/humanitasmilano\"]}]}<\/script>\n<!-- \/ Yoast SEO plugin. -->","yoast_head_json":{"title":"Universitatea Humanitas - Humanitas.net","robots":{"index":"noindex","follow":"follow","max-snippet":"max-snippet:-1","max-image-preview":"max-image-preview:large","max-video-preview":"max-video-preview:-1"},"og_locale":"ro_RO","og_type":"article","og_title":"Universitatea Humanitas - Humanitas.net","og_description":"Humanitas este un spital univeristar: Misiunea Universit\u0103\u0163ii Humanitas este acea de a instrui profesioni\u0219tii din domeniul s\u0103n\u0103t\u0103\u021bii la nivel global, prin metode de predare interactive stat-of-the-art \u0219i integrare, prin colaborare str\u00e2ns\u0103 cu comunit\u0103\u0163ile clinice \u015fi de cercetare. Pilonii proiectului Humanitas University sunt: \u200b\u200b O mo\u0219tenire de 14 ani Interconectare strict\u0103 a facilit\u0103\u0163ilor spitalului Humanitas cu [&hellip;]","og_url":"https:\/\/humanitas-net.humweb.webiz.team\/?page_id=83202","og_site_name":"Humanitas.net","article_publisher":"https:\/\/www.facebook.com\/HumanitasInternational\/","article_modified_time":"2025-01-13T02:38:21+00:00","twitter_card":"summary_large_image","twitter_site":"@humanitasmilano","twitter_misc":{"Est. reading time":"1 minute"},"schema":{"@context":"https:\/\/schema.org","@graph":[{"@type":"WebPage","@id":"https:\/\/humanitas-net.humweb.webiz.team\/?page_id=83202","url":"https:\/\/humanitas-net.humweb.webiz.team\/?page_id=83202","name":"Universitatea Humanitas - Humanitas.net","isPartOf":{"@id":"https:\/\/humanitas-net.humweb.webiz.team\/#website"},"datePublished":"2025-01-13T02:38:14+00:00","dateModified":"2025-01-13T02:38:21+00:00","breadcrumb":{"@id":"https:\/\/humanitas-net.humweb.webiz.team\/?page_id=83202#breadcrumb"},"inLanguage":"ro-RO","potentialAction":[{"@type":"ReadAction","target":["https:\/\/humanitas-net.humweb.webiz.team\/?page_id=83202"]}]},{"@type":"BreadcrumbList","@id":"https:\/\/humanitas-net.humweb.webiz.team\/?page_id=83202#breadcrumb","itemListElement":[{"@type":"ListItem","position":1,"name":"Home","item":"https:\/\/humanitas-net.humweb.webiz.team\/ro\/"},{"@type":"ListItem","position":2,"name":"Universitatea Humanitas"}]},{"@type":"WebSite","@id":"https:\/\/humanitas-net.humweb.webiz.team\/#website","url":"https:\/\/humanitas-net.humweb.webiz.team\/","name":"Humanitas.net","description":"Humanitas Hospital","publisher":{"@id":"https:\/\/humanitas-net.humweb.webiz.team\/#organization"},"potentialAction":[{"@type":"SearchAction","target":{"@type":"EntryPoint","urlTemplate":"https:\/\/humanitas-net.humweb.webiz.team\/?s={search_term_string}"},"query-input":{"@type":"PropertyValueSpecification","valueRequired":true,"valueName":"search_term_string"}}],"inLanguage":"ro-RO"},{"@type":"Organization","@id":"https:\/\/humanitas-net.humweb.webiz.team\/#organization","name":"Humanitas","url":"https:\/\/humanitas-net.humweb.webiz.team\/","logo":{"@type":"ImageObject","inLanguage":"ro-RO","@id":"https:\/\/humanitas-net.humweb.webiz.team\/#\/schema\/logo\/image\/","url":"https:\/\/humanitas-net.humweb.webiz.team\/wp-content\/uploads\/2025\/01\/new-humanitas-logo-1.svg","contentUrl":"https:\/\/humanitas-net.humweb.webiz.team\/wp-content\/uploads\/2025\/01\/new-humanitas-logo-1.svg","width":1,"height":1,"caption":"Humanitas"},"image":{"@id":"https:\/\/humanitas-net.humweb.webiz.team\/#\/schema\/logo\/image\/"},"sameAs":["https:\/\/www.facebook.com\/HumanitasInternational\/","https:\/\/x.com\/humanitasmilano"]}]}},"acf":[],"_links":{"self":[{"href":"https:\/\/humanitas-net.humweb.webiz.team\/ro\/wp-json\/wp\/v2\/pages\/83256","targetHints":{"allow":["GET"]}}],"collection":[{"href":"https:\/\/humanitas-net.humweb.webiz.team\/ro\/wp-json\/wp\/v2\/pages"}],"about":[{"href":"https:\/\/humanitas-net.humweb.webiz.team\/ro\/wp-json\/wp\/v2\/types\/page"}],"author":[{"embeddable":true,"href":"https:\/\/humanitas-net.humweb.webiz.team\/ro\/wp-json\/wp\/v2\/users\/1"}],"replies":[{"embeddable":true,"href":"https:\/\/humanitas-net.humweb.webiz.team\/ro\/wp-json\/wp\/v2\/comments?post=83256"}],"version-history":[{"count":1,"href":"https:\/\/humanitas-net.humweb.webiz.team\/ro\/wp-json\/wp\/v2\/pages\/83256\/revisions"}],"predecessor-version":[{"id":83257,"href":"https:\/\/humanitas-net.humweb.webiz.team\/ro\/wp-json\/wp\/v2\/pages\/83256\/revisions\/83257"}],"wp:attachment":[{"href":"https:\/\/humanitas-net.humweb.webiz.team\/ro\/wp-json\/wp\/v2\/media?parent=83256"}],"curies":[{"name":"wp","href":"https:\/\/api.w.org\/{rel}","templated":true}]}}