{"id":83359,"date":"2025-01-13T02:38:40","date_gmt":"2025-01-13T02:38:40","guid":{"rendered":"http:\/\/humanitasnet-new.local\/strona-glowna\/"},"modified":"2025-01-13T02:38:50","modified_gmt":"2025-01-13T02:38:50","slug":"strona-glowna","status":"publish","type":"page","link":"https:\/\/humanitas-net.humweb.webiz.team\/pl\/","title":{"rendered":"Strona g\u0142\u00f3wna"},"content":{"rendered":"<h2 id=\"szpital-humanitas\">Szpital Humanitas<\/h2>\n<p>Humanitas jest wysoce wyspecjalizowanym szpitalem dydaktycznym i badawczym. \u0141\u0105czy w sobie wyspecjalizowane centra leczenia nowotwor\u00f3w, chor\u00f3b sercowo-naczyniowych, zaburze\u0144 neurologicznych i ortopedycznych, a tak\u017ce Centrum Okulistyki i Centrum P\u0142odno\u015bci. Szpital jest r\u00f3wnie\u017c wyposa\u017cony w miejsca pogotowia i radioterapii.<\/p>\n","protected":false},"excerpt":{"rendered":"<p>Szpital Humanitas Humanitas jest wysoce wyspecjalizowanym szpitalem dydaktycznym i badawczym. \u0141\u0105czy w sobie wyspecjalizowane centra leczenia nowotwor\u00f3w, chor\u00f3b sercowo-naczyniowych, zaburze\u0144 neurologicznych i ortopedycznych, a tak\u017ce Centrum Okulistyki i Centrum P\u0142odno\u015bci. Szpital jest r\u00f3wnie\u017c wyposa\u017cony w miejsca pogotowia i radioterapii.<\/p>\n","protected":false},"author":1,"featured_media":83113,"parent":0,"menu_order":0,"comment_status":"open","ping_status":"open","template":"page-canvas.php","meta":{"_acf_changed":false,"footnotes":""},"class_list":["post-83359","page","type-page","status-publish","has-post-thumbnail","hentry"],"yoast_head":"<!-- This site is optimized with the Yoast SEO plugin v24.3 - https:\/\/yoast.com\/wordpress\/plugins\/seo\/ -->\n<title>Strona g\u0142\u00f3wna - Humanitas.net<\/title>\n<meta name=\"robots\" content=\"noindex, follow, max-snippet:-1, max-image-preview:large, max-video-preview:-1\" \/>\n<meta property=\"og:locale\" content=\"pl_PL\" \/>\n<meta property=\"og:type\" content=\"article\" \/>\n<meta property=\"og:title\" content=\"Strona g\u0142\u00f3wna - Humanitas.net\" \/>\n<meta property=\"og:description\" content=\"Szpital Humanitas Humanitas jest wysoce wyspecjalizowanym szpitalem dydaktycznym i badawczym. \u0141\u0105czy w sobie wyspecjalizowane centra leczenia nowotwor\u00f3w, chor\u00f3b sercowo-naczyniowych, zaburze\u0144 neurologicznych i ortopedycznych, a tak\u017ce Centrum Okulistyki i Centrum P\u0142odno\u015bci. Szpital jest r\u00f3wnie\u017c wyposa\u017cony w miejsca pogotowia i radioterapii.\" \/>\n<meta property=\"og:url\" content=\"https:\/\/humanitas-net.humweb.webiz.team\/\" \/>\n<meta property=\"og:site_name\" content=\"Humanitas.net\" \/>\n<meta property=\"article:publisher\" content=\"https:\/\/www.facebook.com\/HumanitasInternational\/\" \/>\n<meta property=\"article:modified_time\" content=\"2025-01-13T02:38:50+00:00\" \/>\n<meta property=\"og:image\" content=\"https:\/\/humanitas-net.humweb.webiz.team\/wp-content\/uploads\/2025\/01\/humanitas-main-jpg-150x150-1.jpg\" \/>\n\t<meta property=\"og:image:width\" content=\"150\" \/>\n\t<meta property=\"og:image:height\" content=\"150\" \/>\n\t<meta property=\"og:image:type\" content=\"image\/jpeg\" \/>\n<meta name=\"twitter:card\" content=\"summary_large_image\" \/>\n<meta name=\"twitter:site\" content=\"@humanitasmilano\" \/>\n<script type=\"application\/ld+json\" class=\"yoast-schema-graph\">{\"@context\":\"https:\/\/schema.org\",\"@graph\":[{\"@type\":\"WebPage\",\"@id\":\"https:\/\/humanitas-net.humweb.webiz.team\/\",\"url\":\"https:\/\/humanitas-net.humweb.webiz.team\/\",\"name\":\"Strona g\u0142\u00f3wna - Humanitas.net\",\"isPartOf\":{\"@id\":\"https:\/\/humanitas-net.humweb.webiz.team\/#website\"},\"primaryImageOfPage\":{\"@id\":\"https:\/\/humanitas-net.humweb.webiz.team\/#primaryimage\"},\"image\":{\"@id\":\"https:\/\/humanitas-net.humweb.webiz.team\/#primaryimage\"},\"thumbnailUrl\":\"https:\/\/humanitas-net.humweb.webiz.team\/wp-content\/uploads\/2025\/01\/humanitas-main-jpg-150x150-1.jpg\",\"datePublished\":\"2025-01-13T02:38:40+00:00\",\"dateModified\":\"2025-01-13T02:38:50+00:00\",\"breadcrumb\":{\"@id\":\"https:\/\/humanitas-net.humweb.webiz.team\/#breadcrumb\"},\"inLanguage\":\"pl-PL\",\"potentialAction\":[{\"@type\":\"ReadAction\",\"target\":[\"https:\/\/humanitas-net.humweb.webiz.team\/\"]}]},{\"@type\":\"ImageObject\",\"inLanguage\":\"pl-PL\",\"@id\":\"https:\/\/humanitas-net.humweb.webiz.team\/#primaryimage\",\"url\":\"https:\/\/humanitas-net.humweb.webiz.team\/wp-content\/uploads\/2025\/01\/humanitas-main-jpg-150x150-1.jpg\",\"contentUrl\":\"https:\/\/humanitas-net.humweb.webiz.team\/wp-content\/uploads\/2025\/01\/humanitas-main-jpg-150x150-1.jpg\",\"width\":150,\"height\":150},{\"@type\":\"BreadcrumbList\",\"@id\":\"https:\/\/humanitas-net.humweb.webiz.team\/#breadcrumb\",\"itemListElement\":[{\"@type\":\"ListItem\",\"position\":1,\"name\":\"Home\",\"item\":\"https:\/\/humanitas-net.humweb.webiz.team\/\"},{\"@type\":\"ListItem\",\"position\":2,\"name\":\"Strona g\u0142\u00f3wna\"}]},{\"@type\":\"WebSite\",\"@id\":\"https:\/\/humanitas-net.humweb.webiz.team\/#website\",\"url\":\"https:\/\/humanitas-net.humweb.webiz.team\/\",\"name\":\"Humanitas.net\",\"description\":\"Humanitas Hospital\",\"publisher\":{\"@id\":\"https:\/\/humanitas-net.humweb.webiz.team\/#organization\"},\"potentialAction\":[{\"@type\":\"SearchAction\",\"target\":{\"@type\":\"EntryPoint\",\"urlTemplate\":\"https:\/\/humanitas-net.humweb.webiz.team\/?s={search_term_string}\"},\"query-input\":{\"@type\":\"PropertyValueSpecification\",\"valueRequired\":true,\"valueName\":\"search_term_string\"}}],\"inLanguage\":\"pl-PL\"},{\"@type\":\"Organization\",\"@id\":\"https:\/\/humanitas-net.humweb.webiz.team\/#organization\",\"name\":\"Humanitas\",\"url\":\"https:\/\/humanitas-net.humweb.webiz.team\/\",\"logo\":{\"@type\":\"ImageObject\",\"inLanguage\":\"pl-PL\",\"@id\":\"https:\/\/humanitas-net.humweb.webiz.team\/#\/schema\/logo\/image\/\",\"url\":\"https:\/\/humanitas-net.humweb.webiz.team\/wp-content\/uploads\/2025\/01\/new-humanitas-logo-1.svg\",\"contentUrl\":\"https:\/\/humanitas-net.humweb.webiz.team\/wp-content\/uploads\/2025\/01\/new-humanitas-logo-1.svg\",\"width\":1,\"height\":1,\"caption\":\"Humanitas\"},\"image\":{\"@id\":\"https:\/\/humanitas-net.humweb.webiz.team\/#\/schema\/logo\/image\/\"},\"sameAs\":[\"https:\/\/www.facebook.com\/HumanitasInternational\/\",\"https:\/\/x.com\/humanitasmilano\"]}]}<\/script>\n<!-- \/ Yoast SEO plugin. -->","yoast_head_json":{"title":"Strona g\u0142\u00f3wna - Humanitas.net","robots":{"index":"noindex","follow":"follow","max-snippet":"max-snippet:-1","max-image-preview":"max-image-preview:large","max-video-preview":"max-video-preview:-1"},"og_locale":"pl_PL","og_type":"article","og_title":"Strona g\u0142\u00f3wna - Humanitas.net","og_description":"Szpital Humanitas Humanitas jest wysoce wyspecjalizowanym szpitalem dydaktycznym i badawczym. \u0141\u0105czy w sobie wyspecjalizowane centra leczenia nowotwor\u00f3w, chor\u00f3b sercowo-naczyniowych, zaburze\u0144 neurologicznych i ortopedycznych, a tak\u017ce Centrum Okulistyki i Centrum P\u0142odno\u015bci. Szpital jest r\u00f3wnie\u017c wyposa\u017cony w miejsca pogotowia i radioterapii.","og_url":"https:\/\/humanitas-net.humweb.webiz.team\/","og_site_name":"Humanitas.net","article_publisher":"https:\/\/www.facebook.com\/HumanitasInternational\/","article_modified_time":"2025-01-13T02:38:50+00:00","og_image":[{"width":150,"height":150,"url":"https:\/\/humanitas-net.humweb.webiz.team\/wp-content\/uploads\/2025\/01\/humanitas-main-jpg-150x150-1.jpg","type":"image\/jpeg"}],"twitter_card":"summary_large_image","twitter_site":"@humanitasmilano","schema":{"@context":"https:\/\/schema.org","@graph":[{"@type":"WebPage","@id":"https:\/\/humanitas-net.humweb.webiz.team\/","url":"https:\/\/humanitas-net.humweb.webiz.team\/","name":"Strona g\u0142\u00f3wna - Humanitas.net","isPartOf":{"@id":"https:\/\/humanitas-net.humweb.webiz.team\/#website"},"primaryImageOfPage":{"@id":"https:\/\/humanitas-net.humweb.webiz.team\/#primaryimage"},"image":{"@id":"https:\/\/humanitas-net.humweb.webiz.team\/#primaryimage"},"thumbnailUrl":"https:\/\/humanitas-net.humweb.webiz.team\/wp-content\/uploads\/2025\/01\/humanitas-main-jpg-150x150-1.jpg","datePublished":"2025-01-13T02:38:40+00:00","dateModified":"2025-01-13T02:38:50+00:00","breadcrumb":{"@id":"https:\/\/humanitas-net.humweb.webiz.team\/#breadcrumb"},"inLanguage":"pl-PL","potentialAction":[{"@type":"ReadAction","target":["https:\/\/humanitas-net.humweb.webiz.team\/"]}]},{"@type":"ImageObject","inLanguage":"pl-PL","@id":"https:\/\/humanitas-net.humweb.webiz.team\/#primaryimage","url":"https:\/\/humanitas-net.humweb.webiz.team\/wp-content\/uploads\/2025\/01\/humanitas-main-jpg-150x150-1.jpg","contentUrl":"https:\/\/humanitas-net.humweb.webiz.team\/wp-content\/uploads\/2025\/01\/humanitas-main-jpg-150x150-1.jpg","width":150,"height":150},{"@type":"BreadcrumbList","@id":"https:\/\/humanitas-net.humweb.webiz.team\/#breadcrumb","itemListElement":[{"@type":"ListItem","position":1,"name":"Home","item":"https:\/\/humanitas-net.humweb.webiz.team\/"},{"@type":"ListItem","position":2,"name":"Strona g\u0142\u00f3wna"}]},{"@type":"WebSite","@id":"https:\/\/humanitas-net.humweb.webiz.team\/#website","url":"https:\/\/humanitas-net.humweb.webiz.team\/","name":"Humanitas.net","description":"Humanitas Hospital","publisher":{"@id":"https:\/\/humanitas-net.humweb.webiz.team\/#organization"},"potentialAction":[{"@type":"SearchAction","target":{"@type":"EntryPoint","urlTemplate":"https:\/\/humanitas-net.humweb.webiz.team\/?s={search_term_string}"},"query-input":{"@type":"PropertyValueSpecification","valueRequired":true,"valueName":"search_term_string"}}],"inLanguage":"pl-PL"},{"@type":"Organization","@id":"https:\/\/humanitas-net.humweb.webiz.team\/#organization","name":"Humanitas","url":"https:\/\/humanitas-net.humweb.webiz.team\/","logo":{"@type":"ImageObject","inLanguage":"pl-PL","@id":"https:\/\/humanitas-net.humweb.webiz.team\/#\/schema\/logo\/image\/","url":"https:\/\/humanitas-net.humweb.webiz.team\/wp-content\/uploads\/2025\/01\/new-humanitas-logo-1.svg","contentUrl":"https:\/\/humanitas-net.humweb.webiz.team\/wp-content\/uploads\/2025\/01\/new-humanitas-logo-1.svg","width":1,"height":1,"caption":"Humanitas"},"image":{"@id":"https:\/\/humanitas-net.humweb.webiz.team\/#\/schema\/logo\/image\/"},"sameAs":["https:\/\/www.facebook.com\/HumanitasInternational\/","https:\/\/x.com\/humanitasmilano"]}]}},"acf":[],"_links":{"self":[{"href":"https:\/\/humanitas-net.humweb.webiz.team\/pl\/wp-json\/wp\/v2\/pages\/83359","targetHints":{"allow":["GET"]}}],"collection":[{"href":"https:\/\/humanitas-net.humweb.webiz.team\/pl\/wp-json\/wp\/v2\/pages"}],"about":[{"href":"https:\/\/humanitas-net.humweb.webiz.team\/pl\/wp-json\/wp\/v2\/types\/page"}],"author":[{"embeddable":true,"href":"https:\/\/humanitas-net.humweb.webiz.team\/pl\/wp-json\/wp\/v2\/users\/1"}],"replies":[{"embeddable":true,"href":"https:\/\/humanitas-net.humweb.webiz.team\/pl\/wp-json\/wp\/v2\/comments?post=83359"}],"version-history":[{"count":1,"href":"https:\/\/humanitas-net.humweb.webiz.team\/pl\/wp-json\/wp\/v2\/pages\/83359\/revisions"}],"predecessor-version":[{"id":83360,"href":"https:\/\/humanitas-net.humweb.webiz.team\/pl\/wp-json\/wp\/v2\/pages\/83359\/revisions\/83360"}],"wp:featuredmedia":[{"embeddable":true,"href":"https:\/\/humanitas-net.humweb.webiz.team\/pl\/wp-json\/wp\/v2\/media\/83113"}],"wp:attachment":[{"href":"https:\/\/humanitas-net.humweb.webiz.team\/pl\/wp-json\/wp\/v2\/media?parent=83359"}],"curies":[{"name":"wp","href":"https:\/\/api.w.org\/{rel}","templated":true}]}}