{"id":83345,"date":"2025-01-13T02:38:40","date_gmt":"2025-01-13T02:38:40","guid":{"rendered":"http:\/\/humanitasnet-new.local\/uslugi-dla-pacjentow-zagranicznych\/"},"modified":"2025-01-13T02:38:47","modified_gmt":"2025-01-13T02:38:47","slug":"uslugi-dla-pacjentow-zagranicznych","status":"publish","type":"page","link":"https:\/\/humanitas-net.humweb.webiz.team\/pl\/uslugi-dla-pacjentow-zagranicznych\/","title":{"rendered":"Us\u0142ugi dla pacjent\u00f3w zagranicznych"},"content":{"rendered":"<p>Mi\u0119dzynarodowy Oddzia\u0142 Szpitala Humanitas zapewnia wsparcie j\u0119zykowe, moralne i psychologiczne. Zapewniamy t\u0142umaczy, piel\u0119gniarki nocne, zdalne us\u0142ugi t\u0142umaczeniowe przez 24 godziny na dob\u0119 oraz dokumentacj\u0119 medyczn\u0105 w j\u0119zyku ojczystym. Na oddzia\u0142ach pracuje mi\u0119dzynarodowa kadra medyczna i posiadaj\u0105 one mi\u0119dzynarodowe stacje telewizyjne. Te udogodnienia u\u0142atwiaj\u0105 pacjentom pobyt w obcym kraju, pomagaj\u0105 skoncentrowa\u0107 si\u0119 na szybkim pokonaniu chroby i tak szybkim powrocie do domu, jak to tylko mo\u017cliwe.<\/p>\n<p>&nbsp;<\/p>\n<p>Po otrzymaniu wiosku o leczenie przygotowujemy plan leczenia, wst\u0119pny kosztorys i harmonogram. Zapewniamy r\u00f3wnie\u017c wsparcie w temacie wizy, us\u0142ugi transferu z lotniska, zakwaterowanie pacjent\u00f3w ambulatoryjnych lub krewnych pacjent\u00f3w w hotelu w klinice, w mieszkaniu hotelowym w przypadku d\u0142u\u017cszego pobytu lub w hotelach w Mediolanie po ni\u017cszych cenach.<\/p>\n<p>&nbsp;<\/p>\n<p>Humanitas polega na stosunkach umownych z mi\u0119dzynarodowymi firmami ubezpieczeniowymi, dlatego te\u017c, je\u015bli posiadasz polic\u0119 ubezpieczenia medycznego, masz mo\u017cliwo\u015b\u0107 leczenia w Humanitas na warunkach bezpo\u015bredniej p\u0142atno\u015bci za po\u015brednictwem Twojej firmy ubezpieczeniowej (us\u0142ugi obj\u0119te polis\u0105 zostan\u0105 op\u0142acone firmie Humanitas przez Twoj\u0105 firm\u0119 ubezpieczeniow\u0105).<\/p>\n","protected":false},"excerpt":{"rendered":"<p>Mi\u0119dzynarodowy Oddzia\u0142 Szpitala Humanitas zapewnia wsparcie j\u0119zykowe, moralne i psychologiczne. Zapewniamy t\u0142umaczy, piel\u0119gniarki nocne, zdalne us\u0142ugi t\u0142umaczeniowe przez 24 godziny na dob\u0119 oraz dokumentacj\u0119 medyczn\u0105 w j\u0119zyku ojczystym. Na oddzia\u0142ach pracuje mi\u0119dzynarodowa kadra medyczna i posiadaj\u0105 one mi\u0119dzynarodowe stacje telewizyjne. Te udogodnienia u\u0142atwiaj\u0105 pacjentom pobyt w obcym kraju, pomagaj\u0105 skoncentrowa\u0107 si\u0119 na szybkim pokonaniu chroby [&hellip;]<\/p>\n","protected":false},"author":1,"featured_media":0,"parent":0,"menu_order":0,"comment_status":"open","ping_status":"open","template":"","meta":{"_acf_changed":false,"footnotes":""},"class_list":["post-83345","page","type-page","status-publish","hentry"],"yoast_head":"<!-- This site is optimized with the Yoast SEO plugin v24.3 - https:\/\/yoast.com\/wordpress\/plugins\/seo\/ -->\n<title>Us\u0142ugi dla pacjent\u00f3w zagranicznych - Humanitas.net<\/title>\n<meta name=\"robots\" content=\"noindex, follow, max-snippet:-1, max-image-preview:large, max-video-preview:-1\" \/>\n<meta property=\"og:locale\" content=\"pl_PL\" \/>\n<meta property=\"og:type\" content=\"article\" \/>\n<meta property=\"og:title\" content=\"Us\u0142ugi dla pacjent\u00f3w zagranicznych - Humanitas.net\" \/>\n<meta property=\"og:description\" content=\"Mi\u0119dzynarodowy Oddzia\u0142 Szpitala Humanitas zapewnia wsparcie j\u0119zykowe, moralne i psychologiczne. Zapewniamy t\u0142umaczy, piel\u0119gniarki nocne, zdalne us\u0142ugi t\u0142umaczeniowe przez 24 godziny na dob\u0119 oraz dokumentacj\u0119 medyczn\u0105 w j\u0119zyku ojczystym. Na oddzia\u0142ach pracuje mi\u0119dzynarodowa kadra medyczna i posiadaj\u0105 one mi\u0119dzynarodowe stacje telewizyjne. Te udogodnienia u\u0142atwiaj\u0105 pacjentom pobyt w obcym kraju, pomagaj\u0105 skoncentrowa\u0107 si\u0119 na szybkim pokonaniu chroby [&hellip;]\" \/>\n<meta property=\"og:url\" content=\"https:\/\/humanitas-net.humweb.webiz.team\/services-international-patients\/\" \/>\n<meta property=\"og:site_name\" content=\"Humanitas.net\" \/>\n<meta property=\"article:publisher\" content=\"https:\/\/www.facebook.com\/HumanitasInternational\/\" \/>\n<meta property=\"article:modified_time\" content=\"2025-01-13T02:38:47+00:00\" \/>\n<meta name=\"twitter:card\" content=\"summary_large_image\" \/>\n<meta name=\"twitter:site\" content=\"@humanitasmilano\" \/>\n<meta name=\"twitter:label1\" content=\"Est. reading time\" \/>\n\t<meta name=\"twitter:data1\" content=\"1 minute\" \/>\n<script type=\"application\/ld+json\" class=\"yoast-schema-graph\">{\"@context\":\"https:\/\/schema.org\",\"@graph\":[{\"@type\":\"WebPage\",\"@id\":\"https:\/\/humanitas-net.humweb.webiz.team\/services-international-patients\/\",\"url\":\"https:\/\/humanitas-net.humweb.webiz.team\/services-international-patients\/\",\"name\":\"Us\u0142ugi dla pacjent\u00f3w zagranicznych - Humanitas.net\",\"isPartOf\":{\"@id\":\"https:\/\/humanitas-net.humweb.webiz.team\/#website\"},\"datePublished\":\"2025-01-13T02:38:40+00:00\",\"dateModified\":\"2025-01-13T02:38:47+00:00\",\"breadcrumb\":{\"@id\":\"https:\/\/humanitas-net.humweb.webiz.team\/services-international-patients\/#breadcrumb\"},\"inLanguage\":\"pl-PL\",\"potentialAction\":[{\"@type\":\"ReadAction\",\"target\":[\"https:\/\/humanitas-net.humweb.webiz.team\/services-international-patients\/\"]}]},{\"@type\":\"BreadcrumbList\",\"@id\":\"https:\/\/humanitas-net.humweb.webiz.team\/services-international-patients\/#breadcrumb\",\"itemListElement\":[{\"@type\":\"ListItem\",\"position\":1,\"name\":\"Home\",\"item\":\"https:\/\/humanitas-net.humweb.webiz.team\/\"},{\"@type\":\"ListItem\",\"position\":2,\"name\":\"Us\u0142ugi dla pacjent\u00f3w zagranicznych\"}]},{\"@type\":\"WebSite\",\"@id\":\"https:\/\/humanitas-net.humweb.webiz.team\/#website\",\"url\":\"https:\/\/humanitas-net.humweb.webiz.team\/\",\"name\":\"Humanitas.net\",\"description\":\"Humanitas Hospital\",\"publisher\":{\"@id\":\"https:\/\/humanitas-net.humweb.webiz.team\/#organization\"},\"potentialAction\":[{\"@type\":\"SearchAction\",\"target\":{\"@type\":\"EntryPoint\",\"urlTemplate\":\"https:\/\/humanitas-net.humweb.webiz.team\/?s={search_term_string}\"},\"query-input\":{\"@type\":\"PropertyValueSpecification\",\"valueRequired\":true,\"valueName\":\"search_term_string\"}}],\"inLanguage\":\"pl-PL\"},{\"@type\":\"Organization\",\"@id\":\"https:\/\/humanitas-net.humweb.webiz.team\/#organization\",\"name\":\"Humanitas\",\"url\":\"https:\/\/humanitas-net.humweb.webiz.team\/\",\"logo\":{\"@type\":\"ImageObject\",\"inLanguage\":\"pl-PL\",\"@id\":\"https:\/\/humanitas-net.humweb.webiz.team\/#\/schema\/logo\/image\/\",\"url\":\"https:\/\/humanitas-net.humweb.webiz.team\/wp-content\/uploads\/2025\/01\/new-humanitas-logo-1.svg\",\"contentUrl\":\"https:\/\/humanitas-net.humweb.webiz.team\/wp-content\/uploads\/2025\/01\/new-humanitas-logo-1.svg\",\"width\":1,\"height\":1,\"caption\":\"Humanitas\"},\"image\":{\"@id\":\"https:\/\/humanitas-net.humweb.webiz.team\/#\/schema\/logo\/image\/\"},\"sameAs\":[\"https:\/\/www.facebook.com\/HumanitasInternational\/\",\"https:\/\/x.com\/humanitasmilano\"]}]}<\/script>\n<!-- \/ Yoast SEO plugin. -->","yoast_head_json":{"title":"Us\u0142ugi dla pacjent\u00f3w zagranicznych - Humanitas.net","robots":{"index":"noindex","follow":"follow","max-snippet":"max-snippet:-1","max-image-preview":"max-image-preview:large","max-video-preview":"max-video-preview:-1"},"og_locale":"pl_PL","og_type":"article","og_title":"Us\u0142ugi dla pacjent\u00f3w zagranicznych - Humanitas.net","og_description":"Mi\u0119dzynarodowy Oddzia\u0142 Szpitala Humanitas zapewnia wsparcie j\u0119zykowe, moralne i psychologiczne. Zapewniamy t\u0142umaczy, piel\u0119gniarki nocne, zdalne us\u0142ugi t\u0142umaczeniowe przez 24 godziny na dob\u0119 oraz dokumentacj\u0119 medyczn\u0105 w j\u0119zyku ojczystym. Na oddzia\u0142ach pracuje mi\u0119dzynarodowa kadra medyczna i posiadaj\u0105 one mi\u0119dzynarodowe stacje telewizyjne. Te udogodnienia u\u0142atwiaj\u0105 pacjentom pobyt w obcym kraju, pomagaj\u0105 skoncentrowa\u0107 si\u0119 na szybkim pokonaniu chroby [&hellip;]","og_url":"https:\/\/humanitas-net.humweb.webiz.team\/services-international-patients\/","og_site_name":"Humanitas.net","article_publisher":"https:\/\/www.facebook.com\/HumanitasInternational\/","article_modified_time":"2025-01-13T02:38:47+00:00","twitter_card":"summary_large_image","twitter_site":"@humanitasmilano","twitter_misc":{"Est. reading time":"1 minute"},"schema":{"@context":"https:\/\/schema.org","@graph":[{"@type":"WebPage","@id":"https:\/\/humanitas-net.humweb.webiz.team\/services-international-patients\/","url":"https:\/\/humanitas-net.humweb.webiz.team\/services-international-patients\/","name":"Us\u0142ugi dla pacjent\u00f3w zagranicznych - Humanitas.net","isPartOf":{"@id":"https:\/\/humanitas-net.humweb.webiz.team\/#website"},"datePublished":"2025-01-13T02:38:40+00:00","dateModified":"2025-01-13T02:38:47+00:00","breadcrumb":{"@id":"https:\/\/humanitas-net.humweb.webiz.team\/services-international-patients\/#breadcrumb"},"inLanguage":"pl-PL","potentialAction":[{"@type":"ReadAction","target":["https:\/\/humanitas-net.humweb.webiz.team\/services-international-patients\/"]}]},{"@type":"BreadcrumbList","@id":"https:\/\/humanitas-net.humweb.webiz.team\/services-international-patients\/#breadcrumb","itemListElement":[{"@type":"ListItem","position":1,"name":"Home","item":"https:\/\/humanitas-net.humweb.webiz.team\/"},{"@type":"ListItem","position":2,"name":"Us\u0142ugi dla pacjent\u00f3w zagranicznych"}]},{"@type":"WebSite","@id":"https:\/\/humanitas-net.humweb.webiz.team\/#website","url":"https:\/\/humanitas-net.humweb.webiz.team\/","name":"Humanitas.net","description":"Humanitas Hospital","publisher":{"@id":"https:\/\/humanitas-net.humweb.webiz.team\/#organization"},"potentialAction":[{"@type":"SearchAction","target":{"@type":"EntryPoint","urlTemplate":"https:\/\/humanitas-net.humweb.webiz.team\/?s={search_term_string}"},"query-input":{"@type":"PropertyValueSpecification","valueRequired":true,"valueName":"search_term_string"}}],"inLanguage":"pl-PL"},{"@type":"Organization","@id":"https:\/\/humanitas-net.humweb.webiz.team\/#organization","name":"Humanitas","url":"https:\/\/humanitas-net.humweb.webiz.team\/","logo":{"@type":"ImageObject","inLanguage":"pl-PL","@id":"https:\/\/humanitas-net.humweb.webiz.team\/#\/schema\/logo\/image\/","url":"https:\/\/humanitas-net.humweb.webiz.team\/wp-content\/uploads\/2025\/01\/new-humanitas-logo-1.svg","contentUrl":"https:\/\/humanitas-net.humweb.webiz.team\/wp-content\/uploads\/2025\/01\/new-humanitas-logo-1.svg","width":1,"height":1,"caption":"Humanitas"},"image":{"@id":"https:\/\/humanitas-net.humweb.webiz.team\/#\/schema\/logo\/image\/"},"sameAs":["https:\/\/www.facebook.com\/HumanitasInternational\/","https:\/\/x.com\/humanitasmilano"]}]}},"acf":[],"_links":{"self":[{"href":"https:\/\/humanitas-net.humweb.webiz.team\/pl\/wp-json\/wp\/v2\/pages\/83345","targetHints":{"allow":["GET"]}}],"collection":[{"href":"https:\/\/humanitas-net.humweb.webiz.team\/pl\/wp-json\/wp\/v2\/pages"}],"about":[{"href":"https:\/\/humanitas-net.humweb.webiz.team\/pl\/wp-json\/wp\/v2\/types\/page"}],"author":[{"embeddable":true,"href":"https:\/\/humanitas-net.humweb.webiz.team\/pl\/wp-json\/wp\/v2\/users\/1"}],"replies":[{"embeddable":true,"href":"https:\/\/humanitas-net.humweb.webiz.team\/pl\/wp-json\/wp\/v2\/comments?post=83345"}],"version-history":[{"count":1,"href":"https:\/\/humanitas-net.humweb.webiz.team\/pl\/wp-json\/wp\/v2\/pages\/83345\/revisions"}],"predecessor-version":[{"id":83346,"href":"https:\/\/humanitas-net.humweb.webiz.team\/pl\/wp-json\/wp\/v2\/pages\/83345\/revisions\/83346"}],"wp:attachment":[{"href":"https:\/\/humanitas-net.humweb.webiz.team\/pl\/wp-json\/wp\/v2\/media?parent=83345"}],"curies":[{"name":"wp","href":"https:\/\/api.w.org\/{rel}","templated":true}]}}