{"id":83343,"date":"2025-01-13T02:38:40","date_gmt":"2025-01-13T02:38:40","guid":{"rendered":"http:\/\/humanitasnet-new.local\/akredytacja-miedzynarodowa\/"},"modified":"2025-01-13T02:38:46","modified_gmt":"2025-01-13T02:38:46","slug":"akredytacja-miedzynarodowa","status":"publish","type":"page","link":"https:\/\/humanitas-net.humweb.webiz.team\/pl\/akredytacja-miedzynarodowa\/","title":{"rendered":"Akredytacja mi\u0119dzynarodowa"},"content":{"rendered":"<p>W przypadku Humanitas \u015bcis\u0142e powi\u0105zanie mi\u0119dzy skutecznym zarz\u0105dzaniem a wysok\u0105 jako\u015bci\u0105 dzia\u0142a\u0144 klinicznych jest obowi\u0105zkowe. Konsekwentnie, Humanitas by\u0142a pierwsz\u0105 poliklinik\u0105 we W\u0142oszech i jedn\u0105 z nielicznych w Europie, kt\u00f3ra otrzyma\u0142a certyfikat Joint Commission International. To potwierdzenie doskona\u0142o\u015bci zosta\u0142o odnowione pi\u0119\u0107 razy od 2002 roku i wymaga\u0142o zgodno\u015bci z ponad 1300 standardami.<\/p>\n<p>&nbsp;<\/p>\n<p>Humanitas, uznany przez Uniwersytet Harvard za jeden z czterech najbardziej innowacyjnych szpitali na \u015bwiecie, jest studium przypadku dla jego modelu organizacji, kt\u00f3ry \u0142\u0105czy w sobie jako\u015b\u0107 opieki ze zr\u00f3wnowa\u017ceniem gospodarczym, rozwojem i odpowiedzialno\u015bci\u0105 spo\u0142eczn\u0105.<\/p>\n<p>&nbsp;<\/p>\n<p>\u201e&#8230;Organizacje powinny si\u0119 konfigurowa\u0107, aby osi\u0105ga\u0107 najlepsze wyniki w trzech zadaniach: stosowanie najlepszych praktyk naukowych w zakresie leczenia dobrze poznanych chor\u00f3b, wykorzystywanie pr\u00f3b i b\u0142\u0119d\u00f3w w rozwi\u0105zywaniu trudnych lub \u017ale zrozumianych warunk\u00f3w oraz przechwytywanie i stosowanie uczenia si\u0119 generowanego dzie\u0144 po dniu. Intermountain Healthcare, Cleveland Clinic i Virginia Mason w Stanach Zjednoczonych oraz Istituto Clinico Humanitas we W\u0142oszech nale\u017c\u0105 do organizacji, kt\u00f3re dokonuj\u0105 wielkich post\u0119p\u00f3w w zakresie poprawy wynik\u00f3w leczenia pacjent\u00f3w i eliminacji marnotrawstwa. Cho\u0107 przeszkody w rozwoju s\u0105 liczne, organizacje te udowadniaj\u0105, \u017ce zmiana jest mo\u017cliwa&#8230;\u201d<\/p>\n<p>&nbsp;<\/p>\n<p>\u201e&#8230;Organizacje te rozumiej\u0105, \u017ce wiedza medyczna jest obecnie zbyt obszerna, aby mog\u0142a by\u0107 przechowywana w g\u0142owach poszczeg\u00f3lnych lekarzy i musi by\u0107 wbudowana w protoko\u0142y i procedury. Innymi s\u0142owy, zdaj\u0105 sobie spraw\u0119, \u017ce leczenie chor\u00f3b sta\u0142o si\u0119 odpowiedzialno\u015bci\u0105 organizacyjn\u0105. \u015awiadomie wykorzystuj\u0105 swoje zasoby, aby osi\u0105gn\u0105\u0107 jak najlepsze wyniki leczenia pacjenta, gromadzi\u0107 i wykorzystywa\u0107 dane, aby bezustannie poprawia\u0107 wydajno\u015b\u0107, a codzienn\u0105 praktyk\u0119 medycyny traktowa\u0107 jako \u017ar\u00f3d\u0142o wgl\u0105du i innowacji&#8230;\u201d<\/p>\n<p>&nbsp;<\/p>\n<p>(Prof. R. Bohmer, Harvard Business Review, 30 kwietnia 2010, strona 38)<\/p>\n","protected":false},"excerpt":{"rendered":"<p>W przypadku Humanitas \u015bcis\u0142e powi\u0105zanie mi\u0119dzy skutecznym zarz\u0105dzaniem a wysok\u0105 jako\u015bci\u0105 dzia\u0142a\u0144 klinicznych jest obowi\u0105zkowe. Konsekwentnie, Humanitas by\u0142a pierwsz\u0105 poliklinik\u0105 we W\u0142oszech i jedn\u0105 z nielicznych w Europie, kt\u00f3ra otrzyma\u0142a certyfikat Joint Commission International. To potwierdzenie doskona\u0142o\u015bci zosta\u0142o odnowione pi\u0119\u0107 razy od 2002 roku i wymaga\u0142o zgodno\u015bci z ponad 1300 standardami. &nbsp; Humanitas, uznany przez [&hellip;]<\/p>\n","protected":false},"author":1,"featured_media":0,"parent":0,"menu_order":0,"comment_status":"open","ping_status":"open","template":"","meta":{"_acf_changed":false,"footnotes":""},"class_list":["post-83343","page","type-page","status-publish","hentry"],"yoast_head":"<!-- This site is optimized with the Yoast SEO plugin v24.3 - https:\/\/yoast.com\/wordpress\/plugins\/seo\/ -->\n<title>Akredytacja mi\u0119dzynarodowa - Humanitas.net<\/title>\n<meta name=\"robots\" content=\"noindex, follow, max-snippet:-1, max-image-preview:large, max-video-preview:-1\" \/>\n<meta property=\"og:locale\" content=\"pl_PL\" \/>\n<meta property=\"og:type\" content=\"article\" \/>\n<meta property=\"og:title\" content=\"Akredytacja mi\u0119dzynarodowa - Humanitas.net\" \/>\n<meta property=\"og:description\" content=\"W przypadku Humanitas \u015bcis\u0142e powi\u0105zanie mi\u0119dzy skutecznym zarz\u0105dzaniem a wysok\u0105 jako\u015bci\u0105 dzia\u0142a\u0144 klinicznych jest obowi\u0105zkowe. Konsekwentnie, Humanitas by\u0142a pierwsz\u0105 poliklinik\u0105 we W\u0142oszech i jedn\u0105 z nielicznych w Europie, kt\u00f3ra otrzyma\u0142a certyfikat Joint Commission International. To potwierdzenie doskona\u0142o\u015bci zosta\u0142o odnowione pi\u0119\u0107 razy od 2002 roku i wymaga\u0142o zgodno\u015bci z ponad 1300 standardami. &nbsp; Humanitas, uznany przez [&hellip;]\" \/>\n<meta property=\"og:url\" content=\"https:\/\/humanitas-net.humweb.webiz.team\/pl\/akredytacja-miedzynarodowa\/\" \/>\n<meta property=\"og:site_name\" content=\"Humanitas.net\" \/>\n<meta property=\"article:publisher\" content=\"https:\/\/www.facebook.com\/HumanitasInternational\/\" \/>\n<meta property=\"article:modified_time\" content=\"2025-01-13T02:38:46+00:00\" \/>\n<meta name=\"twitter:card\" content=\"summary_large_image\" \/>\n<meta name=\"twitter:site\" content=\"@humanitasmilano\" \/>\n<meta name=\"twitter:label1\" content=\"Est. reading time\" \/>\n\t<meta name=\"twitter:data1\" content=\"1 minute\" \/>\n<script type=\"application\/ld+json\" class=\"yoast-schema-graph\">{\"@context\":\"https:\/\/schema.org\",\"@graph\":[{\"@type\":\"WebPage\",\"@id\":\"https:\/\/humanitas-net.humweb.webiz.team\/pl\/akredytacja-miedzynarodowa\/\",\"url\":\"https:\/\/humanitas-net.humweb.webiz.team\/pl\/akredytacja-miedzynarodowa\/\",\"name\":\"Akredytacja mi\u0119dzynarodowa - Humanitas.net\",\"isPartOf\":{\"@id\":\"https:\/\/humanitas-net.humweb.webiz.team\/#website\"},\"datePublished\":\"2025-01-13T02:38:40+00:00\",\"dateModified\":\"2025-01-13T02:38:46+00:00\",\"breadcrumb\":{\"@id\":\"https:\/\/humanitas-net.humweb.webiz.team\/pl\/akredytacja-miedzynarodowa\/#breadcrumb\"},\"inLanguage\":\"pl-PL\",\"potentialAction\":[{\"@type\":\"ReadAction\",\"target\":[\"https:\/\/humanitas-net.humweb.webiz.team\/pl\/akredytacja-miedzynarodowa\/\"]}]},{\"@type\":\"BreadcrumbList\",\"@id\":\"https:\/\/humanitas-net.humweb.webiz.team\/pl\/akredytacja-miedzynarodowa\/#breadcrumb\",\"itemListElement\":[{\"@type\":\"ListItem\",\"position\":1,\"name\":\"Home\",\"item\":\"https:\/\/humanitas-net.humweb.webiz.team\/\"},{\"@type\":\"ListItem\",\"position\":2,\"name\":\"Akredytacja mi\u0119dzynarodowa\"}]},{\"@type\":\"WebSite\",\"@id\":\"https:\/\/humanitas-net.humweb.webiz.team\/#website\",\"url\":\"https:\/\/humanitas-net.humweb.webiz.team\/\",\"name\":\"Humanitas.net\",\"description\":\"Humanitas Hospital\",\"publisher\":{\"@id\":\"https:\/\/humanitas-net.humweb.webiz.team\/#organization\"},\"potentialAction\":[{\"@type\":\"SearchAction\",\"target\":{\"@type\":\"EntryPoint\",\"urlTemplate\":\"https:\/\/humanitas-net.humweb.webiz.team\/?s={search_term_string}\"},\"query-input\":{\"@type\":\"PropertyValueSpecification\",\"valueRequired\":true,\"valueName\":\"search_term_string\"}}],\"inLanguage\":\"pl-PL\"},{\"@type\":\"Organization\",\"@id\":\"https:\/\/humanitas-net.humweb.webiz.team\/#organization\",\"name\":\"Humanitas\",\"url\":\"https:\/\/humanitas-net.humweb.webiz.team\/\",\"logo\":{\"@type\":\"ImageObject\",\"inLanguage\":\"pl-PL\",\"@id\":\"https:\/\/humanitas-net.humweb.webiz.team\/#\/schema\/logo\/image\/\",\"url\":\"https:\/\/humanitas-net.humweb.webiz.team\/wp-content\/uploads\/2025\/01\/new-humanitas-logo-1.svg\",\"contentUrl\":\"https:\/\/humanitas-net.humweb.webiz.team\/wp-content\/uploads\/2025\/01\/new-humanitas-logo-1.svg\",\"width\":1,\"height\":1,\"caption\":\"Humanitas\"},\"image\":{\"@id\":\"https:\/\/humanitas-net.humweb.webiz.team\/#\/schema\/logo\/image\/\"},\"sameAs\":[\"https:\/\/www.facebook.com\/HumanitasInternational\/\",\"https:\/\/x.com\/humanitasmilano\"]}]}<\/script>\n<!-- \/ Yoast SEO plugin. -->","yoast_head_json":{"title":"Akredytacja mi\u0119dzynarodowa - Humanitas.net","robots":{"index":"noindex","follow":"follow","max-snippet":"max-snippet:-1","max-image-preview":"max-image-preview:large","max-video-preview":"max-video-preview:-1"},"og_locale":"pl_PL","og_type":"article","og_title":"Akredytacja mi\u0119dzynarodowa - Humanitas.net","og_description":"W przypadku Humanitas \u015bcis\u0142e powi\u0105zanie mi\u0119dzy skutecznym zarz\u0105dzaniem a wysok\u0105 jako\u015bci\u0105 dzia\u0142a\u0144 klinicznych jest obowi\u0105zkowe. Konsekwentnie, Humanitas by\u0142a pierwsz\u0105 poliklinik\u0105 we W\u0142oszech i jedn\u0105 z nielicznych w Europie, kt\u00f3ra otrzyma\u0142a certyfikat Joint Commission International. To potwierdzenie doskona\u0142o\u015bci zosta\u0142o odnowione pi\u0119\u0107 razy od 2002 roku i wymaga\u0142o zgodno\u015bci z ponad 1300 standardami. &nbsp; Humanitas, uznany przez [&hellip;]","og_url":"https:\/\/humanitas-net.humweb.webiz.team\/pl\/akredytacja-miedzynarodowa\/","og_site_name":"Humanitas.net","article_publisher":"https:\/\/www.facebook.com\/HumanitasInternational\/","article_modified_time":"2025-01-13T02:38:46+00:00","twitter_card":"summary_large_image","twitter_site":"@humanitasmilano","twitter_misc":{"Est. reading time":"1 minute"},"schema":{"@context":"https:\/\/schema.org","@graph":[{"@type":"WebPage","@id":"https:\/\/humanitas-net.humweb.webiz.team\/pl\/akredytacja-miedzynarodowa\/","url":"https:\/\/humanitas-net.humweb.webiz.team\/pl\/akredytacja-miedzynarodowa\/","name":"Akredytacja mi\u0119dzynarodowa - Humanitas.net","isPartOf":{"@id":"https:\/\/humanitas-net.humweb.webiz.team\/#website"},"datePublished":"2025-01-13T02:38:40+00:00","dateModified":"2025-01-13T02:38:46+00:00","breadcrumb":{"@id":"https:\/\/humanitas-net.humweb.webiz.team\/pl\/akredytacja-miedzynarodowa\/#breadcrumb"},"inLanguage":"pl-PL","potentialAction":[{"@type":"ReadAction","target":["https:\/\/humanitas-net.humweb.webiz.team\/pl\/akredytacja-miedzynarodowa\/"]}]},{"@type":"BreadcrumbList","@id":"https:\/\/humanitas-net.humweb.webiz.team\/pl\/akredytacja-miedzynarodowa\/#breadcrumb","itemListElement":[{"@type":"ListItem","position":1,"name":"Home","item":"https:\/\/humanitas-net.humweb.webiz.team\/"},{"@type":"ListItem","position":2,"name":"Akredytacja mi\u0119dzynarodowa"}]},{"@type":"WebSite","@id":"https:\/\/humanitas-net.humweb.webiz.team\/#website","url":"https:\/\/humanitas-net.humweb.webiz.team\/","name":"Humanitas.net","description":"Humanitas Hospital","publisher":{"@id":"https:\/\/humanitas-net.humweb.webiz.team\/#organization"},"potentialAction":[{"@type":"SearchAction","target":{"@type":"EntryPoint","urlTemplate":"https:\/\/humanitas-net.humweb.webiz.team\/?s={search_term_string}"},"query-input":{"@type":"PropertyValueSpecification","valueRequired":true,"valueName":"search_term_string"}}],"inLanguage":"pl-PL"},{"@type":"Organization","@id":"https:\/\/humanitas-net.humweb.webiz.team\/#organization","name":"Humanitas","url":"https:\/\/humanitas-net.humweb.webiz.team\/","logo":{"@type":"ImageObject","inLanguage":"pl-PL","@id":"https:\/\/humanitas-net.humweb.webiz.team\/#\/schema\/logo\/image\/","url":"https:\/\/humanitas-net.humweb.webiz.team\/wp-content\/uploads\/2025\/01\/new-humanitas-logo-1.svg","contentUrl":"https:\/\/humanitas-net.humweb.webiz.team\/wp-content\/uploads\/2025\/01\/new-humanitas-logo-1.svg","width":1,"height":1,"caption":"Humanitas"},"image":{"@id":"https:\/\/humanitas-net.humweb.webiz.team\/#\/schema\/logo\/image\/"},"sameAs":["https:\/\/www.facebook.com\/HumanitasInternational\/","https:\/\/x.com\/humanitasmilano"]}]}},"acf":[],"_links":{"self":[{"href":"https:\/\/humanitas-net.humweb.webiz.team\/pl\/wp-json\/wp\/v2\/pages\/83343","targetHints":{"allow":["GET"]}}],"collection":[{"href":"https:\/\/humanitas-net.humweb.webiz.team\/pl\/wp-json\/wp\/v2\/pages"}],"about":[{"href":"https:\/\/humanitas-net.humweb.webiz.team\/pl\/wp-json\/wp\/v2\/types\/page"}],"author":[{"embeddable":true,"href":"https:\/\/humanitas-net.humweb.webiz.team\/pl\/wp-json\/wp\/v2\/users\/1"}],"replies":[{"embeddable":true,"href":"https:\/\/humanitas-net.humweb.webiz.team\/pl\/wp-json\/wp\/v2\/comments?post=83343"}],"version-history":[{"count":1,"href":"https:\/\/humanitas-net.humweb.webiz.team\/pl\/wp-json\/wp\/v2\/pages\/83343\/revisions"}],"predecessor-version":[{"id":83344,"href":"https:\/\/humanitas-net.humweb.webiz.team\/pl\/wp-json\/wp\/v2\/pages\/83343\/revisions\/83344"}],"wp:attachment":[{"href":"https:\/\/humanitas-net.humweb.webiz.team\/pl\/wp-json\/wp\/v2\/media?parent=83343"}],"curies":[{"name":"wp","href":"https:\/\/api.w.org\/{rel}","templated":true}]}}