{"id":83398,"date":"2025-01-13T02:38:53","date_gmt":"2025-01-13T02:38:53","guid":{"rendered":"http:\/\/humanitasnet-new.local\/premiere-visite\/"},"modified":"2025-01-13T02:39:04","modified_gmt":"2025-01-13T02:39:04","slug":"premiere-visite","status":"publish","type":"page","link":"https:\/\/humanitas-net.humweb.webiz.team\/fr\/premiere-visite\/","title":{"rendered":"Premi\u00e8re Visite"},"content":{"rendered":"<p>Le but de la premi\u00e8re visite est de diagnostiquer d&#8217;\u00e9ventuelles maladies de la bouche affectant les dents et les muqueuses et d&#8217;\u00e9laborer un plan op\u00e9rationnel global visant \u00e0 pr\u00e9server les dents et \u00e0 r\u00e9habiliter les zones \u00e9dent\u00e9es.<\/p>\n<p>La tomographie panoramique (orthopantomographie des dents sup\u00e9rieures et inf\u00e9rieures) est un outil vraiment utile pour le diagnostic: elle est souvent assist\u00e9e par le TAC (dentalscan) ou le cr\u00e2ne lat\u00e9ro-lat\u00e9ral pour les cas orthodontiques.<\/p>\n<p>La grossesse est le seul facteur de risque pour les radiographies. Il est \u00e9galement primordial de demander au personnel m\u00e9dical de ne pas utiliser de gants en latex si vous \u00eates (ou pensez \u00eatre) allergique au latex.<\/p>\n<p>Vous pouvez demander une deuxi\u00e8me visite si un ou plusieurs de vos examens de premi\u00e8re visite doivent \u00eatre r\u00e9\u00e9valu\u00e9s.<\/p>\n<h2 id=\"que-se-passe-t-il-lors-de-la-premiere-visite\">Que se passe-t-il lors de la premi\u00e8re visite?<\/h2>\n<p>Ce document est rempli afin de proc\u00e9der aux soins dentaires:<\/p>\n<ul>\n<li>Informations biographiques<\/li>\n<li>Ant\u00e9c\u00e9dents cliniques non sp\u00e9cifiques<\/li>\n<li>Etat dentaire selon la visite<\/li>\n<li>Dossier m\u00e9dical<\/li>\n<li>Consentement \u00e9clair<\/li>\n<\/ul>\n","protected":false},"excerpt":{"rendered":"<p>Le but de la premi\u00e8re visite est de diagnostiquer d&#8217;\u00e9ventuelles maladies de la bouche affectant les dents et les muqueuses et d&#8217;\u00e9laborer un plan op\u00e9rationnel global visant \u00e0 pr\u00e9server les dents et \u00e0 r\u00e9habiliter les zones \u00e9dent\u00e9es. La tomographie panoramique (orthopantomographie des dents sup\u00e9rieures et inf\u00e9rieures) est un outil vraiment utile pour le diagnostic: elle [&hellip;]<\/p>\n","protected":false},"author":1,"featured_media":0,"parent":0,"menu_order":0,"comment_status":"open","ping_status":"open","template":"","meta":{"_acf_changed":false,"footnotes":""},"class_list":["post-83398","page","type-page","status-publish","hentry"],"yoast_head":"<!-- This site is optimized with the Yoast SEO plugin v24.3 - https:\/\/yoast.com\/wordpress\/plugins\/seo\/ -->\n<title>Premi\u00e8re Visite - Humanitas.net<\/title>\n<meta name=\"robots\" content=\"noindex, follow, max-snippet:-1, max-image-preview:large, max-video-preview:-1\" \/>\n<meta property=\"og:locale\" content=\"fr_FR\" \/>\n<meta property=\"og:type\" content=\"article\" \/>\n<meta property=\"og:title\" content=\"Premi\u00e8re Visite - Humanitas.net\" \/>\n<meta property=\"og:description\" content=\"Le but de la premi\u00e8re visite est de diagnostiquer d&#8217;\u00e9ventuelles maladies de la bouche affectant les dents et les muqueuses et d&#8217;\u00e9laborer un plan op\u00e9rationnel global visant \u00e0 pr\u00e9server les dents et \u00e0 r\u00e9habiliter les zones \u00e9dent\u00e9es. La tomographie panoramique (orthopantomographie des dents sup\u00e9rieures et inf\u00e9rieures) est un outil vraiment utile pour le diagnostic: elle [&hellip;]\" \/>\n<meta property=\"og:url\" content=\"https:\/\/humanitas-net.humweb.webiz.team\/fr\/premiere-visite\/\" \/>\n<meta property=\"og:site_name\" content=\"Humanitas.net\" \/>\n<meta property=\"article:publisher\" content=\"https:\/\/www.facebook.com\/HumanitasInternational\/\" \/>\n<meta property=\"article:modified_time\" content=\"2025-01-13T02:39:04+00:00\" \/>\n<meta name=\"twitter:card\" content=\"summary_large_image\" \/>\n<meta name=\"twitter:site\" content=\"@humanitasmilano\" \/>\n<meta name=\"twitter:label1\" content=\"Est. reading time\" \/>\n\t<meta name=\"twitter:data1\" content=\"1 minute\" \/>\n<script type=\"application\/ld+json\" class=\"yoast-schema-graph\">{\"@context\":\"https:\/\/schema.org\",\"@graph\":[{\"@type\":\"WebPage\",\"@id\":\"https:\/\/humanitas-net.humweb.webiz.team\/fr\/premiere-visite\/\",\"url\":\"https:\/\/humanitas-net.humweb.webiz.team\/fr\/premiere-visite\/\",\"name\":\"Premi\u00e8re Visite - Humanitas.net\",\"isPartOf\":{\"@id\":\"https:\/\/humanitas-net.humweb.webiz.team\/#website\"},\"datePublished\":\"2025-01-13T02:38:53+00:00\",\"dateModified\":\"2025-01-13T02:39:04+00:00\",\"breadcrumb\":{\"@id\":\"https:\/\/humanitas-net.humweb.webiz.team\/fr\/premiere-visite\/#breadcrumb\"},\"inLanguage\":\"fr-FR\",\"potentialAction\":[{\"@type\":\"ReadAction\",\"target\":[\"https:\/\/humanitas-net.humweb.webiz.team\/fr\/premiere-visite\/\"]}]},{\"@type\":\"BreadcrumbList\",\"@id\":\"https:\/\/humanitas-net.humweb.webiz.team\/fr\/premiere-visite\/#breadcrumb\",\"itemListElement\":[{\"@type\":\"ListItem\",\"position\":1,\"name\":\"Home\",\"item\":\"https:\/\/humanitas-net.humweb.webiz.team\/fr\/\"},{\"@type\":\"ListItem\",\"position\":2,\"name\":\"Premi\u00e8re Visite\"}]},{\"@type\":\"WebSite\",\"@id\":\"https:\/\/humanitas-net.humweb.webiz.team\/#website\",\"url\":\"https:\/\/humanitas-net.humweb.webiz.team\/\",\"name\":\"Humanitas.net\",\"description\":\"Humanitas Hospital\",\"publisher\":{\"@id\":\"https:\/\/humanitas-net.humweb.webiz.team\/#organization\"},\"potentialAction\":[{\"@type\":\"SearchAction\",\"target\":{\"@type\":\"EntryPoint\",\"urlTemplate\":\"https:\/\/humanitas-net.humweb.webiz.team\/?s={search_term_string}\"},\"query-input\":{\"@type\":\"PropertyValueSpecification\",\"valueRequired\":true,\"valueName\":\"search_term_string\"}}],\"inLanguage\":\"fr-FR\"},{\"@type\":\"Organization\",\"@id\":\"https:\/\/humanitas-net.humweb.webiz.team\/#organization\",\"name\":\"Humanitas\",\"url\":\"https:\/\/humanitas-net.humweb.webiz.team\/\",\"logo\":{\"@type\":\"ImageObject\",\"inLanguage\":\"fr-FR\",\"@id\":\"https:\/\/humanitas-net.humweb.webiz.team\/#\/schema\/logo\/image\/\",\"url\":\"https:\/\/humanitas-net.humweb.webiz.team\/wp-content\/uploads\/2025\/01\/new-humanitas-logo-1.svg\",\"contentUrl\":\"https:\/\/humanitas-net.humweb.webiz.team\/wp-content\/uploads\/2025\/01\/new-humanitas-logo-1.svg\",\"width\":1,\"height\":1,\"caption\":\"Humanitas\"},\"image\":{\"@id\":\"https:\/\/humanitas-net.humweb.webiz.team\/#\/schema\/logo\/image\/\"},\"sameAs\":[\"https:\/\/www.facebook.com\/HumanitasInternational\/\",\"https:\/\/x.com\/humanitasmilano\"]}]}<\/script>\n<!-- \/ Yoast SEO plugin. -->","yoast_head_json":{"title":"Premi\u00e8re Visite - Humanitas.net","robots":{"index":"noindex","follow":"follow","max-snippet":"max-snippet:-1","max-image-preview":"max-image-preview:large","max-video-preview":"max-video-preview:-1"},"og_locale":"fr_FR","og_type":"article","og_title":"Premi\u00e8re Visite - Humanitas.net","og_description":"Le but de la premi\u00e8re visite est de diagnostiquer d&#8217;\u00e9ventuelles maladies de la bouche affectant les dents et les muqueuses et d&#8217;\u00e9laborer un plan op\u00e9rationnel global visant \u00e0 pr\u00e9server les dents et \u00e0 r\u00e9habiliter les zones \u00e9dent\u00e9es. La tomographie panoramique (orthopantomographie des dents sup\u00e9rieures et inf\u00e9rieures) est un outil vraiment utile pour le diagnostic: elle [&hellip;]","og_url":"https:\/\/humanitas-net.humweb.webiz.team\/fr\/premiere-visite\/","og_site_name":"Humanitas.net","article_publisher":"https:\/\/www.facebook.com\/HumanitasInternational\/","article_modified_time":"2025-01-13T02:39:04+00:00","twitter_card":"summary_large_image","twitter_site":"@humanitasmilano","twitter_misc":{"Est. reading time":"1 minute"},"schema":{"@context":"https:\/\/schema.org","@graph":[{"@type":"WebPage","@id":"https:\/\/humanitas-net.humweb.webiz.team\/fr\/premiere-visite\/","url":"https:\/\/humanitas-net.humweb.webiz.team\/fr\/premiere-visite\/","name":"Premi\u00e8re Visite - Humanitas.net","isPartOf":{"@id":"https:\/\/humanitas-net.humweb.webiz.team\/#website"},"datePublished":"2025-01-13T02:38:53+00:00","dateModified":"2025-01-13T02:39:04+00:00","breadcrumb":{"@id":"https:\/\/humanitas-net.humweb.webiz.team\/fr\/premiere-visite\/#breadcrumb"},"inLanguage":"fr-FR","potentialAction":[{"@type":"ReadAction","target":["https:\/\/humanitas-net.humweb.webiz.team\/fr\/premiere-visite\/"]}]},{"@type":"BreadcrumbList","@id":"https:\/\/humanitas-net.humweb.webiz.team\/fr\/premiere-visite\/#breadcrumb","itemListElement":[{"@type":"ListItem","position":1,"name":"Home","item":"https:\/\/humanitas-net.humweb.webiz.team\/fr\/"},{"@type":"ListItem","position":2,"name":"Premi\u00e8re Visite"}]},{"@type":"WebSite","@id":"https:\/\/humanitas-net.humweb.webiz.team\/#website","url":"https:\/\/humanitas-net.humweb.webiz.team\/","name":"Humanitas.net","description":"Humanitas Hospital","publisher":{"@id":"https:\/\/humanitas-net.humweb.webiz.team\/#organization"},"potentialAction":[{"@type":"SearchAction","target":{"@type":"EntryPoint","urlTemplate":"https:\/\/humanitas-net.humweb.webiz.team\/?s={search_term_string}"},"query-input":{"@type":"PropertyValueSpecification","valueRequired":true,"valueName":"search_term_string"}}],"inLanguage":"fr-FR"},{"@type":"Organization","@id":"https:\/\/humanitas-net.humweb.webiz.team\/#organization","name":"Humanitas","url":"https:\/\/humanitas-net.humweb.webiz.team\/","logo":{"@type":"ImageObject","inLanguage":"fr-FR","@id":"https:\/\/humanitas-net.humweb.webiz.team\/#\/schema\/logo\/image\/","url":"https:\/\/humanitas-net.humweb.webiz.team\/wp-content\/uploads\/2025\/01\/new-humanitas-logo-1.svg","contentUrl":"https:\/\/humanitas-net.humweb.webiz.team\/wp-content\/uploads\/2025\/01\/new-humanitas-logo-1.svg","width":1,"height":1,"caption":"Humanitas"},"image":{"@id":"https:\/\/humanitas-net.humweb.webiz.team\/#\/schema\/logo\/image\/"},"sameAs":["https:\/\/www.facebook.com\/HumanitasInternational\/","https:\/\/x.com\/humanitasmilano"]}]}},"acf":[],"_links":{"self":[{"href":"https:\/\/humanitas-net.humweb.webiz.team\/fr\/wp-json\/wp\/v2\/pages\/83398","targetHints":{"allow":["GET"]}}],"collection":[{"href":"https:\/\/humanitas-net.humweb.webiz.team\/fr\/wp-json\/wp\/v2\/pages"}],"about":[{"href":"https:\/\/humanitas-net.humweb.webiz.team\/fr\/wp-json\/wp\/v2\/types\/page"}],"author":[{"embeddable":true,"href":"https:\/\/humanitas-net.humweb.webiz.team\/fr\/wp-json\/wp\/v2\/users\/1"}],"replies":[{"embeddable":true,"href":"https:\/\/humanitas-net.humweb.webiz.team\/fr\/wp-json\/wp\/v2\/comments?post=83398"}],"version-history":[{"count":1,"href":"https:\/\/humanitas-net.humweb.webiz.team\/fr\/wp-json\/wp\/v2\/pages\/83398\/revisions"}],"predecessor-version":[{"id":83399,"href":"https:\/\/humanitas-net.humweb.webiz.team\/fr\/wp-json\/wp\/v2\/pages\/83398\/revisions\/83399"}],"wp:attachment":[{"href":"https:\/\/humanitas-net.humweb.webiz.team\/fr\/wp-json\/wp\/v2\/media?parent=83398"}],"curies":[{"name":"wp","href":"https:\/\/api.w.org\/{rel}","templated":true}]}}