{"id":83361,"date":"2025-01-13T02:38:40","date_gmt":"2025-01-13T02:38:40","guid":{"rendered":"http:\/\/humanitasnet-new.local\/accueil\/"},"modified":"2025-01-13T02:38:51","modified_gmt":"2025-01-13T02:38:51","slug":"accueil","status":"publish","type":"page","link":"https:\/\/humanitas-net.humweb.webiz.team\/fr\/","title":{"rendered":"Accueil"},"content":{"rendered":"<h2 id=\"lhopital-humanitas\">L&#8217;H\u00f4pital Humanitas<\/h2>\n<p>Humanitas est un h\u00f4pital d&#8217;enseignement et de recherche hautement sp\u00e9cialis\u00e9. Il associe des centres sp\u00e9cialis\u00e9s dans le traitement des cancers, des maladies cardiovasculaires, des troubles neurologiques et orthop\u00e9diques, ainsi qu\u2019un centre d\u2019ophtalmologie et un centre de fertilit\u00e9. L&#8217;h\u00f4pital est \u00e9galement \u00e9quip\u00e9 de zones d&#8217;urgence et de radioth\u00e9rapie.<\/p>\n","protected":false},"excerpt":{"rendered":"<p>L&#8217;H\u00f4pital Humanitas Humanitas est un h\u00f4pital d&#8217;enseignement et de recherche hautement sp\u00e9cialis\u00e9. Il associe des centres sp\u00e9cialis\u00e9s dans le traitement des cancers, des maladies cardiovasculaires, des troubles neurologiques et orthop\u00e9diques, ainsi qu\u2019un centre d\u2019ophtalmologie et un centre de fertilit\u00e9. L&#8217;h\u00f4pital est \u00e9galement \u00e9quip\u00e9 de zones d&#8217;urgence et de radioth\u00e9rapie.<\/p>\n","protected":false},"author":1,"featured_media":83113,"parent":0,"menu_order":0,"comment_status":"open","ping_status":"open","template":"page-canvas.php","meta":{"_acf_changed":false,"footnotes":""},"class_list":["post-83361","page","type-page","status-publish","has-post-thumbnail","hentry"],"yoast_head":"<!-- This site is optimized with the Yoast SEO plugin v24.3 - https:\/\/yoast.com\/wordpress\/plugins\/seo\/ -->\n<title>Accueil - Humanitas.net<\/title>\n<meta name=\"robots\" content=\"noindex, follow, max-snippet:-1, max-image-preview:large, max-video-preview:-1\" \/>\n<meta property=\"og:locale\" content=\"fr_FR\" \/>\n<meta property=\"og:type\" content=\"article\" \/>\n<meta property=\"og:title\" content=\"Accueil - Humanitas.net\" \/>\n<meta property=\"og:description\" content=\"L&#8217;H\u00f4pital Humanitas Humanitas est un h\u00f4pital d&#8217;enseignement et de recherche hautement sp\u00e9cialis\u00e9. Il associe des centres sp\u00e9cialis\u00e9s dans le traitement des cancers, des maladies cardiovasculaires, des troubles neurologiques et orthop\u00e9diques, ainsi qu\u2019un centre d\u2019ophtalmologie et un centre de fertilit\u00e9. L&#8217;h\u00f4pital est \u00e9galement \u00e9quip\u00e9 de zones d&#8217;urgence et de radioth\u00e9rapie.\" \/>\n<meta property=\"og:url\" content=\"https:\/\/humanitas-net.humweb.webiz.team\/fr\/\" \/>\n<meta property=\"og:site_name\" content=\"Humanitas.net\" \/>\n<meta property=\"article:publisher\" content=\"https:\/\/www.facebook.com\/HumanitasInternational\/\" \/>\n<meta property=\"article:modified_time\" content=\"2025-01-13T02:38:51+00:00\" \/>\n<meta property=\"og:image\" content=\"https:\/\/humanitas-net.humweb.webiz.team\/wp-content\/uploads\/2025\/01\/humanitas-main-jpg-150x150-1.jpg\" \/>\n\t<meta property=\"og:image:width\" content=\"150\" \/>\n\t<meta property=\"og:image:height\" content=\"150\" \/>\n\t<meta property=\"og:image:type\" content=\"image\/jpeg\" \/>\n<meta name=\"twitter:card\" content=\"summary_large_image\" \/>\n<meta name=\"twitter:site\" content=\"@humanitasmilano\" \/>\n<script type=\"application\/ld+json\" class=\"yoast-schema-graph\">{\"@context\":\"https:\/\/schema.org\",\"@graph\":[{\"@type\":\"WebPage\",\"@id\":\"https:\/\/humanitas-net.humweb.webiz.team\/fr\/\",\"url\":\"https:\/\/humanitas-net.humweb.webiz.team\/fr\/\",\"name\":\"Accueil - Humanitas.net\",\"isPartOf\":{\"@id\":\"https:\/\/humanitas-net.humweb.webiz.team\/#website\"},\"primaryImageOfPage\":{\"@id\":\"https:\/\/humanitas-net.humweb.webiz.team\/fr\/#primaryimage\"},\"image\":{\"@id\":\"https:\/\/humanitas-net.humweb.webiz.team\/fr\/#primaryimage\"},\"thumbnailUrl\":\"https:\/\/humanitas-net.humweb.webiz.team\/wp-content\/uploads\/2025\/01\/humanitas-main-jpg-150x150-1.jpg\",\"datePublished\":\"2025-01-13T02:38:40+00:00\",\"dateModified\":\"2025-01-13T02:38:51+00:00\",\"breadcrumb\":{\"@id\":\"https:\/\/humanitas-net.humweb.webiz.team\/fr\/#breadcrumb\"},\"inLanguage\":\"fr-FR\",\"potentialAction\":[{\"@type\":\"ReadAction\",\"target\":[\"https:\/\/humanitas-net.humweb.webiz.team\/fr\/\"]}]},{\"@type\":\"ImageObject\",\"inLanguage\":\"fr-FR\",\"@id\":\"https:\/\/humanitas-net.humweb.webiz.team\/fr\/#primaryimage\",\"url\":\"https:\/\/humanitas-net.humweb.webiz.team\/wp-content\/uploads\/2025\/01\/humanitas-main-jpg-150x150-1.jpg\",\"contentUrl\":\"https:\/\/humanitas-net.humweb.webiz.team\/wp-content\/uploads\/2025\/01\/humanitas-main-jpg-150x150-1.jpg\",\"width\":150,\"height\":150},{\"@type\":\"BreadcrumbList\",\"@id\":\"https:\/\/humanitas-net.humweb.webiz.team\/fr\/#breadcrumb\",\"itemListElement\":[{\"@type\":\"ListItem\",\"position\":1,\"name\":\"Home\",\"item\":\"https:\/\/humanitas-net.humweb.webiz.team\/fr\/\"},{\"@type\":\"ListItem\",\"position\":2,\"name\":\"Accueil\"}]},{\"@type\":\"WebSite\",\"@id\":\"https:\/\/humanitas-net.humweb.webiz.team\/#website\",\"url\":\"https:\/\/humanitas-net.humweb.webiz.team\/\",\"name\":\"Humanitas.net\",\"description\":\"Humanitas Hospital\",\"publisher\":{\"@id\":\"https:\/\/humanitas-net.humweb.webiz.team\/#organization\"},\"potentialAction\":[{\"@type\":\"SearchAction\",\"target\":{\"@type\":\"EntryPoint\",\"urlTemplate\":\"https:\/\/humanitas-net.humweb.webiz.team\/?s={search_term_string}\"},\"query-input\":{\"@type\":\"PropertyValueSpecification\",\"valueRequired\":true,\"valueName\":\"search_term_string\"}}],\"inLanguage\":\"fr-FR\"},{\"@type\":\"Organization\",\"@id\":\"https:\/\/humanitas-net.humweb.webiz.team\/#organization\",\"name\":\"Humanitas\",\"url\":\"https:\/\/humanitas-net.humweb.webiz.team\/\",\"logo\":{\"@type\":\"ImageObject\",\"inLanguage\":\"fr-FR\",\"@id\":\"https:\/\/humanitas-net.humweb.webiz.team\/#\/schema\/logo\/image\/\",\"url\":\"https:\/\/humanitas-net.humweb.webiz.team\/wp-content\/uploads\/2025\/01\/new-humanitas-logo-1.svg\",\"contentUrl\":\"https:\/\/humanitas-net.humweb.webiz.team\/wp-content\/uploads\/2025\/01\/new-humanitas-logo-1.svg\",\"width\":1,\"height\":1,\"caption\":\"Humanitas\"},\"image\":{\"@id\":\"https:\/\/humanitas-net.humweb.webiz.team\/#\/schema\/logo\/image\/\"},\"sameAs\":[\"https:\/\/www.facebook.com\/HumanitasInternational\/\",\"https:\/\/x.com\/humanitasmilano\"]}]}<\/script>\n<!-- \/ Yoast SEO plugin. -->","yoast_head_json":{"title":"Accueil - Humanitas.net","robots":{"index":"noindex","follow":"follow","max-snippet":"max-snippet:-1","max-image-preview":"max-image-preview:large","max-video-preview":"max-video-preview:-1"},"og_locale":"fr_FR","og_type":"article","og_title":"Accueil - Humanitas.net","og_description":"L&#8217;H\u00f4pital Humanitas Humanitas est un h\u00f4pital d&#8217;enseignement et de recherche hautement sp\u00e9cialis\u00e9. Il associe des centres sp\u00e9cialis\u00e9s dans le traitement des cancers, des maladies cardiovasculaires, des troubles neurologiques et orthop\u00e9diques, ainsi qu\u2019un centre d\u2019ophtalmologie et un centre de fertilit\u00e9. L&#8217;h\u00f4pital est \u00e9galement \u00e9quip\u00e9 de zones d&#8217;urgence et de radioth\u00e9rapie.","og_url":"https:\/\/humanitas-net.humweb.webiz.team\/fr\/","og_site_name":"Humanitas.net","article_publisher":"https:\/\/www.facebook.com\/HumanitasInternational\/","article_modified_time":"2025-01-13T02:38:51+00:00","og_image":[{"width":150,"height":150,"url":"https:\/\/humanitas-net.humweb.webiz.team\/wp-content\/uploads\/2025\/01\/humanitas-main-jpg-150x150-1.jpg","type":"image\/jpeg"}],"twitter_card":"summary_large_image","twitter_site":"@humanitasmilano","schema":{"@context":"https:\/\/schema.org","@graph":[{"@type":"WebPage","@id":"https:\/\/humanitas-net.humweb.webiz.team\/fr\/","url":"https:\/\/humanitas-net.humweb.webiz.team\/fr\/","name":"Accueil - Humanitas.net","isPartOf":{"@id":"https:\/\/humanitas-net.humweb.webiz.team\/#website"},"primaryImageOfPage":{"@id":"https:\/\/humanitas-net.humweb.webiz.team\/fr\/#primaryimage"},"image":{"@id":"https:\/\/humanitas-net.humweb.webiz.team\/fr\/#primaryimage"},"thumbnailUrl":"https:\/\/humanitas-net.humweb.webiz.team\/wp-content\/uploads\/2025\/01\/humanitas-main-jpg-150x150-1.jpg","datePublished":"2025-01-13T02:38:40+00:00","dateModified":"2025-01-13T02:38:51+00:00","breadcrumb":{"@id":"https:\/\/humanitas-net.humweb.webiz.team\/fr\/#breadcrumb"},"inLanguage":"fr-FR","potentialAction":[{"@type":"ReadAction","target":["https:\/\/humanitas-net.humweb.webiz.team\/fr\/"]}]},{"@type":"ImageObject","inLanguage":"fr-FR","@id":"https:\/\/humanitas-net.humweb.webiz.team\/fr\/#primaryimage","url":"https:\/\/humanitas-net.humweb.webiz.team\/wp-content\/uploads\/2025\/01\/humanitas-main-jpg-150x150-1.jpg","contentUrl":"https:\/\/humanitas-net.humweb.webiz.team\/wp-content\/uploads\/2025\/01\/humanitas-main-jpg-150x150-1.jpg","width":150,"height":150},{"@type":"BreadcrumbList","@id":"https:\/\/humanitas-net.humweb.webiz.team\/fr\/#breadcrumb","itemListElement":[{"@type":"ListItem","position":1,"name":"Home","item":"https:\/\/humanitas-net.humweb.webiz.team\/fr\/"},{"@type":"ListItem","position":2,"name":"Accueil"}]},{"@type":"WebSite","@id":"https:\/\/humanitas-net.humweb.webiz.team\/#website","url":"https:\/\/humanitas-net.humweb.webiz.team\/","name":"Humanitas.net","description":"Humanitas Hospital","publisher":{"@id":"https:\/\/humanitas-net.humweb.webiz.team\/#organization"},"potentialAction":[{"@type":"SearchAction","target":{"@type":"EntryPoint","urlTemplate":"https:\/\/humanitas-net.humweb.webiz.team\/?s={search_term_string}"},"query-input":{"@type":"PropertyValueSpecification","valueRequired":true,"valueName":"search_term_string"}}],"inLanguage":"fr-FR"},{"@type":"Organization","@id":"https:\/\/humanitas-net.humweb.webiz.team\/#organization","name":"Humanitas","url":"https:\/\/humanitas-net.humweb.webiz.team\/","logo":{"@type":"ImageObject","inLanguage":"fr-FR","@id":"https:\/\/humanitas-net.humweb.webiz.team\/#\/schema\/logo\/image\/","url":"https:\/\/humanitas-net.humweb.webiz.team\/wp-content\/uploads\/2025\/01\/new-humanitas-logo-1.svg","contentUrl":"https:\/\/humanitas-net.humweb.webiz.team\/wp-content\/uploads\/2025\/01\/new-humanitas-logo-1.svg","width":1,"height":1,"caption":"Humanitas"},"image":{"@id":"https:\/\/humanitas-net.humweb.webiz.team\/#\/schema\/logo\/image\/"},"sameAs":["https:\/\/www.facebook.com\/HumanitasInternational\/","https:\/\/x.com\/humanitasmilano"]}]}},"acf":[],"_links":{"self":[{"href":"https:\/\/humanitas-net.humweb.webiz.team\/fr\/wp-json\/wp\/v2\/pages\/83361","targetHints":{"allow":["GET"]}}],"collection":[{"href":"https:\/\/humanitas-net.humweb.webiz.team\/fr\/wp-json\/wp\/v2\/pages"}],"about":[{"href":"https:\/\/humanitas-net.humweb.webiz.team\/fr\/wp-json\/wp\/v2\/types\/page"}],"author":[{"embeddable":true,"href":"https:\/\/humanitas-net.humweb.webiz.team\/fr\/wp-json\/wp\/v2\/users\/1"}],"replies":[{"embeddable":true,"href":"https:\/\/humanitas-net.humweb.webiz.team\/fr\/wp-json\/wp\/v2\/comments?post=83361"}],"version-history":[{"count":1,"href":"https:\/\/humanitas-net.humweb.webiz.team\/fr\/wp-json\/wp\/v2\/pages\/83361\/revisions"}],"predecessor-version":[{"id":83363,"href":"https:\/\/humanitas-net.humweb.webiz.team\/fr\/wp-json\/wp\/v2\/pages\/83361\/revisions\/83363"}],"wp:featuredmedia":[{"embeddable":true,"href":"https:\/\/humanitas-net.humweb.webiz.team\/fr\/wp-json\/wp\/v2\/media\/83113"}],"wp:attachment":[{"href":"https:\/\/humanitas-net.humweb.webiz.team\/fr\/wp-json\/wp\/v2\/media?parent=83361"}],"curies":[{"name":"wp","href":"https:\/\/api.w.org\/{rel}","templated":true}]}}