{"id":83357,"date":"2025-01-13T02:38:40","date_gmt":"2025-01-13T02:38:40","guid":{"rendered":"http:\/\/humanitasnet-new.local\/services-aux-patients-internationaux\/"},"modified":"2025-01-13T02:38:50","modified_gmt":"2025-01-13T02:38:50","slug":"services-aux-patients-internationaux","status":"publish","type":"page","link":"https:\/\/humanitas-net.humweb.webiz.team\/fr\/services-aux-patients-internationaux\/","title":{"rendered":"Services aux patients internationaux"},"content":{"rendered":"<p>Le d\u00e9partement international de l&#8217;H\u00f4pital de recherche Humanitas offre un soutien linguistique, moral et psychologique continu. Nous fournissons des interpr\u00e8tes, des infirmi\u00e8res de nuit, des services de traduction \u00e0 distance 24h\/24, de la documentation m\u00e9dicale dans la langue maternelle. Il y a du personnel m\u00e9dical multinational et une t\u00e9l\u00e9vision dans plusieurs langues dans les salles. Ces commodit\u00e9s facilitent le s\u00e9jour du patient \u00e0 l&#8217;\u00e9tranger, facilitent la concentration sur la gu\u00e9rison rapide et le retour \u00e0 la maison le plus t\u00f4t possible.<\/p>\n<p>D\u00e8s r\u00e9ception de la demande de traitement, nous \u00e9tablissons le plan de traitement pr\u00e9sum\u00e9, l&#8217;estimation pr\u00e9liminaire des co\u00fbts et le calendrier. Nous assurons \u00e9galement l&#8217;assistance en mati\u00e8re de visas, les services de transfert depuis l&#8217;a\u00e9roport, l&#8217;h\u00e9bergement des patients ambulatoires ou des parents \u00e0 l&#8217;h\u00f4tel \u00e0 la clinique, dans un apart-h\u00f4tel pour un long s\u00e9jour, ou dans les h\u00f4tels de Milan \u00e0 prix contractuels.<\/p>\n<p>Humanitas a des relations contractuelles avec des compagnies d&#8217;assurance internationales, par cons\u00e9quent, si vous \u00eates souscripteur d&#8217;une police d&#8217;assurance m\u00e9dicale, vous avez la possibilit\u00e9 d&#8217;\u00eatre trait\u00e9 chez Humanitas aux conditions de paiement direct par votre assureur (les services couverts par votre police seront vers\u00e9s \u00e0 Humanitas par votre assureur).<\/p>\n","protected":false},"excerpt":{"rendered":"<p>Le d\u00e9partement international de l&#8217;H\u00f4pital de recherche Humanitas offre un soutien linguistique, moral et psychologique continu. Nous fournissons des interpr\u00e8tes, des infirmi\u00e8res de nuit, des services de traduction \u00e0 distance 24h\/24, de la documentation m\u00e9dicale dans la langue maternelle. Il y a du personnel m\u00e9dical multinational et une t\u00e9l\u00e9vision dans plusieurs langues dans les salles. [&hellip;]<\/p>\n","protected":false},"author":1,"featured_media":0,"parent":0,"menu_order":0,"comment_status":"open","ping_status":"open","template":"","meta":{"_acf_changed":false,"footnotes":""},"class_list":["post-83357","page","type-page","status-publish","hentry"],"yoast_head":"<!-- This site is optimized with the Yoast SEO plugin v24.3 - https:\/\/yoast.com\/wordpress\/plugins\/seo\/ -->\n<title>Services aux patients internationaux - Humanitas.net<\/title>\n<meta name=\"robots\" content=\"noindex, follow, max-snippet:-1, max-image-preview:large, max-video-preview:-1\" \/>\n<meta property=\"og:locale\" content=\"fr_FR\" \/>\n<meta property=\"og:type\" content=\"article\" \/>\n<meta property=\"og:title\" content=\"Services aux patients internationaux - Humanitas.net\" \/>\n<meta property=\"og:description\" content=\"Le d\u00e9partement international de l&#8217;H\u00f4pital de recherche Humanitas offre un soutien linguistique, moral et psychologique continu. Nous fournissons des interpr\u00e8tes, des infirmi\u00e8res de nuit, des services de traduction \u00e0 distance 24h\/24, de la documentation m\u00e9dicale dans la langue maternelle. Il y a du personnel m\u00e9dical multinational et une t\u00e9l\u00e9vision dans plusieurs langues dans les salles. [&hellip;]\" \/>\n<meta property=\"og:url\" content=\"https:\/\/humanitas-net.humweb.webiz.team\/fr\/services-aux-patients-internationaux\/\" \/>\n<meta property=\"og:site_name\" content=\"Humanitas.net\" \/>\n<meta property=\"article:publisher\" content=\"https:\/\/www.facebook.com\/HumanitasInternational\/\" \/>\n<meta property=\"article:modified_time\" content=\"2025-01-13T02:38:50+00:00\" \/>\n<meta name=\"twitter:card\" content=\"summary_large_image\" \/>\n<meta name=\"twitter:site\" content=\"@humanitasmilano\" \/>\n<meta name=\"twitter:label1\" content=\"Est. reading time\" \/>\n\t<meta name=\"twitter:data1\" content=\"1 minute\" \/>\n<script type=\"application\/ld+json\" class=\"yoast-schema-graph\">{\"@context\":\"https:\/\/schema.org\",\"@graph\":[{\"@type\":\"WebPage\",\"@id\":\"https:\/\/humanitas-net.humweb.webiz.team\/fr\/services-aux-patients-internationaux\/\",\"url\":\"https:\/\/humanitas-net.humweb.webiz.team\/fr\/services-aux-patients-internationaux\/\",\"name\":\"Services aux patients internationaux - Humanitas.net\",\"isPartOf\":{\"@id\":\"https:\/\/humanitas-net.humweb.webiz.team\/#website\"},\"datePublished\":\"2025-01-13T02:38:40+00:00\",\"dateModified\":\"2025-01-13T02:38:50+00:00\",\"breadcrumb\":{\"@id\":\"https:\/\/humanitas-net.humweb.webiz.team\/fr\/services-aux-patients-internationaux\/#breadcrumb\"},\"inLanguage\":\"fr-FR\",\"potentialAction\":[{\"@type\":\"ReadAction\",\"target\":[\"https:\/\/humanitas-net.humweb.webiz.team\/fr\/services-aux-patients-internationaux\/\"]}]},{\"@type\":\"BreadcrumbList\",\"@id\":\"https:\/\/humanitas-net.humweb.webiz.team\/fr\/services-aux-patients-internationaux\/#breadcrumb\",\"itemListElement\":[{\"@type\":\"ListItem\",\"position\":1,\"name\":\"Home\",\"item\":\"https:\/\/humanitas-net.humweb.webiz.team\/fr\/\"},{\"@type\":\"ListItem\",\"position\":2,\"name\":\"Services aux patients internationaux\"}]},{\"@type\":\"WebSite\",\"@id\":\"https:\/\/humanitas-net.humweb.webiz.team\/#website\",\"url\":\"https:\/\/humanitas-net.humweb.webiz.team\/\",\"name\":\"Humanitas.net\",\"description\":\"Humanitas Hospital\",\"publisher\":{\"@id\":\"https:\/\/humanitas-net.humweb.webiz.team\/#organization\"},\"potentialAction\":[{\"@type\":\"SearchAction\",\"target\":{\"@type\":\"EntryPoint\",\"urlTemplate\":\"https:\/\/humanitas-net.humweb.webiz.team\/?s={search_term_string}\"},\"query-input\":{\"@type\":\"PropertyValueSpecification\",\"valueRequired\":true,\"valueName\":\"search_term_string\"}}],\"inLanguage\":\"fr-FR\"},{\"@type\":\"Organization\",\"@id\":\"https:\/\/humanitas-net.humweb.webiz.team\/#organization\",\"name\":\"Humanitas\",\"url\":\"https:\/\/humanitas-net.humweb.webiz.team\/\",\"logo\":{\"@type\":\"ImageObject\",\"inLanguage\":\"fr-FR\",\"@id\":\"https:\/\/humanitas-net.humweb.webiz.team\/#\/schema\/logo\/image\/\",\"url\":\"https:\/\/humanitas-net.humweb.webiz.team\/wp-content\/uploads\/2025\/01\/new-humanitas-logo-1.svg\",\"contentUrl\":\"https:\/\/humanitas-net.humweb.webiz.team\/wp-content\/uploads\/2025\/01\/new-humanitas-logo-1.svg\",\"width\":1,\"height\":1,\"caption\":\"Humanitas\"},\"image\":{\"@id\":\"https:\/\/humanitas-net.humweb.webiz.team\/#\/schema\/logo\/image\/\"},\"sameAs\":[\"https:\/\/www.facebook.com\/HumanitasInternational\/\",\"https:\/\/x.com\/humanitasmilano\"]}]}<\/script>\n<!-- \/ Yoast SEO plugin. -->","yoast_head_json":{"title":"Services aux patients internationaux - Humanitas.net","robots":{"index":"noindex","follow":"follow","max-snippet":"max-snippet:-1","max-image-preview":"max-image-preview:large","max-video-preview":"max-video-preview:-1"},"og_locale":"fr_FR","og_type":"article","og_title":"Services aux patients internationaux - Humanitas.net","og_description":"Le d\u00e9partement international de l&#8217;H\u00f4pital de recherche Humanitas offre un soutien linguistique, moral et psychologique continu. Nous fournissons des interpr\u00e8tes, des infirmi\u00e8res de nuit, des services de traduction \u00e0 distance 24h\/24, de la documentation m\u00e9dicale dans la langue maternelle. Il y a du personnel m\u00e9dical multinational et une t\u00e9l\u00e9vision dans plusieurs langues dans les salles. [&hellip;]","og_url":"https:\/\/humanitas-net.humweb.webiz.team\/fr\/services-aux-patients-internationaux\/","og_site_name":"Humanitas.net","article_publisher":"https:\/\/www.facebook.com\/HumanitasInternational\/","article_modified_time":"2025-01-13T02:38:50+00:00","twitter_card":"summary_large_image","twitter_site":"@humanitasmilano","twitter_misc":{"Est. reading time":"1 minute"},"schema":{"@context":"https:\/\/schema.org","@graph":[{"@type":"WebPage","@id":"https:\/\/humanitas-net.humweb.webiz.team\/fr\/services-aux-patients-internationaux\/","url":"https:\/\/humanitas-net.humweb.webiz.team\/fr\/services-aux-patients-internationaux\/","name":"Services aux patients internationaux - Humanitas.net","isPartOf":{"@id":"https:\/\/humanitas-net.humweb.webiz.team\/#website"},"datePublished":"2025-01-13T02:38:40+00:00","dateModified":"2025-01-13T02:38:50+00:00","breadcrumb":{"@id":"https:\/\/humanitas-net.humweb.webiz.team\/fr\/services-aux-patients-internationaux\/#breadcrumb"},"inLanguage":"fr-FR","potentialAction":[{"@type":"ReadAction","target":["https:\/\/humanitas-net.humweb.webiz.team\/fr\/services-aux-patients-internationaux\/"]}]},{"@type":"BreadcrumbList","@id":"https:\/\/humanitas-net.humweb.webiz.team\/fr\/services-aux-patients-internationaux\/#breadcrumb","itemListElement":[{"@type":"ListItem","position":1,"name":"Home","item":"https:\/\/humanitas-net.humweb.webiz.team\/fr\/"},{"@type":"ListItem","position":2,"name":"Services aux patients internationaux"}]},{"@type":"WebSite","@id":"https:\/\/humanitas-net.humweb.webiz.team\/#website","url":"https:\/\/humanitas-net.humweb.webiz.team\/","name":"Humanitas.net","description":"Humanitas Hospital","publisher":{"@id":"https:\/\/humanitas-net.humweb.webiz.team\/#organization"},"potentialAction":[{"@type":"SearchAction","target":{"@type":"EntryPoint","urlTemplate":"https:\/\/humanitas-net.humweb.webiz.team\/?s={search_term_string}"},"query-input":{"@type":"PropertyValueSpecification","valueRequired":true,"valueName":"search_term_string"}}],"inLanguage":"fr-FR"},{"@type":"Organization","@id":"https:\/\/humanitas-net.humweb.webiz.team\/#organization","name":"Humanitas","url":"https:\/\/humanitas-net.humweb.webiz.team\/","logo":{"@type":"ImageObject","inLanguage":"fr-FR","@id":"https:\/\/humanitas-net.humweb.webiz.team\/#\/schema\/logo\/image\/","url":"https:\/\/humanitas-net.humweb.webiz.team\/wp-content\/uploads\/2025\/01\/new-humanitas-logo-1.svg","contentUrl":"https:\/\/humanitas-net.humweb.webiz.team\/wp-content\/uploads\/2025\/01\/new-humanitas-logo-1.svg","width":1,"height":1,"caption":"Humanitas"},"image":{"@id":"https:\/\/humanitas-net.humweb.webiz.team\/#\/schema\/logo\/image\/"},"sameAs":["https:\/\/www.facebook.com\/HumanitasInternational\/","https:\/\/x.com\/humanitasmilano"]}]}},"acf":[],"_links":{"self":[{"href":"https:\/\/humanitas-net.humweb.webiz.team\/fr\/wp-json\/wp\/v2\/pages\/83357","targetHints":{"allow":["GET"]}}],"collection":[{"href":"https:\/\/humanitas-net.humweb.webiz.team\/fr\/wp-json\/wp\/v2\/pages"}],"about":[{"href":"https:\/\/humanitas-net.humweb.webiz.team\/fr\/wp-json\/wp\/v2\/types\/page"}],"author":[{"embeddable":true,"href":"https:\/\/humanitas-net.humweb.webiz.team\/fr\/wp-json\/wp\/v2\/users\/1"}],"replies":[{"embeddable":true,"href":"https:\/\/humanitas-net.humweb.webiz.team\/fr\/wp-json\/wp\/v2\/comments?post=83357"}],"version-history":[{"count":1,"href":"https:\/\/humanitas-net.humweb.webiz.team\/fr\/wp-json\/wp\/v2\/pages\/83357\/revisions"}],"predecessor-version":[{"id":83358,"href":"https:\/\/humanitas-net.humweb.webiz.team\/fr\/wp-json\/wp\/v2\/pages\/83357\/revisions\/83358"}],"wp:attachment":[{"href":"https:\/\/humanitas-net.humweb.webiz.team\/fr\/wp-json\/wp\/v2\/media?parent=83357"}],"curies":[{"name":"wp","href":"https:\/\/api.w.org\/{rel}","templated":true}]}}