{"id":83355,"date":"2025-01-13T02:38:40","date_gmt":"2025-01-13T02:38:40","guid":{"rendered":"http:\/\/humanitasnet-new.local\/accreditation-internationale\/"},"modified":"2025-01-13T02:38:49","modified_gmt":"2025-01-13T02:38:49","slug":"accreditation-internationale","status":"publish","type":"page","link":"https:\/\/humanitas-net.humweb.webiz.team\/fr\/accreditation-internationale\/","title":{"rendered":"Accr\u00e9ditation internationale"},"content":{"rendered":"<p>Pour Humanitas, un lien strict entre une prise en charge efficace et une activit\u00e9 clinique de haute qualit\u00e9 est obligatoire. Humanitas a toujours \u00e9t\u00e9 la premi\u00e8re polyclinique en Italie, et parmi les rares en Europe, \u00e0 avoir \u00e9t\u00e9 certifi\u00e9e polyclinique par la Commission conjointe (Joint Commission International). Cette reconnaissance d&#8217;excellence a \u00e9t\u00e9 confirm\u00e9e et renouvel\u00e9e \u00e0 cinq reprises depuis 2002 et a n\u00e9cessit\u00e9 le respect de plus de 1 300 normes.<\/p>\n<p>Consid\u00e9r\u00e9 par l&#8217;Universit\u00e9 de Harvard comme l&#8217;un des quatre h\u00f4pitaux les plus innovants au monde, Humanitas est un exemple d&#8217;organisation qui combine qualit\u00e9 des soins, durabilit\u00e9 \u00e9conomique, d\u00e9veloppement et responsabilit\u00e9 sociale.<\/p>\n<p>\u00ab\u00a0Les h\u00f4pitaux devraient se structurer de fa\u00e7on \u00e0 exceller dans trois t\u00e2ches : appliquer les meilleures pratiques \u00e9tablies scientifiquement pour traiter des maladies bien comprises, utiliser une approche par essais et erreurs pour traiter des pathologies complexes ou mal comprises et saisir et appliquer les le\u00e7ons tir\u00e9es des soins quotidiens. Intermountain Healthcare, Cleveland Clinic et Virginia Mason aux \u00c9tats-Unis, ainsi que l&#8217;Istituto Clinico Humanitas en Italie, font partie des h\u00f4pitaux qui font de grands progr\u00e8s dans l&#8217;am\u00e9lioration des r\u00e9sultats pour les patients et dans la r\u00e9duction des d\u00e9chets. Bien que les obstacles au progr\u00e8s soient nombreux, ces h\u00f4pitaux prouvent que le changement est possible&#8230;\u00a0\u00bb<\/p>\n<p>\u00ab\u00a0Ces h\u00f4pitaux comprennent que les connaissances m\u00e9dicales sont maintenant trop nombreuses pour \u00eatre m\u00e9moris\u00e9es dans la t\u00eate des m\u00e9decins et doivent plut\u00f4t \u00eatre int\u00e9gr\u00e9es aux protocoles et aux routines. En d&#8217;autres termes, ils se rendent compte que la gu\u00e9rison des maladies est devenue une responsabilit\u00e9 organisationnelle. Ils d\u00e9ploient consciemment leurs ressources pour obtenir les meilleurs r\u00e9sultats possibles pour les patients, recueillent et utilisent des donn\u00e9es pour am\u00e9liorer sans cesse leur rendement et traitent la pratique quotidienne de la m\u00e9decine comme une source de compr\u00e9hension et d&#8217;innovation&#8230;\u00a0\u00bb.<\/p>\n<p>(Prof. R. Bohmer, Harvard Business Review, 30 avril 2010, page 38)<\/p>\n","protected":false},"excerpt":{"rendered":"<p>Pour Humanitas, un lien strict entre une prise en charge efficace et une activit\u00e9 clinique de haute qualit\u00e9 est obligatoire. Humanitas a toujours \u00e9t\u00e9 la premi\u00e8re polyclinique en Italie, et parmi les rares en Europe, \u00e0 avoir \u00e9t\u00e9 certifi\u00e9e polyclinique par la Commission conjointe (Joint Commission International). Cette reconnaissance d&#8217;excellence a \u00e9t\u00e9 confirm\u00e9e et renouvel\u00e9e [&hellip;]<\/p>\n","protected":false},"author":1,"featured_media":0,"parent":0,"menu_order":0,"comment_status":"open","ping_status":"open","template":"","meta":{"_acf_changed":false,"footnotes":""},"class_list":["post-83355","page","type-page","status-publish","hentry"],"yoast_head":"<!-- This site is optimized with the Yoast SEO plugin v24.3 - https:\/\/yoast.com\/wordpress\/plugins\/seo\/ -->\n<title>Accr\u00e9ditation internationale - Humanitas.net<\/title>\n<meta name=\"robots\" content=\"noindex, follow, max-snippet:-1, max-image-preview:large, max-video-preview:-1\" \/>\n<meta property=\"og:locale\" content=\"fr_FR\" \/>\n<meta property=\"og:type\" content=\"article\" \/>\n<meta property=\"og:title\" content=\"Accr\u00e9ditation internationale - Humanitas.net\" \/>\n<meta property=\"og:description\" content=\"Pour Humanitas, un lien strict entre une prise en charge efficace et une activit\u00e9 clinique de haute qualit\u00e9 est obligatoire. Humanitas a toujours \u00e9t\u00e9 la premi\u00e8re polyclinique en Italie, et parmi les rares en Europe, \u00e0 avoir \u00e9t\u00e9 certifi\u00e9e polyclinique par la Commission conjointe (Joint Commission International). Cette reconnaissance d&#8217;excellence a \u00e9t\u00e9 confirm\u00e9e et renouvel\u00e9e [&hellip;]\" \/>\n<meta property=\"og:url\" content=\"https:\/\/humanitas-net.humweb.webiz.team\/fr\/accreditation-internationale\/\" \/>\n<meta property=\"og:site_name\" content=\"Humanitas.net\" \/>\n<meta property=\"article:publisher\" content=\"https:\/\/www.facebook.com\/HumanitasInternational\/\" \/>\n<meta property=\"article:modified_time\" content=\"2025-01-13T02:38:49+00:00\" \/>\n<meta name=\"twitter:card\" content=\"summary_large_image\" \/>\n<meta name=\"twitter:site\" content=\"@humanitasmilano\" \/>\n<meta name=\"twitter:label1\" content=\"Est. reading time\" \/>\n\t<meta name=\"twitter:data1\" content=\"2 minutes\" \/>\n<script type=\"application\/ld+json\" class=\"yoast-schema-graph\">{\"@context\":\"https:\/\/schema.org\",\"@graph\":[{\"@type\":\"WebPage\",\"@id\":\"https:\/\/humanitas-net.humweb.webiz.team\/fr\/accreditation-internationale\/\",\"url\":\"https:\/\/humanitas-net.humweb.webiz.team\/fr\/accreditation-internationale\/\",\"name\":\"Accr\u00e9ditation internationale - Humanitas.net\",\"isPartOf\":{\"@id\":\"https:\/\/humanitas-net.humweb.webiz.team\/#website\"},\"datePublished\":\"2025-01-13T02:38:40+00:00\",\"dateModified\":\"2025-01-13T02:38:49+00:00\",\"breadcrumb\":{\"@id\":\"https:\/\/humanitas-net.humweb.webiz.team\/fr\/accreditation-internationale\/#breadcrumb\"},\"inLanguage\":\"fr-FR\",\"potentialAction\":[{\"@type\":\"ReadAction\",\"target\":[\"https:\/\/humanitas-net.humweb.webiz.team\/fr\/accreditation-internationale\/\"]}]},{\"@type\":\"BreadcrumbList\",\"@id\":\"https:\/\/humanitas-net.humweb.webiz.team\/fr\/accreditation-internationale\/#breadcrumb\",\"itemListElement\":[{\"@type\":\"ListItem\",\"position\":1,\"name\":\"Home\",\"item\":\"https:\/\/humanitas-net.humweb.webiz.team\/fr\/\"},{\"@type\":\"ListItem\",\"position\":2,\"name\":\"Accr\u00e9ditation internationale\"}]},{\"@type\":\"WebSite\",\"@id\":\"https:\/\/humanitas-net.humweb.webiz.team\/#website\",\"url\":\"https:\/\/humanitas-net.humweb.webiz.team\/\",\"name\":\"Humanitas.net\",\"description\":\"Humanitas Hospital\",\"publisher\":{\"@id\":\"https:\/\/humanitas-net.humweb.webiz.team\/#organization\"},\"potentialAction\":[{\"@type\":\"SearchAction\",\"target\":{\"@type\":\"EntryPoint\",\"urlTemplate\":\"https:\/\/humanitas-net.humweb.webiz.team\/?s={search_term_string}\"},\"query-input\":{\"@type\":\"PropertyValueSpecification\",\"valueRequired\":true,\"valueName\":\"search_term_string\"}}],\"inLanguage\":\"fr-FR\"},{\"@type\":\"Organization\",\"@id\":\"https:\/\/humanitas-net.humweb.webiz.team\/#organization\",\"name\":\"Humanitas\",\"url\":\"https:\/\/humanitas-net.humweb.webiz.team\/\",\"logo\":{\"@type\":\"ImageObject\",\"inLanguage\":\"fr-FR\",\"@id\":\"https:\/\/humanitas-net.humweb.webiz.team\/#\/schema\/logo\/image\/\",\"url\":\"https:\/\/humanitas-net.humweb.webiz.team\/wp-content\/uploads\/2025\/01\/new-humanitas-logo-1.svg\",\"contentUrl\":\"https:\/\/humanitas-net.humweb.webiz.team\/wp-content\/uploads\/2025\/01\/new-humanitas-logo-1.svg\",\"width\":1,\"height\":1,\"caption\":\"Humanitas\"},\"image\":{\"@id\":\"https:\/\/humanitas-net.humweb.webiz.team\/#\/schema\/logo\/image\/\"},\"sameAs\":[\"https:\/\/www.facebook.com\/HumanitasInternational\/\",\"https:\/\/x.com\/humanitasmilano\"]}]}<\/script>\n<!-- \/ Yoast SEO plugin. -->","yoast_head_json":{"title":"Accr\u00e9ditation internationale - Humanitas.net","robots":{"index":"noindex","follow":"follow","max-snippet":"max-snippet:-1","max-image-preview":"max-image-preview:large","max-video-preview":"max-video-preview:-1"},"og_locale":"fr_FR","og_type":"article","og_title":"Accr\u00e9ditation internationale - Humanitas.net","og_description":"Pour Humanitas, un lien strict entre une prise en charge efficace et une activit\u00e9 clinique de haute qualit\u00e9 est obligatoire. Humanitas a toujours \u00e9t\u00e9 la premi\u00e8re polyclinique en Italie, et parmi les rares en Europe, \u00e0 avoir \u00e9t\u00e9 certifi\u00e9e polyclinique par la Commission conjointe (Joint Commission International). Cette reconnaissance d&#8217;excellence a \u00e9t\u00e9 confirm\u00e9e et renouvel\u00e9e [&hellip;]","og_url":"https:\/\/humanitas-net.humweb.webiz.team\/fr\/accreditation-internationale\/","og_site_name":"Humanitas.net","article_publisher":"https:\/\/www.facebook.com\/HumanitasInternational\/","article_modified_time":"2025-01-13T02:38:49+00:00","twitter_card":"summary_large_image","twitter_site":"@humanitasmilano","twitter_misc":{"Est. reading time":"2 minutes"},"schema":{"@context":"https:\/\/schema.org","@graph":[{"@type":"WebPage","@id":"https:\/\/humanitas-net.humweb.webiz.team\/fr\/accreditation-internationale\/","url":"https:\/\/humanitas-net.humweb.webiz.team\/fr\/accreditation-internationale\/","name":"Accr\u00e9ditation internationale - Humanitas.net","isPartOf":{"@id":"https:\/\/humanitas-net.humweb.webiz.team\/#website"},"datePublished":"2025-01-13T02:38:40+00:00","dateModified":"2025-01-13T02:38:49+00:00","breadcrumb":{"@id":"https:\/\/humanitas-net.humweb.webiz.team\/fr\/accreditation-internationale\/#breadcrumb"},"inLanguage":"fr-FR","potentialAction":[{"@type":"ReadAction","target":["https:\/\/humanitas-net.humweb.webiz.team\/fr\/accreditation-internationale\/"]}]},{"@type":"BreadcrumbList","@id":"https:\/\/humanitas-net.humweb.webiz.team\/fr\/accreditation-internationale\/#breadcrumb","itemListElement":[{"@type":"ListItem","position":1,"name":"Home","item":"https:\/\/humanitas-net.humweb.webiz.team\/fr\/"},{"@type":"ListItem","position":2,"name":"Accr\u00e9ditation internationale"}]},{"@type":"WebSite","@id":"https:\/\/humanitas-net.humweb.webiz.team\/#website","url":"https:\/\/humanitas-net.humweb.webiz.team\/","name":"Humanitas.net","description":"Humanitas Hospital","publisher":{"@id":"https:\/\/humanitas-net.humweb.webiz.team\/#organization"},"potentialAction":[{"@type":"SearchAction","target":{"@type":"EntryPoint","urlTemplate":"https:\/\/humanitas-net.humweb.webiz.team\/?s={search_term_string}"},"query-input":{"@type":"PropertyValueSpecification","valueRequired":true,"valueName":"search_term_string"}}],"inLanguage":"fr-FR"},{"@type":"Organization","@id":"https:\/\/humanitas-net.humweb.webiz.team\/#organization","name":"Humanitas","url":"https:\/\/humanitas-net.humweb.webiz.team\/","logo":{"@type":"ImageObject","inLanguage":"fr-FR","@id":"https:\/\/humanitas-net.humweb.webiz.team\/#\/schema\/logo\/image\/","url":"https:\/\/humanitas-net.humweb.webiz.team\/wp-content\/uploads\/2025\/01\/new-humanitas-logo-1.svg","contentUrl":"https:\/\/humanitas-net.humweb.webiz.team\/wp-content\/uploads\/2025\/01\/new-humanitas-logo-1.svg","width":1,"height":1,"caption":"Humanitas"},"image":{"@id":"https:\/\/humanitas-net.humweb.webiz.team\/#\/schema\/logo\/image\/"},"sameAs":["https:\/\/www.facebook.com\/HumanitasInternational\/","https:\/\/x.com\/humanitasmilano"]}]}},"acf":[],"_links":{"self":[{"href":"https:\/\/humanitas-net.humweb.webiz.team\/fr\/wp-json\/wp\/v2\/pages\/83355","targetHints":{"allow":["GET"]}}],"collection":[{"href":"https:\/\/humanitas-net.humweb.webiz.team\/fr\/wp-json\/wp\/v2\/pages"}],"about":[{"href":"https:\/\/humanitas-net.humweb.webiz.team\/fr\/wp-json\/wp\/v2\/types\/page"}],"author":[{"embeddable":true,"href":"https:\/\/humanitas-net.humweb.webiz.team\/fr\/wp-json\/wp\/v2\/users\/1"}],"replies":[{"embeddable":true,"href":"https:\/\/humanitas-net.humweb.webiz.team\/fr\/wp-json\/wp\/v2\/comments?post=83355"}],"version-history":[{"count":1,"href":"https:\/\/humanitas-net.humweb.webiz.team\/fr\/wp-json\/wp\/v2\/pages\/83355\/revisions"}],"predecessor-version":[{"id":83356,"href":"https:\/\/humanitas-net.humweb.webiz.team\/fr\/wp-json\/wp\/v2\/pages\/83355\/revisions\/83356"}],"wp:attachment":[{"href":"https:\/\/humanitas-net.humweb.webiz.team\/fr\/wp-json\/wp\/v2\/media?parent=83355"}],"curies":[{"name":"wp","href":"https:\/\/api.w.org\/{rel}","templated":true}]}}