{"id":83353,"date":"2025-01-13T02:38:40","date_gmt":"2025-01-13T02:38:40","guid":{"rendered":"http:\/\/humanitasnet-new.local\/universite-humanitas\/"},"modified":"2025-01-13T02:38:49","modified_gmt":"2025-01-13T02:38:49","slug":"universite-humanitas","status":"publish","type":"page","link":"https:\/\/humanitas-net.humweb.webiz.team\/fr\/universite-humanitas\/","title":{"rendered":"Universit\u00e9 Humanitas"},"content":{"rendered":"<p>Humanitas est un h\u00f4pital universitaire : La mission de l&#8217;Universit\u00e9 Humanitas est de former des professionnels de la sant\u00e9 \u00e0 vocation mondiale gr\u00e2ce \u00e0 des m\u00e9thodes d&#8217;enseignement interactives de pointe et \u00e0 une int\u00e9gration \u00e9troite avec sa communaut\u00e9 clinique et de recherche.<\/p>\n<p>Les piliers du projet de l&#8217;Universit\u00e9 Humanitas sont :<\/p>\n<ul>\n<li>Un h\u00e9ritage de plus de 14 ans<\/li>\n<li>Interconnexion \u00e9troite avec les installations hospitali\u00e8res de premier ordre et la recherche de pointe de Humanitas<\/li>\n<li>Une vocation internationale<\/li>\n<li>M\u00e9thodes d&#8217;enseignement interactives \u00e0 la fine pointe de la technologie<\/li>\n<\/ul>\n<p>\u00c0 pleine capacit\u00e9, l&#8217;Universit\u00e9 Humanitas accueillera plus de 700 \u00e9tudiants, dont 100 par an en m\u00e9decine et 40 par an en sciences infirmi\u00e8res. En 2017, un nouveau campus de 20.000 m\u00b2 a \u00e9t\u00e9 ouvert.<\/p>\n","protected":false},"excerpt":{"rendered":"<p>Humanitas est un h\u00f4pital universitaire : La mission de l&#8217;Universit\u00e9 Humanitas est de former des professionnels de la sant\u00e9 \u00e0 vocation mondiale gr\u00e2ce \u00e0 des m\u00e9thodes d&#8217;enseignement interactives de pointe et \u00e0 une int\u00e9gration \u00e9troite avec sa communaut\u00e9 clinique et de recherche. Les piliers du projet de l&#8217;Universit\u00e9 Humanitas sont : Un h\u00e9ritage de plus [&hellip;]<\/p>\n","protected":false},"author":1,"featured_media":0,"parent":0,"menu_order":0,"comment_status":"open","ping_status":"open","template":"","meta":{"_acf_changed":false,"footnotes":""},"class_list":["post-83353","page","type-page","status-publish","hentry"],"yoast_head":"<!-- This site is optimized with the Yoast SEO plugin v24.3 - https:\/\/yoast.com\/wordpress\/plugins\/seo\/ -->\n<title>Universit\u00e9 Humanitas - Humanitas.net<\/title>\n<meta name=\"robots\" content=\"noindex, follow, max-snippet:-1, max-image-preview:large, max-video-preview:-1\" \/>\n<meta property=\"og:locale\" content=\"fr_FR\" \/>\n<meta property=\"og:type\" content=\"article\" \/>\n<meta property=\"og:title\" content=\"Universit\u00e9 Humanitas - Humanitas.net\" \/>\n<meta property=\"og:description\" content=\"Humanitas est un h\u00f4pital universitaire : La mission de l&#8217;Universit\u00e9 Humanitas est de former des professionnels de la sant\u00e9 \u00e0 vocation mondiale gr\u00e2ce \u00e0 des m\u00e9thodes d&#8217;enseignement interactives de pointe et \u00e0 une int\u00e9gration \u00e9troite avec sa communaut\u00e9 clinique et de recherche. Les piliers du projet de l&#8217;Universit\u00e9 Humanitas sont : Un h\u00e9ritage de plus [&hellip;]\" \/>\n<meta property=\"og:url\" content=\"https:\/\/humanitas-net.humweb.webiz.team\/fr\/universite-humanitas\/\" \/>\n<meta property=\"og:site_name\" content=\"Humanitas.net\" \/>\n<meta property=\"article:publisher\" content=\"https:\/\/www.facebook.com\/HumanitasInternational\/\" \/>\n<meta property=\"article:modified_time\" content=\"2025-01-13T02:38:49+00:00\" \/>\n<meta name=\"twitter:card\" content=\"summary_large_image\" \/>\n<meta name=\"twitter:site\" content=\"@humanitasmilano\" \/>\n<meta name=\"twitter:label1\" content=\"Est. reading time\" \/>\n\t<meta name=\"twitter:data1\" content=\"1 minute\" \/>\n<script type=\"application\/ld+json\" class=\"yoast-schema-graph\">{\"@context\":\"https:\/\/schema.org\",\"@graph\":[{\"@type\":\"WebPage\",\"@id\":\"https:\/\/humanitas-net.humweb.webiz.team\/fr\/universite-humanitas\/\",\"url\":\"https:\/\/humanitas-net.humweb.webiz.team\/fr\/universite-humanitas\/\",\"name\":\"Universit\u00e9 Humanitas - Humanitas.net\",\"isPartOf\":{\"@id\":\"https:\/\/humanitas-net.humweb.webiz.team\/#website\"},\"datePublished\":\"2025-01-13T02:38:40+00:00\",\"dateModified\":\"2025-01-13T02:38:49+00:00\",\"breadcrumb\":{\"@id\":\"https:\/\/humanitas-net.humweb.webiz.team\/fr\/universite-humanitas\/#breadcrumb\"},\"inLanguage\":\"fr-FR\",\"potentialAction\":[{\"@type\":\"ReadAction\",\"target\":[\"https:\/\/humanitas-net.humweb.webiz.team\/fr\/universite-humanitas\/\"]}]},{\"@type\":\"BreadcrumbList\",\"@id\":\"https:\/\/humanitas-net.humweb.webiz.team\/fr\/universite-humanitas\/#breadcrumb\",\"itemListElement\":[{\"@type\":\"ListItem\",\"position\":1,\"name\":\"Home\",\"item\":\"https:\/\/humanitas-net.humweb.webiz.team\/fr\/\"},{\"@type\":\"ListItem\",\"position\":2,\"name\":\"Universit\u00e9 Humanitas\"}]},{\"@type\":\"WebSite\",\"@id\":\"https:\/\/humanitas-net.humweb.webiz.team\/#website\",\"url\":\"https:\/\/humanitas-net.humweb.webiz.team\/\",\"name\":\"Humanitas.net\",\"description\":\"Humanitas Hospital\",\"publisher\":{\"@id\":\"https:\/\/humanitas-net.humweb.webiz.team\/#organization\"},\"potentialAction\":[{\"@type\":\"SearchAction\",\"target\":{\"@type\":\"EntryPoint\",\"urlTemplate\":\"https:\/\/humanitas-net.humweb.webiz.team\/?s={search_term_string}\"},\"query-input\":{\"@type\":\"PropertyValueSpecification\",\"valueRequired\":true,\"valueName\":\"search_term_string\"}}],\"inLanguage\":\"fr-FR\"},{\"@type\":\"Organization\",\"@id\":\"https:\/\/humanitas-net.humweb.webiz.team\/#organization\",\"name\":\"Humanitas\",\"url\":\"https:\/\/humanitas-net.humweb.webiz.team\/\",\"logo\":{\"@type\":\"ImageObject\",\"inLanguage\":\"fr-FR\",\"@id\":\"https:\/\/humanitas-net.humweb.webiz.team\/#\/schema\/logo\/image\/\",\"url\":\"https:\/\/humanitas-net.humweb.webiz.team\/wp-content\/uploads\/2025\/01\/new-humanitas-logo-1.svg\",\"contentUrl\":\"https:\/\/humanitas-net.humweb.webiz.team\/wp-content\/uploads\/2025\/01\/new-humanitas-logo-1.svg\",\"width\":1,\"height\":1,\"caption\":\"Humanitas\"},\"image\":{\"@id\":\"https:\/\/humanitas-net.humweb.webiz.team\/#\/schema\/logo\/image\/\"},\"sameAs\":[\"https:\/\/www.facebook.com\/HumanitasInternational\/\",\"https:\/\/x.com\/humanitasmilano\"]}]}<\/script>\n<!-- \/ Yoast SEO plugin. -->","yoast_head_json":{"title":"Universit\u00e9 Humanitas - Humanitas.net","robots":{"index":"noindex","follow":"follow","max-snippet":"max-snippet:-1","max-image-preview":"max-image-preview:large","max-video-preview":"max-video-preview:-1"},"og_locale":"fr_FR","og_type":"article","og_title":"Universit\u00e9 Humanitas - Humanitas.net","og_description":"Humanitas est un h\u00f4pital universitaire : La mission de l&#8217;Universit\u00e9 Humanitas est de former des professionnels de la sant\u00e9 \u00e0 vocation mondiale gr\u00e2ce \u00e0 des m\u00e9thodes d&#8217;enseignement interactives de pointe et \u00e0 une int\u00e9gration \u00e9troite avec sa communaut\u00e9 clinique et de recherche. Les piliers du projet de l&#8217;Universit\u00e9 Humanitas sont : Un h\u00e9ritage de plus [&hellip;]","og_url":"https:\/\/humanitas-net.humweb.webiz.team\/fr\/universite-humanitas\/","og_site_name":"Humanitas.net","article_publisher":"https:\/\/www.facebook.com\/HumanitasInternational\/","article_modified_time":"2025-01-13T02:38:49+00:00","twitter_card":"summary_large_image","twitter_site":"@humanitasmilano","twitter_misc":{"Est. reading time":"1 minute"},"schema":{"@context":"https:\/\/schema.org","@graph":[{"@type":"WebPage","@id":"https:\/\/humanitas-net.humweb.webiz.team\/fr\/universite-humanitas\/","url":"https:\/\/humanitas-net.humweb.webiz.team\/fr\/universite-humanitas\/","name":"Universit\u00e9 Humanitas - Humanitas.net","isPartOf":{"@id":"https:\/\/humanitas-net.humweb.webiz.team\/#website"},"datePublished":"2025-01-13T02:38:40+00:00","dateModified":"2025-01-13T02:38:49+00:00","breadcrumb":{"@id":"https:\/\/humanitas-net.humweb.webiz.team\/fr\/universite-humanitas\/#breadcrumb"},"inLanguage":"fr-FR","potentialAction":[{"@type":"ReadAction","target":["https:\/\/humanitas-net.humweb.webiz.team\/fr\/universite-humanitas\/"]}]},{"@type":"BreadcrumbList","@id":"https:\/\/humanitas-net.humweb.webiz.team\/fr\/universite-humanitas\/#breadcrumb","itemListElement":[{"@type":"ListItem","position":1,"name":"Home","item":"https:\/\/humanitas-net.humweb.webiz.team\/fr\/"},{"@type":"ListItem","position":2,"name":"Universit\u00e9 Humanitas"}]},{"@type":"WebSite","@id":"https:\/\/humanitas-net.humweb.webiz.team\/#website","url":"https:\/\/humanitas-net.humweb.webiz.team\/","name":"Humanitas.net","description":"Humanitas Hospital","publisher":{"@id":"https:\/\/humanitas-net.humweb.webiz.team\/#organization"},"potentialAction":[{"@type":"SearchAction","target":{"@type":"EntryPoint","urlTemplate":"https:\/\/humanitas-net.humweb.webiz.team\/?s={search_term_string}"},"query-input":{"@type":"PropertyValueSpecification","valueRequired":true,"valueName":"search_term_string"}}],"inLanguage":"fr-FR"},{"@type":"Organization","@id":"https:\/\/humanitas-net.humweb.webiz.team\/#organization","name":"Humanitas","url":"https:\/\/humanitas-net.humweb.webiz.team\/","logo":{"@type":"ImageObject","inLanguage":"fr-FR","@id":"https:\/\/humanitas-net.humweb.webiz.team\/#\/schema\/logo\/image\/","url":"https:\/\/humanitas-net.humweb.webiz.team\/wp-content\/uploads\/2025\/01\/new-humanitas-logo-1.svg","contentUrl":"https:\/\/humanitas-net.humweb.webiz.team\/wp-content\/uploads\/2025\/01\/new-humanitas-logo-1.svg","width":1,"height":1,"caption":"Humanitas"},"image":{"@id":"https:\/\/humanitas-net.humweb.webiz.team\/#\/schema\/logo\/image\/"},"sameAs":["https:\/\/www.facebook.com\/HumanitasInternational\/","https:\/\/x.com\/humanitasmilano"]}]}},"acf":[],"_links":{"self":[{"href":"https:\/\/humanitas-net.humweb.webiz.team\/fr\/wp-json\/wp\/v2\/pages\/83353","targetHints":{"allow":["GET"]}}],"collection":[{"href":"https:\/\/humanitas-net.humweb.webiz.team\/fr\/wp-json\/wp\/v2\/pages"}],"about":[{"href":"https:\/\/humanitas-net.humweb.webiz.team\/fr\/wp-json\/wp\/v2\/types\/page"}],"author":[{"embeddable":true,"href":"https:\/\/humanitas-net.humweb.webiz.team\/fr\/wp-json\/wp\/v2\/users\/1"}],"replies":[{"embeddable":true,"href":"https:\/\/humanitas-net.humweb.webiz.team\/fr\/wp-json\/wp\/v2\/comments?post=83353"}],"version-history":[{"count":1,"href":"https:\/\/humanitas-net.humweb.webiz.team\/fr\/wp-json\/wp\/v2\/pages\/83353\/revisions"}],"predecessor-version":[{"id":83354,"href":"https:\/\/humanitas-net.humweb.webiz.team\/fr\/wp-json\/wp\/v2\/pages\/83353\/revisions\/83354"}],"wp:attachment":[{"href":"https:\/\/humanitas-net.humweb.webiz.team\/fr\/wp-json\/wp\/v2\/media?parent=83353"}],"curies":[{"name":"wp","href":"https:\/\/api.w.org\/{rel}","templated":true}]}}